{"id":3957,"date":"2021-01-07T10:53:32","date_gmt":"2021-01-07T09:53:32","guid":{"rendered":"https:\/\/www.bbsabogados.com\/gestio-immobiliaria\/"},"modified":"2026-03-08T20:22:37","modified_gmt":"2026-03-08T19:22:37","slug":"gestio-immobiliaria","status":"publish","type":"page","link":"https:\/\/www.bbsabogados.com\/ca\/gestio-immobiliaria\/","title":{"rendered":"Gesti\u00f3 Immobili\u00e0ria"},"content":{"rendered":"\t\t<div data-elementor-type=\"wp-page\" data-elementor-id=\"3957\" class=\"elementor elementor-3957 elementor-575\" data-elementor-post-type=\"page\">\n\t\t\t\t<div class=\"elementor-element elementor-element-9949187 e-flex e-con-boxed e-con e-parent\" data-id=\"9949187\" data-element_type=\"container\" data-e-type=\"container\">\n\t\t\t\t\t<div class=\"e-con-inner\">\n\t\t<div class=\"elementor-element elementor-element-ea282c1 e-con-full e-flex e-con e-child\" data-id=\"ea282c1\" data-element_type=\"container\" data-e-type=\"container\" data-settings=\"{&quot;background_background&quot;:&quot;classic&quot;}\">\n\t\t\t\t<div class=\"elementor-element elementor-element-3ad7315 elementor-widget elementor-widget-image\" data-id=\"3ad7315\" data-element_type=\"widget\" data-e-type=\"widget\" data-widget_type=\"image.default\">\n\t\t\t\t<div class=\"elementor-widget-container\">\n\t\t\t\t\t\t\t\t\t\t\t\t\t\t\t<img fetchpriority=\"high\" decoding=\"async\" width=\"917\" height=\"297\" src=\"https:\/\/www.bbsabogados.com\/wp-content\/uploads\/2020\/04\/bbs-abogados-especialistas.jpg\" class=\"attachment-full size-full wp-image-296\" alt=\"bbs-abogados-especialistas\" srcset=\"https:\/\/www.bbsabogados.com\/wp-content\/uploads\/2020\/04\/bbs-abogados-especialistas.jpg 917w, https:\/\/www.bbsabogados.com\/wp-content\/uploads\/2020\/04\/bbs-abogados-especialistas-300x97.jpg 300w, https:\/\/www.bbsabogados.com\/wp-content\/uploads\/2020\/04\/bbs-abogados-especialistas-768x249.jpg 768w\" sizes=\"(max-width: 917px) 100vw, 917px\" \/>\t\t\t\t\t\t\t\t\t\t\t\t\t\t\t<\/div>\n\t\t\t\t<\/div>\n\t\t\t\t<div class=\"elementor-element elementor-element-16ee895 elementor-widget elementor-widget-breadcrumbs\" data-id=\"16ee895\" data-element_type=\"widget\" data-e-type=\"widget\" data-widget_type=\"breadcrumbs.default\">\n\t\t\t\t<div class=\"elementor-widget-container\">\n\t\t\t\t\t<p id=\"breadcrumbs\"><span><span><a href=\"https:\/\/www.bbsabogados.com\/ca\/\"><i class=\"fa fa-home\"><\/i><\/a><\/span><\/span><\/p>\t\t\t\t<\/div>\n\t\t\t\t<\/div>\n\t\t<div class=\"elementor-element elementor-element-80fe721 e-con-full e-flex e-con e-child\" data-id=\"80fe721\" data-element_type=\"container\" data-e-type=\"container\">\n\t\t<div class=\"elementor-element elementor-element-bd987de e-con-full e-flex e-con e-child\" data-id=\"bd987de\" data-element_type=\"container\" data-e-type=\"container\">\n\t\t\t\t<div class=\"elementor-element elementor-element-33f5197 elementor-widget elementor-widget-heading\" data-id=\"33f5197\" data-element_type=\"widget\" data-e-type=\"widget\" data-widget_type=\"heading.default\">\n\t\t\t\t<div class=\"elementor-widget-container\">\n\t\t\t\t\t<p class=\"elementor-heading-title elementor-size-default\">\"Creat el 1988 BBS Advocats Associats Assessors Legals i Tributaris est\u00e0 especialitzat en Dret i Gesti\u00f3 Immobili\u00e0ria a Barcelona.\"<\/p>\t\t\t\t<\/div>\n\t\t\t\t<\/div>\n\t\t\t\t<\/div>\n\t\t<div class=\"elementor-element elementor-element-8a4fc23 e-con-full e-flex e-con e-child\" data-id=\"8a4fc23\" data-element_type=\"container\" data-e-type=\"container\">\n\t\t\t\t<div class=\"elementor-element elementor-element-971c3e7 elementor-widget elementor-widget-heading\" data-id=\"971c3e7\" data-element_type=\"widget\" data-e-type=\"widget\" data-widget_type=\"heading.default\">\n\t\t\t\t<div class=\"elementor-widget-container\">\n\t\t\t\t\t<h1 class=\"elementor-heading-title elementor-size-default\">Dret i Gesti\u00f3 Immobili\u00e0ria<\/h1>\t\t\t\t<\/div>\n\t\t\t\t<\/div>\n\t\t\t\t<div class=\"elementor-element elementor-element-eaed6b3 elementor-widget elementor-widget-heading\" data-id=\"eaed6b3\" data-element_type=\"widget\" data-e-type=\"widget\" data-widget_type=\"heading.default\">\n\t\t\t\t<div class=\"elementor-widget-container\">\n\t\t\t\t\t<h2 class=\"elementor-heading-title elementor-size-default\">BBS Advocats: Advocats Especialistes en Dret Immobiliari a Barcelona<\/h2>\t\t\t\t<\/div>\n\t\t\t\t<\/div>\n\t\t\t\t<div class=\"elementor-element elementor-element-4bb6683 elementor-widget elementor-widget-text-editor\" data-id=\"4bb6683\" data-element_type=\"widget\" data-e-type=\"widget\" data-widget_type=\"text-editor.default\">\n\t\t\t\t<div class=\"elementor-widget-container\">\n\t\t\t\t\t\t\t\t\t<div id=\"gestion-immobili\u00e0ria\" class=\"txt_general_b\">\n<p>En el din\u00e0mic i complex m\u00f3n dels actius <strong>immobiliaris<\/strong>, comptar amb la seguretat i l&#8217;experi\u00e8ncia legal \u00e9s fonamental. <br \/>A <strong>BBS Advocats<\/strong>, ens distingim com a <strong>advocats especialistes en Dret Immobiliari a Barcelona<\/strong>, oferint un assessorament jur\u00eddic de m\u00e0xima qualitat i rigor. El nostre equip est\u00e0 compost per <strong>experts<\/strong> en tots els vessants del <strong>dret immobiliari<\/strong>, amb una traject\u00f2ria consolidada en la defensa dels interessos dels nostres clients, tant particulars com empreses, nacionals i estrangers, a <strong>Barcelona<\/strong> ia tot el territori.<\/p>\n<p>La inversi\u00f3 i gesti\u00f3 de propietat. Per aix\u00f2, si busqueu la m\u00e0xima tranquil\u00b7litat i efic\u00e0cia en les vostres operacions, necessiteu <strong>advocats especialistes en Dret Immobiliari a Barcelona<\/strong>. A <strong>BBS Advocats<\/strong>, combinem una dilatada experi\u00e8ncia amb una especialitzaci\u00f3 rigorosa, proporcionant solucions jur\u00eddiques adaptades a cada necessitat espec\u00edfica. Entenem que cada transacci\u00f3 <strong>immobili\u00e0ria<\/strong> \u00e9s \u00fanica i de gran valor econ\u00f2mic, de manera que la protecci\u00f3 jur\u00eddica integral que oferim \u00e9s el nostre principal comprom\u00eds.<\/p>\n<\/div>\n\t\t\t\t\t\t\t\t<\/div>\n\t\t\t\t<\/div>\n\t\t\t\t<div class=\"elementor-element elementor-element-3d4a358 elementor-widget elementor-widget-heading\" data-id=\"3d4a358\" data-element_type=\"widget\" data-e-type=\"widget\" data-widget_type=\"heading.default\">\n\t\t\t\t<div class=\"elementor-widget-container\">\n\t\t\t\t\t<h3 class=\"elementor-heading-title elementor-size-default\">Assessorament Integral en Dret Immobiliari i Transaccions Immobili\u00e0ries<\/h3>\t\t\t\t<\/div>\n\t\t\t\t<\/div>\n\t\t\t\t<div class=\"elementor-element elementor-element-4fcd46a elementor-widget elementor-widget-text-editor\" data-id=\"4fcd46a\" data-element_type=\"widget\" data-e-type=\"widget\" data-widget_type=\"text-editor.default\">\n\t\t\t\t<div class=\"elementor-widget-container\">\n\t\t\t\t\t\t\t\t\t<div id=\"gestion-immobiliaria\" class=\"txt_general_b\">\n<p>Com <strong>advocats especialistes en Dret Immobiliari a Barcelona<\/strong>, la nostra \u00e0rea de pr\u00e0ctica abasta un espectre complet de serveis orientats a garantir la seguretat i l&#8217;\u00e8xit dels seus projectes <strong>immobiliaris<\/strong>. Els nostres <strong>advocats experts<\/strong> us assisteixen des de la fase inicial de qualsevol operaci\u00f3 fins a la seva conclusi\u00f3, incloent-hi la representaci\u00f3 en seu judicial si fos necessari. La complexitat del <strong>dret immobiliari<\/strong> exigeix \u200b\u200bla intervenci\u00f3 de <strong>especialistes<\/strong> que manegin al detall des del Codi Civil fins a la Llei Hipotec\u00e0ria i la legislaci\u00f3 urban\u00edstica.<\/p>\n<\/div>\n\t\t\t\t\t\t\t\t<\/div>\n\t\t\t\t<\/div>\n\t\t\t\t<div class=\"elementor-element elementor-element-2b318e5 elementor-widget elementor-widget-text-editor\" data-id=\"2b318e5\" data-element_type=\"widget\" data-e-type=\"widget\" data-widget_type=\"text-editor.default\">\n\t\t\t\t<div class=\"elementor-widget-container\">\n\t\t\t\t\t\t\t\t\t<div id=\"gestion-immobili\u00e0ria\" class=\"txt_general_b\">\n<h3>Els nostres serveis clau en l&#8217;\u00e0mbit del <strong>dret immobiliari<\/strong> inclouen, de manera no limitativa:<\/h3>\n<\/div>\n\t\t\t\t\t\t\t\t<\/div>\n\t\t\t\t<\/div>\n\t\t\t\t<div class=\"elementor-element elementor-element-3273cc7 elementor-widget elementor-widget-text-editor\" data-id=\"3273cc7\" data-element_type=\"widget\" data-e-type=\"widget\" data-widget_type=\"text-editor.default\">\n\t\t\t\t<div class=\"elementor-widget-container\">\n\t\t\t\t\t\t\t\t\t<div id=\"gestion-immobili\u00e0ria\" class=\"txt_general_b\">\r\n<ul><li><strong>Contractaci\u00f3 Arrendat\u00edcia:<\/strong> Elaboraci\u00f3, revisi\u00f3 i negociaci\u00f3 de <strong>contractes d&#8217;arrendament<\/strong> de <strong>habitatges<\/strong> i <strong>locals<\/strong> de negoci. Assessorament complet per assegurar el compliment normatiu i protegir els seus drets com a arrendador o arrendatari.<\/li> \r\n<li><strong>Litigis d&#8217;Arrendaments (Dessahis i Resoluci\u00f3 Contractual):<\/strong> Intervenci\u00f3 en processos judicials de <strong>desnonament<\/strong> per impagament, expiraci\u00f3 del termini, i <strong>resoluci\u00f3 contractual<\/strong> per diverses causes com a necessitat de la propietat, realitzaci\u00f3 d&#8217;obres no consentides, subscripci\u00f3 autoritzada de tercers.<\/li> \r\n<li><strong>Operacions de Compravenda Immobili\u00e0ria:<\/strong> Assist\u00e8ncia legal en la formalitzaci\u00f3 de <strong>contractes de compravenda immobili\u00e0ria<\/strong>, incloent la redacci\u00f3 de <strong>documents de paga i senyal, reserves, precontractes i compromisos immobiliaris<\/strong>. Gesti\u00f3 dels diferents tipus de <strong>arres<\/strong>: penals, penitencials i confirmat\u00f2ries, garantint la correcta execuci\u00f3 de l&#8217;operaci\u00f3.<\/li> \r\n<li><strong>Adquisici\u00f3 d&#8217;Immobles Especials:<\/strong> Assessorament a <strong>compravenda sobre pla<\/strong>, <strong>contractes d&#8217;arrendament amb opci\u00f3 de compra<\/strong>, i operacions de <strong>compra d&#8217;habitatges i locals per estrangers<\/strong> a <strong>Barcelona<\/strong>. \r\n<li><strong>Dret de la Construcci\u00f3 i Garanties:<\/strong> Redacci\u00f3 i negociaci\u00f3 de <strong>contractes d&#8217;obra<\/strong> i an\u00e0lisi de <strong>garanties en la construcci\u00f3<\/strong>. Tractament especialitzat de l&#8217;<strong>incompliment contractual en l&#8217;\u00e0mbit immobiliari i constructiu<\/strong>, abastant la reclamaci\u00f3 per <strong>vicis ocults<\/strong>, <strong>defectes constructius<\/strong>, d\u00e8ficits de qualitat o lliurament de cosa diferent de la pactada.<\/li> \r\n<li><strong>Estructuraci\u00f3 i transmissi\u00f3 patrimonial:<\/strong> Planificaci\u00f3 i formalitzaci\u00f3 de <strong>donacions i cessions gratu\u00eftes d&#8217;actius immobiliaris<\/strong>. Gesti\u00f3 de <strong>permutes immobili\u00e0ries<\/strong>, com ara la cessi\u00f3 d&#8217;una finca a canvi d&#8217;un aprofitament o construcci\u00f3 futura.<\/li> \r\n<li><strong>Fiscalitat Immobili\u00e0ria i Gesti\u00f3 de Patrimonis:<\/strong> Assessorament en la correcta liquidaci\u00f3 d&#8217;impostos associats a les transaccions <strong>immobili\u00e0ries<\/strong>. Intervenci\u00f3 en processos de <strong>dissoluci\u00f3 de condomini<\/strong> i gesti\u00f3 integral de patrimonis <strong>immobiliaris<\/strong>.<\/li>\r\n<\/ul>\r\n<\/div>\t\t\t\t\t\t\t\t<\/div>\n\t\t\t\t<\/div>\n\t\t\t\t<div class=\"elementor-element elementor-element-7482b96 elementor-widget elementor-widget-text-editor\" data-id=\"7482b96\" data-element_type=\"widget\" data-e-type=\"widget\" data-widget_type=\"text-editor.default\">\n\t\t\t\t<div class=\"elementor-widget-container\">\n\t\t\t\t\t\t\t\t\t<p>La nostra missi\u00f3 com <strong>advocats<\/strong> \u00e9s dotar-vos de la m\u00e0xima seguretat jur\u00eddica, minimitzant riscos i optimitzant les vostres operacions <strong>immobili\u00e0ries<\/strong>. L&#8217;experi\u00e8ncia dels nostres <strong>experts<\/strong> a <strong>Barcelona<\/strong> us assegura una defensa s\u00f2lida i un assessorament preventiu d&#8217;alt nivell. Si els vostres interessos es troben al <strong>dret immobiliari<\/strong>, confieu en <strong>BBS Advocats<\/strong>.<\/p>\n<p><strong>Necessita un advocat expert en dret immobiliari a Barcelona?<\/strong> A <strong>BBS Advocats<\/strong>, estem preparats per atendre requereix.<\/p>\n\t\t\t\t\t\t\t\t<\/div>\n\t\t\t\t<\/div>\n\t\t\t\t<div class=\"elementor-element elementor-element-0767e2f elementor-widget elementor-widget-heading\" data-id=\"0767e2f\" data-element_type=\"widget\" data-e-type=\"widget\" data-widget_type=\"heading.default\">\n\t\t\t\t<div class=\"elementor-widget-container\">\n\t\t\t\t\t<h3 class=\"elementor-heading-title elementor-size-default\">novetats<\/h3>\t\t\t\t<\/div>\n\t\t\t\t<\/div>\n\t\t\t\t<\/div>\n\t\t\t\t<\/div>\n\t\t\t\t<\/div>\n\t\t\t\t\t<\/div>\n\t\t\t\t<\/div>\n\t\t\t\t<\/div>\n\t\t","protected":false},"excerpt":{"rendered":"<p>&#8220;Creat el 1988 BBS Advocats Associats Assessors Legals i Tributaris est\u00e0 especialitzat en Dret i Gesti\u00f3 Immobili\u00e0ria a Barcelona.&#8221; Dret i Gesti\u00f3 Immobili\u00e0ria BBS Advocats: Advocats Especialistes en Dret Immobiliari a Barcelona En el din\u00e0mic i complex m\u00f3n dels actius immobiliaris, comptar amb la seguretat i l&#8217;experi\u00e8ncia legal \u00e9s fonamental. A BBS Advocats, ens distingim [&hellip;]<\/p>\n","protected":false},"author":2,"featured_media":2329,"parent":0,"menu_order":0,"comment_status":"closed","ping_status":"closed","template":"","meta":{"_acf_changed":false,"_monsterinsights_skip_tracking":false,"_monsterinsights_sitenote_active":false,"_monsterinsights_sitenote_note":"","_monsterinsights_sitenote_category":0,"footnotes":""},"class_list":["post-3957","page","type-page","status-publish","has-post-thumbnail","hentry"],"acf":[],"yoast_head":"<!-- This site is optimized with the Yoast SEO plugin v27.2 - https:\/\/yoast.com\/product\/yoast-seo-wordpress\/ -->\n<title>Gesti\u00f3 Immobili\u00e0ria - Despacho BBS Abogados<\/title>\n<meta name=\"description\" content=\"Comptar amb un equip especialitzat que us assessori en la gesti\u00f3 immobili\u00e0ria \u00e9s la pe\u00e7a clau perqu\u00e8 les inversions patrimonials i immobili\u00e0ries.\" \/>\n<meta name=\"robots\" content=\"index, follow, max-snippet:-1, max-image-preview:large, max-video-preview:-1\" \/>\n<link rel=\"canonical\" href=\"https:\/\/www.bbsabogados.com\/ca\/gestio-immobiliaria\/\" \/>\n<meta property=\"og:locale\" content=\"ca_ES\" \/>\n<meta property=\"og:type\" content=\"article\" \/>\n<meta property=\"og:title\" content=\"Gesti\u00f3 Immobili\u00e0ria - Despacho BBS Abogados\" \/>\n<meta property=\"og:description\" content=\"Comptar amb un equip especialitzat que us assessori en la gesti\u00f3 immobili\u00e0ria \u00e9s la pe\u00e7a clau perqu\u00e8 les inversions patrimonials i immobili\u00e0ries.\" \/>\n<meta property=\"og:url\" content=\"https:\/\/www.bbsabogados.com\/ca\/gestio-immobiliaria\/\" \/>\n<meta property=\"og:site_name\" content=\"Despacho BBS Abogados\" \/>\n<meta property=\"article:publisher\" content=\"https:\/\/www.linkedin.com\/in\/arcadi-sala-planell-bbs-abogados-29a37516\/\" \/>\n<meta property=\"article:modified_time\" content=\"2026-03-08T19:22:37+00:00\" \/>\n<meta property=\"og:image\" content=\"https:\/\/www.bbsabogados.com\/wp-content\/uploads\/2020\/06\/general_blogs3.jpg\" \/>\n\t<meta property=\"og:image:width\" content=\"450\" \/>\n\t<meta property=\"og:image:height\" content=\"300\" \/>\n\t<meta property=\"og:image:type\" content=\"image\/jpeg\" \/>\n<meta name=\"twitter:card\" content=\"summary_large_image\" \/>\n<meta name=\"twitter:site\" content=\"@bbsabogados\" \/>\n<meta name=\"twitter:label1\" content=\"Temps estimat de lectura\" \/>\n\t<meta name=\"twitter:data1\" content=\"3 minuts\" \/>\n<script type=\"application\/ld+json\" class=\"yoast-schema-graph\">{\"@context\":\"https:\/\/schema.org\",\"@graph\":[{\"@type\":\"WebPage\",\"@id\":\"https:\/\/www.bbsabogados.com\/ca\/gestio-immobiliaria\/\",\"url\":\"https:\/\/www.bbsabogados.com\/ca\/gestio-immobiliaria\/\",\"name\":\"Gesti\u00f3 Immobili\u00e0ria - Despacho BBS Abogados\",\"isPartOf\":{\"@id\":\"https:\/\/www.bbsabogados.com\/ca\/#website\"},\"primaryImageOfPage\":{\"@id\":\"https:\/\/www.bbsabogados.com\/ca\/gestio-immobiliaria\/#primaryimage\"},\"image\":{\"@id\":\"https:\/\/www.bbsabogados.com\/ca\/gestio-immobiliaria\/#primaryimage\"},\"thumbnailUrl\":\"https:\/\/www.bbsabogados.com\/wp-content\/uploads\/2020\/06\/general_blogs3.jpg\",\"datePublished\":\"2021-01-07T09:53:32+00:00\",\"dateModified\":\"2026-03-08T19:22:37+00:00\",\"description\":\"Comptar amb un equip especialitzat que us assessori en la gesti\u00f3 immobili\u00e0ria \u00e9s la pe\u00e7a clau perqu\u00e8 les inversions patrimonials i immobili\u00e0ries.\",\"breadcrumb\":{\"@id\":\"https:\/\/www.bbsabogados.com\/ca\/gestio-immobiliaria\/#breadcrumb\"},\"inLanguage\":\"ca\",\"potentialAction\":[{\"@type\":\"ReadAction\",\"target\":[\"https:\/\/www.bbsabogados.com\/ca\/gestio-immobiliaria\/\"]}]},{\"@type\":\"ImageObject\",\"inLanguage\":\"ca\",\"@id\":\"https:\/\/www.bbsabogados.com\/ca\/gestio-immobiliaria\/#primaryimage\",\"url\":\"https:\/\/www.bbsabogados.com\/wp-content\/uploads\/2020\/06\/general_blogs3.jpg\",\"contentUrl\":\"https:\/\/www.bbsabogados.com\/wp-content\/uploads\/2020\/06\/general_blogs3.jpg\",\"width\":450,\"height\":300,\"caption\":\"bbs abogados\"},{\"@type\":\"BreadcrumbList\",\"@id\":\"https:\/\/www.bbsabogados.com\/ca\/gestio-immobiliaria\/#breadcrumb\",\"itemListElement\":[{\"@type\":\"ListItem\",\"position\":1,\"name\":\"Inicio\",\"item\":\"https:\/\/www.bbsabogados.com\/ca\/\"},{\"@type\":\"ListItem\",\"position\":2,\"name\":\"Gesti\u00f3 Immobili\u00e0ria\"}]},{\"@type\":\"WebSite\",\"@id\":\"https:\/\/www.bbsabogados.com\/ca\/#website\",\"url\":\"https:\/\/www.bbsabogados.com\/ca\/\",\"name\":\"BBS Abogados\",\"description\":\"Expertos en Derecho Bancario y Financiero\",\"publisher\":{\"@id\":\"https:\/\/www.bbsabogados.com\/ca\/#organization\"},\"potentialAction\":[{\"@type\":\"SearchAction\",\"target\":{\"@type\":\"EntryPoint\",\"urlTemplate\":\"https:\/\/www.bbsabogados.com\/ca\/?s={search_term_string}\"},\"query-input\":{\"@type\":\"PropertyValueSpecification\",\"valueRequired\":true,\"valueName\":\"search_term_string\"}}],\"inLanguage\":\"ca\"},{\"@type\":\"Organization\",\"@id\":\"https:\/\/www.bbsabogados.com\/ca\/#organization\",\"name\":\"BBS Abogados\",\"url\":\"https:\/\/www.bbsabogados.com\/ca\/\",\"logo\":{\"@type\":\"ImageObject\",\"inLanguage\":\"ca\",\"@id\":\"https:\/\/www.bbsabogados.com\/ca\/#\/schema\/logo\/image\/\",\"url\":\"https:\/\/www.bbsabogados.com\/wp-content\/uploads\/2020\/02\/LOGO_Abogados_BBS.png\",\"contentUrl\":\"https:\/\/www.bbsabogados.com\/wp-content\/uploads\/2020\/02\/LOGO_Abogados_BBS.png\",\"width\":130,\"height\":83,\"caption\":\"BBS Abogados\"},\"image\":{\"@id\":\"https:\/\/www.bbsabogados.com\/ca\/#\/schema\/logo\/image\/\"},\"sameAs\":[\"https:\/\/www.linkedin.com\/in\/arcadi-sala-planell-bbs-abogados-29a37516\/\",\"https:\/\/x.com\/bbsabogados\",\"https:\/\/www.facebook.com\/pages\/BBS-Abogados-y-Asesores-Financieros\/161040880606162\",\"https:\/\/www.instagram.com\/bbsabogados\/\"]}]}<\/script>\n<!-- \/ Yoast SEO plugin. -->","yoast_head_json":{"title":"Gesti\u00f3 Immobili\u00e0ria - Despacho BBS Abogados","description":"Comptar amb un equip especialitzat que us assessori en la gesti\u00f3 immobili\u00e0ria \u00e9s la pe\u00e7a clau perqu\u00e8 les inversions patrimonials i immobili\u00e0ries.","robots":{"index":"index","follow":"follow","max-snippet":"max-snippet:-1","max-image-preview":"max-image-preview:large","max-video-preview":"max-video-preview:-1"},"canonical":"https:\/\/www.bbsabogados.com\/ca\/gestio-immobiliaria\/","og_locale":"ca_ES","og_type":"article","og_title":"Gesti\u00f3 Immobili\u00e0ria - Despacho BBS Abogados","og_description":"Comptar amb un equip especialitzat que us assessori en la gesti\u00f3 immobili\u00e0ria \u00e9s la pe\u00e7a clau perqu\u00e8 les inversions patrimonials i immobili\u00e0ries.","og_url":"https:\/\/www.bbsabogados.com\/ca\/gestio-immobiliaria\/","og_site_name":"Despacho BBS Abogados","article_publisher":"https:\/\/www.linkedin.com\/in\/arcadi-sala-planell-bbs-abogados-29a37516\/","article_modified_time":"2026-03-08T19:22:37+00:00","og_image":[{"width":450,"height":300,"url":"https:\/\/www.bbsabogados.com\/wp-content\/uploads\/2020\/06\/general_blogs3.jpg","type":"image\/jpeg"}],"twitter_card":"summary_large_image","twitter_site":"@bbsabogados","twitter_misc":{"Temps estimat de lectura":"3 minuts"},"schema":{"@context":"https:\/\/schema.org","@graph":[{"@type":"WebPage","@id":"https:\/\/www.bbsabogados.com\/ca\/gestio-immobiliaria\/","url":"https:\/\/www.bbsabogados.com\/ca\/gestio-immobiliaria\/","name":"Gesti\u00f3 Immobili\u00e0ria - Despacho BBS Abogados","isPartOf":{"@id":"https:\/\/www.bbsabogados.com\/ca\/#website"},"primaryImageOfPage":{"@id":"https:\/\/www.bbsabogados.com\/ca\/gestio-immobiliaria\/#primaryimage"},"image":{"@id":"https:\/\/www.bbsabogados.com\/ca\/gestio-immobiliaria\/#primaryimage"},"thumbnailUrl":"https:\/\/www.bbsabogados.com\/wp-content\/uploads\/2020\/06\/general_blogs3.jpg","datePublished":"2021-01-07T09:53:32+00:00","dateModified":"2026-03-08T19:22:37+00:00","description":"Comptar amb un equip especialitzat que us assessori en la gesti\u00f3 immobili\u00e0ria \u00e9s la pe\u00e7a clau perqu\u00e8 les inversions patrimonials i immobili\u00e0ries.","breadcrumb":{"@id":"https:\/\/www.bbsabogados.com\/ca\/gestio-immobiliaria\/#breadcrumb"},"inLanguage":"ca","potentialAction":[{"@type":"ReadAction","target":["https:\/\/www.bbsabogados.com\/ca\/gestio-immobiliaria\/"]}]},{"@type":"ImageObject","inLanguage":"ca","@id":"https:\/\/www.bbsabogados.com\/ca\/gestio-immobiliaria\/#primaryimage","url":"https:\/\/www.bbsabogados.com\/wp-content\/uploads\/2020\/06\/general_blogs3.jpg","contentUrl":"https:\/\/www.bbsabogados.com\/wp-content\/uploads\/2020\/06\/general_blogs3.jpg","width":450,"height":300,"caption":"bbs abogados"},{"@type":"BreadcrumbList","@id":"https:\/\/www.bbsabogados.com\/ca\/gestio-immobiliaria\/#breadcrumb","itemListElement":[{"@type":"ListItem","position":1,"name":"Inicio","item":"https:\/\/www.bbsabogados.com\/ca\/"},{"@type":"ListItem","position":2,"name":"Gesti\u00f3 Immobili\u00e0ria"}]},{"@type":"WebSite","@id":"https:\/\/www.bbsabogados.com\/ca\/#website","url":"https:\/\/www.bbsabogados.com\/ca\/","name":"BBS Abogados","description":"Expertos en Derecho Bancario y Financiero","publisher":{"@id":"https:\/\/www.bbsabogados.com\/ca\/#organization"},"potentialAction":[{"@type":"SearchAction","target":{"@type":"EntryPoint","urlTemplate":"https:\/\/www.bbsabogados.com\/ca\/?s={search_term_string}"},"query-input":{"@type":"PropertyValueSpecification","valueRequired":true,"valueName":"search_term_string"}}],"inLanguage":"ca"},{"@type":"Organization","@id":"https:\/\/www.bbsabogados.com\/ca\/#organization","name":"BBS Abogados","url":"https:\/\/www.bbsabogados.com\/ca\/","logo":{"@type":"ImageObject","inLanguage":"ca","@id":"https:\/\/www.bbsabogados.com\/ca\/#\/schema\/logo\/image\/","url":"https:\/\/www.bbsabogados.com\/wp-content\/uploads\/2020\/02\/LOGO_Abogados_BBS.png","contentUrl":"https:\/\/www.bbsabogados.com\/wp-content\/uploads\/2020\/02\/LOGO_Abogados_BBS.png","width":130,"height":83,"caption":"BBS Abogados"},"image":{"@id":"https:\/\/www.bbsabogados.com\/ca\/#\/schema\/logo\/image\/"},"sameAs":["https:\/\/www.linkedin.com\/in\/arcadi-sala-planell-bbs-abogados-29a37516\/","https:\/\/x.com\/bbsabogados","https:\/\/www.facebook.com\/pages\/BBS-Abogados-y-Asesores-Financieros\/161040880606162","https:\/\/www.instagram.com\/bbsabogados\/"]}]}},"_links":{"self":[{"href":"https:\/\/www.bbsabogados.com\/ca\/wp-json\/wp\/v2\/pages\/3957","targetHints":{"allow":["GET"]}}],"collection":[{"href":"https:\/\/www.bbsabogados.com\/ca\/wp-json\/wp\/v2\/pages"}],"about":[{"href":"https:\/\/www.bbsabogados.com\/ca\/wp-json\/wp\/v2\/types\/page"}],"author":[{"embeddable":true,"href":"https:\/\/www.bbsabogados.com\/ca\/wp-json\/wp\/v2\/users\/2"}],"replies":[{"embeddable":true,"href":"https:\/\/www.bbsabogados.com\/ca\/wp-json\/wp\/v2\/comments?post=3957"}],"version-history":[{"count":2,"href":"https:\/\/www.bbsabogados.com\/ca\/wp-json\/wp\/v2\/pages\/3957\/revisions"}],"predecessor-version":[{"id":15255,"href":"https:\/\/www.bbsabogados.com\/ca\/wp-json\/wp\/v2\/pages\/3957\/revisions\/15255"}],"wp:featuredmedia":[{"embeddable":true,"href":"https:\/\/www.bbsabogados.com\/ca\/wp-json\/wp\/v2\/media\/2329"}],"wp:attachment":[{"href":"https:\/\/www.bbsabogados.com\/ca\/wp-json\/wp\/v2\/media?parent=3957"}],"curies":[{"name":"wp","href":"https:\/\/api.w.org\/{rel}","templated":true}]}}