{"id":3967,"date":"2021-01-07T10:59:31","date_gmt":"2021-01-07T09:59:31","guid":{"rendered":"https:\/\/www.bbsabogados.com\/noves-tecnologies\/"},"modified":"2021-03-17T08:35:43","modified_gmt":"2021-03-17T07:35:43","slug":"noves-tecnologies","status":"publish","type":"page","link":"https:\/\/www.bbsabogados.com\/ca\/noves-tecnologies\/","title":{"rendered":"Noves Tecnologies"},"content":{"rendered":"\t\t<div data-elementor-type=\"wp-page\" data-elementor-id=\"3967\" class=\"elementor elementor-3967 elementor-584\" data-elementor-post-type=\"page\">\n\t\t\t\t\t\t<section class=\"elementor-section elementor-top-section elementor-element elementor-element-4f3f785c elementor-section-boxed elementor-section-height-default elementor-section-height-default\" data-id=\"4f3f785c\" data-element_type=\"section\" data-e-type=\"section\">\n\t\t\t\t\t\t<div class=\"elementor-container elementor-column-gap-no\">\n\t\t\t\t\t<div class=\"elementor-column elementor-col-100 elementor-top-column elementor-element elementor-element-7b53aaca\" data-id=\"7b53aaca\" data-element_type=\"column\" data-e-type=\"column\" data-settings=\"{&quot;background_background&quot;:&quot;classic&quot;}\">\n\t\t\t<div class=\"elementor-widget-wrap elementor-element-populated\">\n\t\t\t\t\t\t<section class=\"elementor-section elementor-inner-section elementor-element elementor-element-7eccfe55 elementor-section-boxed elementor-section-height-default elementor-section-height-default\" data-id=\"7eccfe55\" data-element_type=\"section\" data-e-type=\"section\">\n\t\t\t\t\t\t<div class=\"elementor-container elementor-column-gap-default\">\n\t\t\t\t\t<div class=\"elementor-column elementor-col-100 elementor-inner-column elementor-element elementor-element-621cf69b\" data-id=\"621cf69b\" data-element_type=\"column\" data-e-type=\"column\">\n\t\t\t<div class=\"elementor-widget-wrap elementor-element-populated\">\n\t\t\t\t\t\t<div class=\"elementor-element elementor-element-304a77df elementor-widget elementor-widget-image\" data-id=\"304a77df\" data-element_type=\"widget\" data-e-type=\"widget\" data-widget_type=\"image.default\">\n\t\t\t\t<div class=\"elementor-widget-container\">\n\t\t\t\t\t\t\t\t\t\t\t\t\t\t\t<img fetchpriority=\"high\" decoding=\"async\" width=\"917\" height=\"297\" src=\"https:\/\/www.bbsabogados.com\/wp-content\/uploads\/2020\/04\/bbs-abogados-especialistas.jpg\" class=\"attachment-full size-full wp-image-296\" alt=\"bbs-abogados-especialistas\" srcset=\"https:\/\/www.bbsabogados.com\/wp-content\/uploads\/2020\/04\/bbs-abogados-especialistas.jpg 917w, https:\/\/www.bbsabogados.com\/wp-content\/uploads\/2020\/04\/bbs-abogados-especialistas-300x97.jpg 300w, https:\/\/www.bbsabogados.com\/wp-content\/uploads\/2020\/04\/bbs-abogados-especialistas-768x249.jpg 768w\" sizes=\"(max-width: 917px) 100vw, 917px\" \/>\t\t\t\t\t\t\t\t\t\t\t\t\t\t\t<\/div>\n\t\t\t\t<\/div>\n\t\t\t\t<div class=\"elementor-element elementor-element-3fa4f932 elementor-widget elementor-widget-breadcrumbs\" data-id=\"3fa4f932\" data-element_type=\"widget\" data-e-type=\"widget\" data-widget_type=\"breadcrumbs.default\">\n\t\t\t\t<div class=\"elementor-widget-container\">\n\t\t\t\t\t<p id=\"breadcrumbs\"><span><span><a href=\"https:\/\/www.bbsabogados.com\/ca\/\"><i class=\"fa fa-home\"><\/i><\/a><\/span><\/span><\/p>\t\t\t\t<\/div>\n\t\t\t\t<\/div>\n\t\t\t\t\t<\/div>\n\t\t<\/div>\n\t\t\t\t\t<\/div>\n\t\t<\/section>\n\t\t\t\t<section class=\"elementor-section elementor-inner-section elementor-element elementor-element-422b3709 elementor-reverse-mobile elementor-section-boxed elementor-section-height-default elementor-section-height-default\" data-id=\"422b3709\" data-element_type=\"section\" data-e-type=\"section\">\n\t\t\t\t\t\t<div class=\"elementor-container elementor-column-gap-extended\">\n\t\t\t\t\t<div class=\"elementor-column elementor-col-50 elementor-inner-column elementor-element elementor-element-7550fa12\" data-id=\"7550fa12\" data-element_type=\"column\" data-e-type=\"column\">\n\t\t\t<div class=\"elementor-widget-wrap elementor-element-populated\">\n\t\t\t\t\t\t<div class=\"elementor-element elementor-element-c8fe9c4 elementor-widget elementor-widget-heading\" data-id=\"c8fe9c4\" data-element_type=\"widget\" data-e-type=\"widget\" data-widget_type=\"heading.default\">\n\t\t\t\t<div class=\"elementor-widget-container\">\n\t\t\t\t\t<h4 class=\"elementor-heading-title elementor-size-default\">\"Creat el 1988, BBS Advocats Associats Assessors Legals i Tributaris est\u00e0 especialitzat en tots els camps que componen el dret de l'empresa.\"<\/h4>\t\t\t\t<\/div>\n\t\t\t\t<\/div>\n\t\t\t\t<div class=\"elementor-element elementor-element-3685bad elementor-widget elementor-widget-image\" data-id=\"3685bad\" data-element_type=\"widget\" data-e-type=\"widget\" data-widget_type=\"image.default\">\n\t\t\t\t<div class=\"elementor-widget-container\">\n\t\t\t\t\t\t\t\t\t\t\t\t\t\t\t<img decoding=\"async\" width=\"450\" height=\"300\" src=\"https:\/\/www.bbsabogados.com\/wp-content\/uploads\/2020\/06\/simulat_blog.jpg\" class=\"attachment-large size-large wp-image-2309\" alt=\"bbs advocats experts en dret bancari i finacer\" srcset=\"https:\/\/www.bbsabogados.com\/wp-content\/uploads\/2020\/06\/simulat_blog.jpg 450w, https:\/\/www.bbsabogados.com\/wp-content\/uploads\/2020\/06\/simulat_blog-300x200.jpg 300w\" sizes=\"(max-width: 450px) 100vw, 450px\" \/>\t\t\t\t\t\t\t\t\t\t\t\t\t\t\t<\/div>\n\t\t\t\t<\/div>\n\t\t\t\t\t<\/div>\n\t\t<\/div>\n\t\t\t\t<div class=\"elementor-column elementor-col-50 elementor-inner-column elementor-element elementor-element-775513a8\" data-id=\"775513a8\" data-element_type=\"column\" data-e-type=\"column\">\n\t\t\t<div class=\"elementor-widget-wrap elementor-element-populated\">\n\t\t\t\t\t\t<div class=\"elementor-element elementor-element-53938f2c elementor-widget elementor-widget-heading\" data-id=\"53938f2c\" data-element_type=\"widget\" data-e-type=\"widget\" data-widget_type=\"heading.default\">\n\t\t\t\t<div class=\"elementor-widget-container\">\n\t\t\t\t\t<h1 class=\"elementor-heading-title elementor-size-default\">Noves Tecnologies<\/h1>\t\t\t\t<\/div>\n\t\t\t\t<\/div>\n\t\t\t\t<div class=\"elementor-element elementor-element-d187cd5 elementor-widget elementor-widget-heading\" data-id=\"d187cd5\" data-element_type=\"widget\" data-e-type=\"widget\" data-widget_type=\"heading.default\">\n\t\t\t\t<div class=\"elementor-widget-container\">\n\t\t\t\t\t<h2 class=\"elementor-heading-title elementor-size-default\">Des BBS advocats oferim als nostres clients l'acompanyament i assessorament que necessitin en les seg\u00fcents mat\u00e8ries de l'\u00e0mbit de el dret de les Noves Tecnologies<\/h2>\t\t\t\t<\/div>\n\t\t\t\t<\/div>\n\t\t\t\t<div class=\"elementor-element elementor-element-60c4eb8 elementor-widget elementor-widget-text-editor\" data-id=\"60c4eb8\" data-element_type=\"widget\" data-e-type=\"widget\" data-widget_type=\"text-editor.default\">\n\t\t\t\t<div class=\"elementor-widget-container\">\n\t\t\t\t\t\t\t\t\t<p>L&#8217;avan\u00e7 de les noves tecnologies cap a l&#8217;era digital. L&#8217;ampli \u00fas d&#8217;internet, la contractaci\u00f3 inform\u00e0tica, les noves formes de comunicaci\u00f3 i la necess\u00e0ria protecci\u00f3 de la propietat industrial i intel\u00b7lectual. Fan necessari a les empreses aut\u00f2noms i particulars, assessorar-se en mat\u00e8ria de dret digital i tecnol\u00f2gic.<\/p>\n\t\t\t\t\t\t\t\t<\/div>\n\t\t\t\t<\/div>\n\t\t\t\t<div class=\"elementor-element elementor-element-4653043 elementor-widget elementor-widget-text-editor\" data-id=\"4653043\" data-element_type=\"widget\" data-e-type=\"widget\" data-widget_type=\"text-editor.default\">\n\t\t\t\t<div class=\"elementor-widget-container\">\n\t\t\t\t\t\t\t\t\t<p><strong>BBS Advocats<\/strong> disposa d&#8217;un equip especialitzat en dret de noves tecnologies, per assessorar i acompanyar els nostres clients en les seg\u00fcents mat\u00e8ries:<\/p>\n\t\t\t\t\t\t\t\t<\/div>\n\t\t\t\t<\/div>\n\t\t\t\t<div class=\"elementor-element elementor-element-3f521c63 elementor-widget elementor-widget-text-editor\" data-id=\"3f521c63\" data-element_type=\"widget\" data-e-type=\"widget\" data-widget_type=\"text-editor.default\">\n\t\t\t\t<div class=\"elementor-widget-container\">\n\t\t\t\t\t\t\t\t\t<ul>\n<li>Propietat Intel\u00b7lectual<\/li>\n<li>Contractaci\u00f3 en l\u00ednia i comer\u00e7 electr\u00f2nic<\/li>\n<li>Protecci\u00f3 de dades<\/li>\n<li>Dret de l&#8217;oblit<\/li>\n<li>Assessorament en mat\u00e8ria de Llei de Serveis de la Societat de la Informaci\u00f3 (LSSI)<\/li>\n<li>Marques, noms comercials, patents, dissenys industrials.<\/li>\n<li>Compet\u00e8ncia deslleial i apropiaci\u00f3 d&#8217;informaci\u00f3.<\/li>\n<li>Acords de confidencialitat.<\/li>\n<li>Drets d&#8217;imatge i d&#8217;autor<\/li>\n<li>Ciberseguretat<\/li>\n<li>Delictes inform\u00e0tics<\/li>\n<\/ul>\n\t\t\t\t\t\t\t\t<\/div>\n\t\t\t\t<\/div>\n\t\t\t\t<div class=\"elementor-element elementor-element-dfd29a3 elementor-widget elementor-widget-text-editor\" data-id=\"dfd29a3\" data-element_type=\"widget\" data-e-type=\"widget\" data-widget_type=\"text-editor.default\">\n\t\t\t\t<div class=\"elementor-widget-container\">\n\t\t\t\t\t\t\t\t\t<div class=\"QmZWSe\">\n<div class=\"DHcWmd\">\n<div id=\"tw-target\">\n<div id=\"kAz1tf\" class=\"g9WsWb\">\n<div id=\"tw-target-text-container\" class=\"tw-ta-container hide-focus-ring tw-nfl\" tabindex=\"0\">\n<pre id=\"tw-target-text\" class=\"tw-data-text tw-text-large XcVN5d tw-ta\" dir=\"ltr\" data-placeholder=\"Traducci\u00f3n\"><span lang=\"ca\">Pot contactar amb nosaltres escrivint-nos <\/span>a <a href=\"mailto:bbsabogados@bbsabogados.com\">bbsabogados@bbsabogados.com<\/a>, amb el nostre formulari  <a href=\"https:\/\/www.bbsabogados.com\/ca\/oficines\/\">contacte<\/a> o trucant al 93 760 53 77 o enviant un <a href=\"https:\/\/wa.me\/34619255875\">WhatsApp<\/a> .<\/pre>\n<\/div>\n<\/div>\n<\/div>\n<\/div>\n<\/div>\n\t\t\t\t\t\t\t\t<\/div>\n\t\t\t\t<\/div>\n\t\t\t\t<div class=\"elementor-element elementor-element-eb6a657 elementor-widget elementor-widget-heading\" data-id=\"eb6a657\" data-element_type=\"widget\" data-e-type=\"widget\" data-widget_type=\"heading.default\">\n\t\t\t\t<div class=\"elementor-widget-container\">\n\t\t\t\t\t<h3 class=\"elementor-heading-title elementor-size-default\">news<\/h3>\t\t\t\t<\/div>\n\t\t\t\t<\/div>\n\t\t\t\t<div class=\"elementor-element elementor-element-154b5ab elementor-grid-3 elementor-grid-tablet-2 elementor-grid-mobile-1 elementor-widget elementor-widget-portfolio\" data-id=\"154b5ab\" data-element_type=\"widget\" data-e-type=\"widget\" data-settings=\"{&quot;columns&quot;:&quot;3&quot;,&quot;columns_tablet&quot;:&quot;2&quot;,&quot;columns_mobile&quot;:&quot;1&quot;,&quot;item_ratio&quot;:{&quot;unit&quot;:&quot;px&quot;,&quot;size&quot;:0.66,&quot;sizes&quot;:[]},&quot;item_gap&quot;:{&quot;unit&quot;:&quot;px&quot;,&quot;size&quot;:&quot;&quot;,&quot;sizes&quot;:[]},&quot;row_gap&quot;:{&quot;unit&quot;:&quot;px&quot;,&quot;size&quot;:&quot;&quot;,&quot;sizes&quot;:[]}}\" data-widget_type=\"portfolio.default\">\n\t\t\t\t<div class=\"elementor-widget-container\">\n\t\t\t\t\t\t\t<div class=\"elementor-portfolio elementor-grid elementor-posts-container\" role=\"list\">\n\t\t\t\t<article class=\"elementor-portfolio-item elementor-post  post-11975 post type-post status-publish format-standard has-post-thumbnail hentry category-assesorament-hipoteques category-hipoteca-inversa-ca category-hipoteca-tranquillitat-creixent category-hipoteques-multidivisa-ca category-irph-ca category-noticies-juridiques category-noticies-juridiques-novetats-legals-rellevants\" role=\"listitem\">\n\t\t\t<a class=\"elementor-post__thumbnail__link\" href=\"https:\/\/www.bbsabogados.com\/ca\/advocats-experts-en-irph-nullitat-devolucio-dinteressos-i-exit-judicial-garantit\/\">\n\t\t\t\t<div class=\"elementor-portfolio-item__img elementor-post__thumbnail\">\n\t\t\t<img decoding=\"async\" width=\"402\" height=\"253\" src=\"https:\/\/www.bbsabogados.com\/wp-content\/uploads\/2025\/10\/expertos-en-irph-1.webp\" class=\"attachment-full size-full wp-image-12102\" alt=\"Abogados expertos en IRPH\" srcset=\"https:\/\/www.bbsabogados.com\/wp-content\/uploads\/2025\/10\/expertos-en-irph-1.webp 402w, https:\/\/www.bbsabogados.com\/wp-content\/uploads\/2025\/10\/expertos-en-irph-1-300x189.webp 300w\" sizes=\"(max-width: 402px) 100vw, 402px\" \/>\t\t<\/div>\n\t\t\t\t<div class=\"elementor-portfolio-item__overlay\">\n\t\t\t\t<h3 class=\"elementor-portfolio-item__title\">\n\t\tAdvocats experts en IRPH: nul\u00b7litat, devoluci\u00f3 d&#8217;interessos i \u00e8xit judicial garantit\t\t<\/h3>\n\t\t\t\t<\/div>\n\t\t\t\t<\/a>\n\t\t<\/article>\n\t\t\t\t<article class=\"elementor-portfolio-item elementor-post  post-10103 post type-post status-publish format-standard has-post-thumbnail hentry category-cda-triodos-bank-certificat-de-diposits-per-a-accions category-noticies-juridiques category-noticies-juridiques-novetats-legals-rellevants tag-cda-ca tag-sentencies tag-tridosbank-ca tag-triodos-ca\" role=\"listitem\">\n\t\t\t<a class=\"elementor-post__thumbnail__link\" href=\"https:\/\/www.bbsabogados.com\/ca\/cdas-triodos-bank-sentencia-favorable-a-madrid\/\">\n\t\t\t\t<div class=\"elementor-portfolio-item__img elementor-post__thumbnail\">\n\t\t\t<img loading=\"lazy\" decoding=\"async\" width=\"638\" height=\"402\" src=\"https:\/\/www.bbsabogados.com\/wp-content\/uploads\/2024\/10\/CDAs-Triodos-Bank-Sentencia-favorable-en-Madrid.jpg\" class=\"attachment-full size-full wp-image-10090\" alt=\"\" srcset=\"https:\/\/www.bbsabogados.com\/wp-content\/uploads\/2024\/10\/CDAs-Triodos-Bank-Sentencia-favorable-en-Madrid.jpg 638w, https:\/\/www.bbsabogados.com\/wp-content\/uploads\/2024\/10\/CDAs-Triodos-Bank-Sentencia-favorable-en-Madrid-300x189.jpg 300w\" sizes=\"(max-width: 638px) 100vw, 638px\" \/>\t\t<\/div>\n\t\t\t\t<div class=\"elementor-portfolio-item__overlay\">\n\t\t\t\t<h3 class=\"elementor-portfolio-item__title\">\n\t\tCDAs Triodos Bank: Sent\u00e8ncia favorable a Madrid\t\t<\/h3>\n\t\t\t\t<\/div>\n\t\t\t\t<\/a>\n\t\t<\/article>\n\t\t\t\t<article class=\"elementor-portfolio-item elementor-post  post-9241 post type-post status-publish format-standard has-post-thumbnail hentry category-cda-triodos-bank-certificat-de-diposits-per-a-accions category-noticies-juridiques category-noticies-juridiques-novetats-legals-rellevants category-sentencies-destacades-bbs-advocats\" role=\"listitem\">\n\t\t\t<a class=\"elementor-post__thumbnail__link\" href=\"https:\/\/www.bbsabogados.com\/ca\/triodos-bank-condemnada-a-saragossa-per-venda-de-cdas-a-un-matrimono-per-la-suma-de-770-40634-e\/\">\n\t\t\t\t<div class=\"elementor-portfolio-item__img elementor-post__thumbnail\">\n\t\t\t<img loading=\"lazy\" decoding=\"async\" width=\"638\" height=\"402\" src=\"https:\/\/www.bbsabogados.com\/wp-content\/uploads\/2023\/12\/triodos_sentencia_zaragoza_2023_web.jpg\" class=\"attachment-full size-full wp-image-9149\" alt=\"Triodos Bank Condenada en Zaragoza.\" srcset=\"https:\/\/www.bbsabogados.com\/wp-content\/uploads\/2023\/12\/triodos_sentencia_zaragoza_2023_web.jpg 638w, https:\/\/www.bbsabogados.com\/wp-content\/uploads\/2023\/12\/triodos_sentencia_zaragoza_2023_web-300x189.jpg 300w\" sizes=\"(max-width: 638px) 100vw, 638px\" \/>\t\t<\/div>\n\t\t\t\t<div class=\"elementor-portfolio-item__overlay\">\n\t\t\t\t<h3 class=\"elementor-portfolio-item__title\">\n\t\tTriodos Bank Condemnada a Saragossa per Venda de CDAs a un Matrimono per la Suma de 770.406,34.-\u20ac\t\t<\/h3>\n\t\t\t\t<\/div>\n\t\t\t\t<\/a>\n\t\t<\/article>\n\t\t\t\t<\/div>\n\t\t\t\t\t\t<\/div>\n\t\t\t\t<\/div>\n\t\t\t\t\t<\/div>\n\t\t<\/div>\n\t\t\t\t\t<\/div>\n\t\t<\/section>\n\t\t\t\t\t<\/div>\n\t\t<\/div>\n\t\t\t\t\t<\/div>\n\t\t<\/section>\n\t\t\t\t<\/div>\n\t\t","protected":false},"excerpt":{"rendered":"<p>&#8220;Creat el 1988, BBS Advocats Associats Assessors Legals i Tributaris est\u00e0 especialitzat en tots els camps que componen el dret de l&#8217;empresa.&#8221; Noves Tecnologies Des BBS advocats oferim als nostres clients l&#8217;acompanyament i assessorament que necessitin en les seg\u00fcents mat\u00e8ries de l&#8217;\u00e0mbit de el dret de les Noves Tecnologies L&#8217;avan\u00e7 de les noves tecnologies cap [&hellip;]<\/p>\n","protected":false},"author":2,"featured_media":2329,"parent":0,"menu_order":0,"comment_status":"closed","ping_status":"closed","template":"","meta":{"_acf_changed":false,"_monsterinsights_skip_tracking":false,"_monsterinsights_sitenote_active":false,"_monsterinsights_sitenote_note":"","_monsterinsights_sitenote_category":0,"footnotes":""},"class_list":["post-3967","page","type-page","status-publish","has-post-thumbnail","hentry"],"acf":[],"yoast_head":"<!-- This site is optimized with the Yoast SEO plugin v27.2 - https:\/\/yoast.com\/product\/yoast-seo-wordpress\/ -->\n<title>Noves Tecnologies - Despacho BBS Abogados<\/title>\n<meta name=\"description\" content=\"L&#039;avan\u00e7 de les noves tecnologies cap a l&#039;era digital, fan necessari assessorar-se en mat\u00e8ria de dret digital i tecnol\u00f2gic.\" \/>\n<meta name=\"robots\" content=\"index, follow, max-snippet:-1, max-image-preview:large, max-video-preview:-1\" \/>\n<link rel=\"canonical\" href=\"https:\/\/www.bbsabogados.com\/ca\/noves-tecnologies\/\" \/>\n<meta property=\"og:locale\" content=\"ca_ES\" \/>\n<meta property=\"og:type\" content=\"article\" \/>\n<meta property=\"og:title\" content=\"Noves Tecnologies - Despacho BBS Abogados\" \/>\n<meta property=\"og:description\" content=\"L&#039;avan\u00e7 de les noves tecnologies cap a l&#039;era digital, fan necessari assessorar-se en mat\u00e8ria de dret digital i tecnol\u00f2gic.\" \/>\n<meta property=\"og:url\" content=\"https:\/\/www.bbsabogados.com\/ca\/noves-tecnologies\/\" \/>\n<meta property=\"og:site_name\" content=\"Despacho BBS Abogados\" \/>\n<meta property=\"article:publisher\" content=\"https:\/\/www.linkedin.com\/in\/arcadi-sala-planell-bbs-abogados-29a37516\/\" \/>\n<meta property=\"article:modified_time\" content=\"2021-03-17T07:35:43+00:00\" \/>\n<meta property=\"og:image\" content=\"https:\/\/www.bbsabogados.com\/wp-content\/uploads\/2020\/06\/general_blogs3.jpg\" \/>\n\t<meta property=\"og:image:width\" content=\"450\" \/>\n\t<meta property=\"og:image:height\" content=\"300\" \/>\n\t<meta property=\"og:image:type\" content=\"image\/jpeg\" \/>\n<meta name=\"twitter:card\" content=\"summary_large_image\" \/>\n<meta name=\"twitter:site\" content=\"@bbsabogados\" \/>\n<meta name=\"twitter:label1\" content=\"Temps estimat de lectura\" \/>\n\t<meta name=\"twitter:data1\" content=\"1 minut\" \/>\n<script type=\"application\/ld+json\" class=\"yoast-schema-graph\">{\"@context\":\"https:\/\/schema.org\",\"@graph\":[{\"@type\":\"WebPage\",\"@id\":\"https:\/\/www.bbsabogados.com\/ca\/noves-tecnologies\/\",\"url\":\"https:\/\/www.bbsabogados.com\/ca\/noves-tecnologies\/\",\"name\":\"Noves Tecnologies - Despacho BBS Abogados\",\"isPartOf\":{\"@id\":\"https:\/\/www.bbsabogados.com\/ca\/#website\"},\"primaryImageOfPage\":{\"@id\":\"https:\/\/www.bbsabogados.com\/ca\/noves-tecnologies\/#primaryimage\"},\"image\":{\"@id\":\"https:\/\/www.bbsabogados.com\/ca\/noves-tecnologies\/#primaryimage\"},\"thumbnailUrl\":\"https:\/\/www.bbsabogados.com\/wp-content\/uploads\/2020\/06\/general_blogs3.jpg\",\"datePublished\":\"2021-01-07T09:59:31+00:00\",\"dateModified\":\"2021-03-17T07:35:43+00:00\",\"description\":\"L'avan\u00e7 de les noves tecnologies cap a l'era digital, fan necessari assessorar-se en mat\u00e8ria de dret digital i tecnol\u00f2gic.\",\"breadcrumb\":{\"@id\":\"https:\/\/www.bbsabogados.com\/ca\/noves-tecnologies\/#breadcrumb\"},\"inLanguage\":\"ca\",\"potentialAction\":[{\"@type\":\"ReadAction\",\"target\":[\"https:\/\/www.bbsabogados.com\/ca\/noves-tecnologies\/\"]}]},{\"@type\":\"ImageObject\",\"inLanguage\":\"ca\",\"@id\":\"https:\/\/www.bbsabogados.com\/ca\/noves-tecnologies\/#primaryimage\",\"url\":\"https:\/\/www.bbsabogados.com\/wp-content\/uploads\/2020\/06\/general_blogs3.jpg\",\"contentUrl\":\"https:\/\/www.bbsabogados.com\/wp-content\/uploads\/2020\/06\/general_blogs3.jpg\",\"width\":450,\"height\":300,\"caption\":\"bbs abogados\"},{\"@type\":\"BreadcrumbList\",\"@id\":\"https:\/\/www.bbsabogados.com\/ca\/noves-tecnologies\/#breadcrumb\",\"itemListElement\":[{\"@type\":\"ListItem\",\"position\":1,\"name\":\"Inicio\",\"item\":\"https:\/\/www.bbsabogados.com\/ca\/\"},{\"@type\":\"ListItem\",\"position\":2,\"name\":\"Noves Tecnologies\"}]},{\"@type\":\"WebSite\",\"@id\":\"https:\/\/www.bbsabogados.com\/ca\/#website\",\"url\":\"https:\/\/www.bbsabogados.com\/ca\/\",\"name\":\"BBS Abogados\",\"description\":\"Expertos en Derecho Bancario y Financiero\",\"publisher\":{\"@id\":\"https:\/\/www.bbsabogados.com\/ca\/#organization\"},\"potentialAction\":[{\"@type\":\"SearchAction\",\"target\":{\"@type\":\"EntryPoint\",\"urlTemplate\":\"https:\/\/www.bbsabogados.com\/ca\/?s={search_term_string}\"},\"query-input\":{\"@type\":\"PropertyValueSpecification\",\"valueRequired\":true,\"valueName\":\"search_term_string\"}}],\"inLanguage\":\"ca\"},{\"@type\":\"Organization\",\"@id\":\"https:\/\/www.bbsabogados.com\/ca\/#organization\",\"name\":\"BBS Abogados\",\"url\":\"https:\/\/www.bbsabogados.com\/ca\/\",\"logo\":{\"@type\":\"ImageObject\",\"inLanguage\":\"ca\",\"@id\":\"https:\/\/www.bbsabogados.com\/ca\/#\/schema\/logo\/image\/\",\"url\":\"https:\/\/www.bbsabogados.com\/wp-content\/uploads\/2020\/02\/LOGO_Abogados_BBS.png\",\"contentUrl\":\"https:\/\/www.bbsabogados.com\/wp-content\/uploads\/2020\/02\/LOGO_Abogados_BBS.png\",\"width\":130,\"height\":83,\"caption\":\"BBS Abogados\"},\"image\":{\"@id\":\"https:\/\/www.bbsabogados.com\/ca\/#\/schema\/logo\/image\/\"},\"sameAs\":[\"https:\/\/www.linkedin.com\/in\/arcadi-sala-planell-bbs-abogados-29a37516\/\",\"https:\/\/x.com\/bbsabogados\",\"https:\/\/www.facebook.com\/pages\/BBS-Abogados-y-Asesores-Financieros\/161040880606162\",\"https:\/\/www.instagram.com\/bbsabogados\/\"]}]}<\/script>\n<!-- \/ Yoast SEO plugin. -->","yoast_head_json":{"title":"Noves Tecnologies - Despacho BBS Abogados","description":"L'avan\u00e7 de les noves tecnologies cap a l'era digital, fan necessari assessorar-se en mat\u00e8ria de dret digital i tecnol\u00f2gic.","robots":{"index":"index","follow":"follow","max-snippet":"max-snippet:-1","max-image-preview":"max-image-preview:large","max-video-preview":"max-video-preview:-1"},"canonical":"https:\/\/www.bbsabogados.com\/ca\/noves-tecnologies\/","og_locale":"ca_ES","og_type":"article","og_title":"Noves Tecnologies - Despacho BBS Abogados","og_description":"L'avan\u00e7 de les noves tecnologies cap a l'era digital, fan necessari assessorar-se en mat\u00e8ria de dret digital i tecnol\u00f2gic.","og_url":"https:\/\/www.bbsabogados.com\/ca\/noves-tecnologies\/","og_site_name":"Despacho BBS Abogados","article_publisher":"https:\/\/www.linkedin.com\/in\/arcadi-sala-planell-bbs-abogados-29a37516\/","article_modified_time":"2021-03-17T07:35:43+00:00","og_image":[{"width":450,"height":300,"url":"https:\/\/www.bbsabogados.com\/wp-content\/uploads\/2020\/06\/general_blogs3.jpg","type":"image\/jpeg"}],"twitter_card":"summary_large_image","twitter_site":"@bbsabogados","twitter_misc":{"Temps estimat de lectura":"1 minut"},"schema":{"@context":"https:\/\/schema.org","@graph":[{"@type":"WebPage","@id":"https:\/\/www.bbsabogados.com\/ca\/noves-tecnologies\/","url":"https:\/\/www.bbsabogados.com\/ca\/noves-tecnologies\/","name":"Noves Tecnologies - Despacho BBS Abogados","isPartOf":{"@id":"https:\/\/www.bbsabogados.com\/ca\/#website"},"primaryImageOfPage":{"@id":"https:\/\/www.bbsabogados.com\/ca\/noves-tecnologies\/#primaryimage"},"image":{"@id":"https:\/\/www.bbsabogados.com\/ca\/noves-tecnologies\/#primaryimage"},"thumbnailUrl":"https:\/\/www.bbsabogados.com\/wp-content\/uploads\/2020\/06\/general_blogs3.jpg","datePublished":"2021-01-07T09:59:31+00:00","dateModified":"2021-03-17T07:35:43+00:00","description":"L'avan\u00e7 de les noves tecnologies cap a l'era digital, fan necessari assessorar-se en mat\u00e8ria de dret digital i tecnol\u00f2gic.","breadcrumb":{"@id":"https:\/\/www.bbsabogados.com\/ca\/noves-tecnologies\/#breadcrumb"},"inLanguage":"ca","potentialAction":[{"@type":"ReadAction","target":["https:\/\/www.bbsabogados.com\/ca\/noves-tecnologies\/"]}]},{"@type":"ImageObject","inLanguage":"ca","@id":"https:\/\/www.bbsabogados.com\/ca\/noves-tecnologies\/#primaryimage","url":"https:\/\/www.bbsabogados.com\/wp-content\/uploads\/2020\/06\/general_blogs3.jpg","contentUrl":"https:\/\/www.bbsabogados.com\/wp-content\/uploads\/2020\/06\/general_blogs3.jpg","width":450,"height":300,"caption":"bbs abogados"},{"@type":"BreadcrumbList","@id":"https:\/\/www.bbsabogados.com\/ca\/noves-tecnologies\/#breadcrumb","itemListElement":[{"@type":"ListItem","position":1,"name":"Inicio","item":"https:\/\/www.bbsabogados.com\/ca\/"},{"@type":"ListItem","position":2,"name":"Noves Tecnologies"}]},{"@type":"WebSite","@id":"https:\/\/www.bbsabogados.com\/ca\/#website","url":"https:\/\/www.bbsabogados.com\/ca\/","name":"BBS Abogados","description":"Expertos en Derecho Bancario y Financiero","publisher":{"@id":"https:\/\/www.bbsabogados.com\/ca\/#organization"},"potentialAction":[{"@type":"SearchAction","target":{"@type":"EntryPoint","urlTemplate":"https:\/\/www.bbsabogados.com\/ca\/?s={search_term_string}"},"query-input":{"@type":"PropertyValueSpecification","valueRequired":true,"valueName":"search_term_string"}}],"inLanguage":"ca"},{"@type":"Organization","@id":"https:\/\/www.bbsabogados.com\/ca\/#organization","name":"BBS Abogados","url":"https:\/\/www.bbsabogados.com\/ca\/","logo":{"@type":"ImageObject","inLanguage":"ca","@id":"https:\/\/www.bbsabogados.com\/ca\/#\/schema\/logo\/image\/","url":"https:\/\/www.bbsabogados.com\/wp-content\/uploads\/2020\/02\/LOGO_Abogados_BBS.png","contentUrl":"https:\/\/www.bbsabogados.com\/wp-content\/uploads\/2020\/02\/LOGO_Abogados_BBS.png","width":130,"height":83,"caption":"BBS Abogados"},"image":{"@id":"https:\/\/www.bbsabogados.com\/ca\/#\/schema\/logo\/image\/"},"sameAs":["https:\/\/www.linkedin.com\/in\/arcadi-sala-planell-bbs-abogados-29a37516\/","https:\/\/x.com\/bbsabogados","https:\/\/www.facebook.com\/pages\/BBS-Abogados-y-Asesores-Financieros\/161040880606162","https:\/\/www.instagram.com\/bbsabogados\/"]}]}},"_links":{"self":[{"href":"https:\/\/www.bbsabogados.com\/ca\/wp-json\/wp\/v2\/pages\/3967","targetHints":{"allow":["GET"]}}],"collection":[{"href":"https:\/\/www.bbsabogados.com\/ca\/wp-json\/wp\/v2\/pages"}],"about":[{"href":"https:\/\/www.bbsabogados.com\/ca\/wp-json\/wp\/v2\/types\/page"}],"author":[{"embeddable":true,"href":"https:\/\/www.bbsabogados.com\/ca\/wp-json\/wp\/v2\/users\/2"}],"replies":[{"embeddable":true,"href":"https:\/\/www.bbsabogados.com\/ca\/wp-json\/wp\/v2\/comments?post=3967"}],"version-history":[{"count":0,"href":"https:\/\/www.bbsabogados.com\/ca\/wp-json\/wp\/v2\/pages\/3967\/revisions"}],"wp:featuredmedia":[{"embeddable":true,"href":"https:\/\/www.bbsabogados.com\/ca\/wp-json\/wp\/v2\/media\/2329"}],"wp:attachment":[{"href":"https:\/\/www.bbsabogados.com\/ca\/wp-json\/wp\/v2\/media?parent=3967"}],"curies":[{"name":"wp","href":"https:\/\/api.w.org\/{rel}","templated":true}]}}