{"id":3989,"date":"2021-01-07T11:28:39","date_gmt":"2021-01-07T10:28:39","guid":{"rendered":"https:\/\/www.bbsabogados.com\/despeses-constitucio-hipoteca\/"},"modified":"2026-02-25T11:57:47","modified_gmt":"2026-02-25T10:57:47","slug":"despeses-constitucio-hipoteca","status":"publish","type":"page","link":"https:\/\/www.bbsabogados.com\/ca\/dret-bancari-i-financer\/despeses-constitucio-hipoteca\/","title":{"rendered":"Despeses Constituci\u00f3 Hipoteca."},"content":{"rendered":"\t\t<div data-elementor-type=\"wp-page\" data-elementor-id=\"3989\" class=\"elementor elementor-3989 elementor-144\" data-elementor-post-type=\"page\">\n\t\t\t\t\t\t<section class=\"elementor-section elementor-top-section elementor-element elementor-element-78bc4371 elementor-section-boxed elementor-section-height-default elementor-section-height-default\" data-id=\"78bc4371\" data-element_type=\"section\" data-e-type=\"section\">\n\t\t\t\t\t\t<div class=\"elementor-container elementor-column-gap-no\">\n\t\t\t\t\t<div class=\"elementor-column elementor-col-100 elementor-top-column elementor-element elementor-element-167bc939\" data-id=\"167bc939\" data-element_type=\"column\" data-e-type=\"column\" data-settings=\"{&quot;background_background&quot;:&quot;classic&quot;}\">\n\t\t\t<div class=\"elementor-widget-wrap elementor-element-populated\">\n\t\t\t\t\t\t<section class=\"elementor-section elementor-inner-section elementor-element elementor-element-7fc702ca elementor-section-boxed elementor-section-height-default elementor-section-height-default\" data-id=\"7fc702ca\" data-element_type=\"section\" data-e-type=\"section\">\n\t\t\t\t\t\t<div class=\"elementor-container elementor-column-gap-default\">\n\t\t\t\t\t<div class=\"elementor-column elementor-col-100 elementor-inner-column elementor-element elementor-element-51b4fe74\" data-id=\"51b4fe74\" data-element_type=\"column\" data-e-type=\"column\">\n\t\t\t<div class=\"elementor-widget-wrap elementor-element-populated\">\n\t\t\t\t\t\t<div class=\"elementor-element elementor-element-74117dbf elementor-widget elementor-widget-image\" data-id=\"74117dbf\" data-element_type=\"widget\" data-e-type=\"widget\" data-widget_type=\"image.default\">\n\t\t\t\t<div class=\"elementor-widget-container\">\n\t\t\t\t\t\t\t\t\t\t\t\t\t\t\t<img fetchpriority=\"high\" decoding=\"async\" width=\"1164\" height=\"350\" src=\"https:\/\/www.bbsabogados.com\/wp-content\/uploads\/2026\/02\/Reclamaciones_Plusvalia.webp\" class=\"attachment-full size-full wp-image-14071\" alt=\"Gastos Constituci\u00f3n Hipoteca. Reclamaciones Plusval\u00eda\" srcset=\"https:\/\/www.bbsabogados.com\/wp-content\/uploads\/2026\/02\/Reclamaciones_Plusvalia.webp 1164w, https:\/\/www.bbsabogados.com\/wp-content\/uploads\/2026\/02\/Reclamaciones_Plusvalia-300x90.webp 300w, https:\/\/www.bbsabogados.com\/wp-content\/uploads\/2026\/02\/Reclamaciones_Plusvalia-1024x308.webp 1024w, https:\/\/www.bbsabogados.com\/wp-content\/uploads\/2026\/02\/Reclamaciones_Plusvalia-768x231.webp 768w\" sizes=\"(max-width: 1164px) 100vw, 1164px\" \/>\t\t\t\t\t\t\t\t\t\t\t\t\t\t\t<\/div>\n\t\t\t\t<\/div>\n\t\t\t\t<div class=\"elementor-element elementor-element-58c247e7 elementor-widget elementor-widget-breadcrumbs\" data-id=\"58c247e7\" data-element_type=\"widget\" data-e-type=\"widget\" data-widget_type=\"breadcrumbs.default\">\n\t\t\t\t<div class=\"elementor-widget-container\">\n\t\t\t\t\t<p id=\"breadcrumbs\"><span><span><a href=\"https:\/\/www.bbsabogados.com\/ca\/\"><i class=\"fa fa-home\"><\/i><\/a><\/span><\/span><\/p>\t\t\t\t<\/div>\n\t\t\t\t<\/div>\n\t\t\t\t\t<\/div>\n\t\t<\/div>\n\t\t\t\t\t<\/div>\n\t\t<\/section>\n\t\t\t\t<section class=\"elementor-section elementor-inner-section elementor-element elementor-element-2db0a685 elementor-reverse-mobile elementor-section-boxed elementor-section-height-default elementor-section-height-default\" data-id=\"2db0a685\" data-element_type=\"section\" data-e-type=\"section\">\n\t\t\t\t\t\t<div class=\"elementor-container elementor-column-gap-extended\">\n\t\t\t\t\t<div class=\"elementor-column elementor-col-50 elementor-inner-column elementor-element elementor-element-58e947ef\" data-id=\"58e947ef\" data-element_type=\"column\" data-e-type=\"column\">\n\t\t\t<div class=\"elementor-widget-wrap elementor-element-populated\">\n\t\t\t\t\t\t<div class=\"elementor-element elementor-element-2da4c20d elementor-widget elementor-widget-heading\" data-id=\"2da4c20d\" data-element_type=\"widget\" data-e-type=\"widget\" data-widget_type=\"heading.default\">\n\t\t\t\t<div class=\"elementor-widget-container\">\n\t\t\t\t\t<h2 class=\"elementor-heading-title elementor-size-default\">\"Especialitzats en Dret Bancari i Financer\".<\/h2>\t\t\t\t<\/div>\n\t\t\t\t<\/div>\n\t\t\t\t\t<\/div>\n\t\t<\/div>\n\t\t\t\t<div class=\"elementor-column elementor-col-50 elementor-inner-column elementor-element elementor-element-3ec00cf0\" data-id=\"3ec00cf0\" data-element_type=\"column\" data-e-type=\"column\">\n\t\t\t<div class=\"elementor-widget-wrap elementor-element-populated\">\n\t\t\t\t\t\t<div class=\"elementor-element elementor-element-3dedfc13 elementor-widget elementor-widget-heading\" data-id=\"3dedfc13\" data-element_type=\"widget\" data-e-type=\"widget\" data-widget_type=\"heading.default\">\n\t\t\t\t<div class=\"elementor-widget-container\">\n\t\t\t\t\t<h1 class=\"elementor-heading-title elementor-size-default\">Despeses Constituci\u00f3 Hipoteca. Reclamacions Plusv\u00e0lua<\/h1>\t\t\t\t<\/div>\n\t\t\t\t<\/div>\n\t\t\t\t<div class=\"elementor-element elementor-element-4d3cd0fb elementor-widget elementor-widget-text-editor\" data-id=\"4d3cd0fb\" data-element_type=\"widget\" data-e-type=\"widget\" data-widget_type=\"text-editor.default\">\n\t\t\t\t<div class=\"elementor-widget-container\">\n\t\t\t\t\t\t\t\t\t<p>La reclamaci\u00f3 de les despeses de la hipoteca es tramita al\u00b7legant que \u00e9s una cl\u00e0usula abusiva continguda en el seu pr\u00e9stec hipotecari i que per tant aquesta ha de ser nul\u00b7la i retornar les quantitats que s&#8217;hagin generat en la seva virtut. Aquestes quantitats s\u00f3n la factura de l&#8217;notari, la factura de l&#8217;registre de la propietat, la factura de la gestoria i l&#8217;Impost AJD.<\/p>\n<p>Pel que fa a l&#8217;Impost d&#8217;Actes Jur\u00eddics Documentats (AJD), hi ha dues sent\u00e8ncies de Tribunal Suprem que entenen la nul\u00b7litat de la cl\u00e0usula per abusiva per\u00f2, en la sent\u00e8ncia de Ple de l&#8217;Tribunal Suprem de 15 de mar\u00e7 de 2018, es va establir que no s&#8217;ha de retornar l&#8217;impost, provocant que tots els jutjats acatessin aquesta decisi\u00f3. No obstant aix\u00f2, en la sent\u00e8ncia de 16 d&#8217;octubre de 2018 de la Sala Tercera del Tribunal Suprem i dues dictades en aquest mateix sentit, anul\u00b7len l&#8217;article en el qual basaven els seus arguments (art. 68.2) i entenen de nou que \u00e9s el banc qui s&#8217;hauria de fer c\u00e0rrec.<\/p>\n<p>Tot i que aix\u00f2, recentment es va publicar, per part de Tribunal Suprem, sent\u00e8ncia en la s&#8217;establia que el pagament de l&#8217;impost corresponia a el prestatari, despr\u00e9s d&#8217;una votaci\u00f3 de 15 front 13 vots. No obstant aix\u00f2, hem observat que alguns tribunals malgrat aix\u00f2, ia causa de la publicaci\u00f3 de el Reial decret llei 17\/2018, de 8 de novembre, pel qual es modifica la Llei de l&#8217;Impost sobre Transmissions Patrimonials i Actes Jur\u00eddics Documentats, impulsat per el Govern, i que estableix que a partir de llavors sigui el banc qui pagui l&#8217;impost, han condemnat a Banc a retornar l&#8217;impost.<\/p>\n<p>D&#8217;altra banda, estem reclamant tamb\u00e9 la Comissi\u00f3 d&#8217;Obertura de manera conjunta amb les despeses hipotecaris, at\u00e8s que observem que, per la sent\u00e8ncies que van sortint, \u00e9s una opci\u00f3 viable per recuperar quantitats que van abonar en virtut d&#8217;aquestes cl\u00e0usules que actualment s&#8217;estan considerant nul\u00b7les.<\/p>\n<p>A tot aix\u00f2, cal tenir en compte que es demanen els interessos legals des de cada cobrament de cada factura.<\/p>\n\t\t\t\t\t\t\t\t<\/div>\n\t\t\t\t<\/div>\n\t\t\t\t<div class=\"elementor-element elementor-element-0417be9 elementor-align-left elementor-widget elementor-widget-button\" data-id=\"0417be9\" data-element_type=\"widget\" data-e-type=\"widget\" data-widget_type=\"button.default\">\n\t\t\t\t<div class=\"elementor-widget-container\">\n\t\t\t\t\t\t\t\t\t<div class=\"elementor-button-wrapper\">\n\t\t\t\t\t<a class=\"elementor-button elementor-button-link elementor-size-sm\" href=\"https:\/\/www.bbsabogados.com\/ca\/categoria\/hipoteques-oposicions-i-negociacions\/\">\n\t\t\t\t\t\t<span class=\"elementor-button-content-wrapper\">\n\t\t\t\t\t\t\t\t\t<span class=\"elementor-button-text\">Novetats Despeses Hipoteca<\/span>\n\t\t\t\t\t<\/span>\n\t\t\t\t\t<\/a>\n\t\t\t\t<\/div>\n\t\t\t\t\t\t\t\t<\/div>\n\t\t\t\t<\/div>\n\t\t\t\t\t<\/div>\n\t\t<\/div>\n\t\t\t\t\t<\/div>\n\t\t<\/section>\n\t\t\t\t\t<\/div>\n\t\t<\/div>\n\t\t\t\t\t<\/div>\n\t\t<\/section>\n\t\t\t\t<section class=\"elementor-section elementor-inner-section elementor-element elementor-element-679d0cf4 elementor-section-boxed elementor-section-height-default elementor-section-height-default\" data-id=\"679d0cf4\" data-element_type=\"section\" data-e-type=\"section\">\n\t\t\t\t\t\t<div class=\"elementor-container elementor-column-gap-default\">\n\t\t\t\t\t<div class=\"elementor-column elementor-col-100 elementor-inner-column elementor-element elementor-element-ebb5ad5\" data-id=\"ebb5ad5\" data-element_type=\"column\" data-e-type=\"column\">\n\t\t\t<div class=\"elementor-widget-wrap\">\n\t\t\t\t\t\t\t<\/div>\n\t\t<\/div>\n\t\t\t\t\t<\/div>\n\t\t<\/section>\n\t\t\t\t<\/div>\n\t\t","protected":false},"excerpt":{"rendered":"<p>&#8220;Especialitzats en Dret Bancari i Financer&#8221;. Despeses Constituci\u00f3 Hipoteca. Reclamacions Plusv\u00e0lua La reclamaci\u00f3 de les despeses de la hipoteca es tramita al\u00b7legant que \u00e9s una cl\u00e0usula abusiva continguda en el seu pr\u00e9stec hipotecari i que per tant aquesta ha de ser nul\u00b7la i retornar les quantitats que s&#8217;hagin generat en la seva virtut. Aquestes quantitats [&hellip;]<\/p>\n","protected":false},"author":1,"featured_media":2329,"parent":4036,"menu_order":10,"comment_status":"closed","ping_status":"closed","template":"","meta":{"_acf_changed":false,"_monsterinsights_skip_tracking":false,"_monsterinsights_sitenote_active":false,"_monsterinsights_sitenote_note":"","_monsterinsights_sitenote_category":0,"footnotes":""},"class_list":["post-3989","page","type-page","status-publish","has-post-thumbnail","hentry"],"acf":[],"yoast_head":"<!-- This site is optimized with the Yoast SEO plugin v27.2 - https:\/\/yoast.com\/product\/yoast-seo-wordpress\/ -->\n<title>Despeses Constituci\u00f3 Hipoteca. - Despacho BBS Abogados<\/title>\n<meta name=\"description\" content=\"La reclamaci\u00f3 de les despeses de la hipoteca es tramita al\u00b7legant que \u00e9s una cl\u00e0usula abusiva continguda al pr\u00e9stec hipotecari\" \/>\n<meta name=\"robots\" content=\"index, follow, max-snippet:-1, max-image-preview:large, max-video-preview:-1\" \/>\n<link rel=\"canonical\" href=\"https:\/\/www.bbsabogados.com\/ca\/dret-bancari-i-financer\/despeses-constitucio-hipoteca\/\" \/>\n<meta property=\"og:locale\" content=\"ca_ES\" \/>\n<meta property=\"og:type\" content=\"article\" \/>\n<meta property=\"og:title\" content=\"Despeses Constituci\u00f3 Hipoteca. - Despacho BBS Abogados\" \/>\n<meta property=\"og:description\" content=\"La reclamaci\u00f3 de les despeses de la hipoteca es tramita al\u00b7legant que \u00e9s una cl\u00e0usula abusiva continguda al pr\u00e9stec hipotecari\" \/>\n<meta property=\"og:url\" content=\"https:\/\/www.bbsabogados.com\/ca\/dret-bancari-i-financer\/despeses-constitucio-hipoteca\/\" \/>\n<meta property=\"og:site_name\" content=\"Despacho BBS Abogados\" \/>\n<meta property=\"article:publisher\" content=\"https:\/\/www.linkedin.com\/in\/arcadi-sala-planell-bbs-abogados-29a37516\/\" \/>\n<meta property=\"article:modified_time\" content=\"2026-02-25T10:57:47+00:00\" \/>\n<meta property=\"og:image\" content=\"https:\/\/www.bbsabogados.com\/wp-content\/uploads\/2020\/06\/general_blogs3.jpg\" \/>\n\t<meta property=\"og:image:width\" content=\"450\" \/>\n\t<meta property=\"og:image:height\" content=\"300\" \/>\n\t<meta property=\"og:image:type\" content=\"image\/jpeg\" \/>\n<meta name=\"twitter:card\" content=\"summary_large_image\" \/>\n<meta name=\"twitter:site\" content=\"@bbsabogados\" \/>\n<meta name=\"twitter:label1\" content=\"Temps estimat de lectura\" \/>\n\t<meta name=\"twitter:data1\" content=\"2 minuts\" \/>\n<script type=\"application\/ld+json\" class=\"yoast-schema-graph\">{\"@context\":\"https:\/\/schema.org\",\"@graph\":[{\"@type\":\"WebPage\",\"@id\":\"https:\/\/www.bbsabogados.com\/ca\/dret-bancari-i-financer\/despeses-constitucio-hipoteca\/\",\"url\":\"https:\/\/www.bbsabogados.com\/ca\/dret-bancari-i-financer\/despeses-constitucio-hipoteca\/\",\"name\":\"Despeses Constituci\u00f3 Hipoteca. - Despacho BBS Abogados\",\"isPartOf\":{\"@id\":\"https:\/\/www.bbsabogados.com\/ca\/#website\"},\"primaryImageOfPage\":{\"@id\":\"https:\/\/www.bbsabogados.com\/ca\/dret-bancari-i-financer\/despeses-constitucio-hipoteca\/#primaryimage\"},\"image\":{\"@id\":\"https:\/\/www.bbsabogados.com\/ca\/dret-bancari-i-financer\/despeses-constitucio-hipoteca\/#primaryimage\"},\"thumbnailUrl\":\"https:\/\/www.bbsabogados.com\/wp-content\/uploads\/2020\/06\/general_blogs3.jpg\",\"datePublished\":\"2021-01-07T10:28:39+00:00\",\"dateModified\":\"2026-02-25T10:57:47+00:00\",\"description\":\"La reclamaci\u00f3 de les despeses de la hipoteca es tramita al\u00b7legant que \u00e9s una cl\u00e0usula abusiva continguda al pr\u00e9stec hipotecari\",\"breadcrumb\":{\"@id\":\"https:\/\/www.bbsabogados.com\/ca\/dret-bancari-i-financer\/despeses-constitucio-hipoteca\/#breadcrumb\"},\"inLanguage\":\"ca\",\"potentialAction\":[{\"@type\":\"ReadAction\",\"target\":[\"https:\/\/www.bbsabogados.com\/ca\/dret-bancari-i-financer\/despeses-constitucio-hipoteca\/\"]}]},{\"@type\":\"ImageObject\",\"inLanguage\":\"ca\",\"@id\":\"https:\/\/www.bbsabogados.com\/ca\/dret-bancari-i-financer\/despeses-constitucio-hipoteca\/#primaryimage\",\"url\":\"https:\/\/www.bbsabogados.com\/wp-content\/uploads\/2020\/06\/general_blogs3.jpg\",\"contentUrl\":\"https:\/\/www.bbsabogados.com\/wp-content\/uploads\/2020\/06\/general_blogs3.jpg\",\"width\":450,\"height\":300,\"caption\":\"bbs abogados\"},{\"@type\":\"BreadcrumbList\",\"@id\":\"https:\/\/www.bbsabogados.com\/ca\/dret-bancari-i-financer\/despeses-constitucio-hipoteca\/#breadcrumb\",\"itemListElement\":[{\"@type\":\"ListItem\",\"position\":1,\"name\":\"Inicio\",\"item\":\"https:\/\/www.bbsabogados.com\/ca\/\"},{\"@type\":\"ListItem\",\"position\":2,\"name\":\"Dret Bancari i Financer\",\"item\":\"https:\/\/www.bbsabogados.com\/ca\/abogados-especialistas-derecho-bancario\/\"},{\"@type\":\"ListItem\",\"position\":3,\"name\":\"Despeses Constituci\u00f3 Hipoteca.\"}]},{\"@type\":\"WebSite\",\"@id\":\"https:\/\/www.bbsabogados.com\/ca\/#website\",\"url\":\"https:\/\/www.bbsabogados.com\/ca\/\",\"name\":\"BBS Abogados\",\"description\":\"Expertos en Derecho Bancario y Financiero\",\"publisher\":{\"@id\":\"https:\/\/www.bbsabogados.com\/ca\/#organization\"},\"potentialAction\":[{\"@type\":\"SearchAction\",\"target\":{\"@type\":\"EntryPoint\",\"urlTemplate\":\"https:\/\/www.bbsabogados.com\/ca\/?s={search_term_string}\"},\"query-input\":{\"@type\":\"PropertyValueSpecification\",\"valueRequired\":true,\"valueName\":\"search_term_string\"}}],\"inLanguage\":\"ca\"},{\"@type\":\"Organization\",\"@id\":\"https:\/\/www.bbsabogados.com\/ca\/#organization\",\"name\":\"BBS Abogados\",\"url\":\"https:\/\/www.bbsabogados.com\/ca\/\",\"logo\":{\"@type\":\"ImageObject\",\"inLanguage\":\"ca\",\"@id\":\"https:\/\/www.bbsabogados.com\/ca\/#\/schema\/logo\/image\/\",\"url\":\"https:\/\/www.bbsabogados.com\/wp-content\/uploads\/2020\/02\/LOGO_Abogados_BBS.png\",\"contentUrl\":\"https:\/\/www.bbsabogados.com\/wp-content\/uploads\/2020\/02\/LOGO_Abogados_BBS.png\",\"width\":130,\"height\":83,\"caption\":\"BBS Abogados\"},\"image\":{\"@id\":\"https:\/\/www.bbsabogados.com\/ca\/#\/schema\/logo\/image\/\"},\"sameAs\":[\"https:\/\/www.linkedin.com\/in\/arcadi-sala-planell-bbs-abogados-29a37516\/\",\"https:\/\/x.com\/bbsabogados\",\"https:\/\/www.facebook.com\/pages\/BBS-Abogados-y-Asesores-Financieros\/161040880606162\",\"https:\/\/www.instagram.com\/bbsabogados\/\"]}]}<\/script>\n<!-- \/ Yoast SEO plugin. -->","yoast_head_json":{"title":"Despeses Constituci\u00f3 Hipoteca. - Despacho BBS Abogados","description":"La reclamaci\u00f3 de les despeses de la hipoteca es tramita al\u00b7legant que \u00e9s una cl\u00e0usula abusiva continguda al pr\u00e9stec hipotecari","robots":{"index":"index","follow":"follow","max-snippet":"max-snippet:-1","max-image-preview":"max-image-preview:large","max-video-preview":"max-video-preview:-1"},"canonical":"https:\/\/www.bbsabogados.com\/ca\/dret-bancari-i-financer\/despeses-constitucio-hipoteca\/","og_locale":"ca_ES","og_type":"article","og_title":"Despeses Constituci\u00f3 Hipoteca. - Despacho BBS Abogados","og_description":"La reclamaci\u00f3 de les despeses de la hipoteca es tramita al\u00b7legant que \u00e9s una cl\u00e0usula abusiva continguda al pr\u00e9stec hipotecari","og_url":"https:\/\/www.bbsabogados.com\/ca\/dret-bancari-i-financer\/despeses-constitucio-hipoteca\/","og_site_name":"Despacho BBS Abogados","article_publisher":"https:\/\/www.linkedin.com\/in\/arcadi-sala-planell-bbs-abogados-29a37516\/","article_modified_time":"2026-02-25T10:57:47+00:00","og_image":[{"width":450,"height":300,"url":"https:\/\/www.bbsabogados.com\/wp-content\/uploads\/2020\/06\/general_blogs3.jpg","type":"image\/jpeg"}],"twitter_card":"summary_large_image","twitter_site":"@bbsabogados","twitter_misc":{"Temps estimat de lectura":"2 minuts"},"schema":{"@context":"https:\/\/schema.org","@graph":[{"@type":"WebPage","@id":"https:\/\/www.bbsabogados.com\/ca\/dret-bancari-i-financer\/despeses-constitucio-hipoteca\/","url":"https:\/\/www.bbsabogados.com\/ca\/dret-bancari-i-financer\/despeses-constitucio-hipoteca\/","name":"Despeses Constituci\u00f3 Hipoteca. - Despacho BBS Abogados","isPartOf":{"@id":"https:\/\/www.bbsabogados.com\/ca\/#website"},"primaryImageOfPage":{"@id":"https:\/\/www.bbsabogados.com\/ca\/dret-bancari-i-financer\/despeses-constitucio-hipoteca\/#primaryimage"},"image":{"@id":"https:\/\/www.bbsabogados.com\/ca\/dret-bancari-i-financer\/despeses-constitucio-hipoteca\/#primaryimage"},"thumbnailUrl":"https:\/\/www.bbsabogados.com\/wp-content\/uploads\/2020\/06\/general_blogs3.jpg","datePublished":"2021-01-07T10:28:39+00:00","dateModified":"2026-02-25T10:57:47+00:00","description":"La reclamaci\u00f3 de les despeses de la hipoteca es tramita al\u00b7legant que \u00e9s una cl\u00e0usula abusiva continguda al pr\u00e9stec hipotecari","breadcrumb":{"@id":"https:\/\/www.bbsabogados.com\/ca\/dret-bancari-i-financer\/despeses-constitucio-hipoteca\/#breadcrumb"},"inLanguage":"ca","potentialAction":[{"@type":"ReadAction","target":["https:\/\/www.bbsabogados.com\/ca\/dret-bancari-i-financer\/despeses-constitucio-hipoteca\/"]}]},{"@type":"ImageObject","inLanguage":"ca","@id":"https:\/\/www.bbsabogados.com\/ca\/dret-bancari-i-financer\/despeses-constitucio-hipoteca\/#primaryimage","url":"https:\/\/www.bbsabogados.com\/wp-content\/uploads\/2020\/06\/general_blogs3.jpg","contentUrl":"https:\/\/www.bbsabogados.com\/wp-content\/uploads\/2020\/06\/general_blogs3.jpg","width":450,"height":300,"caption":"bbs abogados"},{"@type":"BreadcrumbList","@id":"https:\/\/www.bbsabogados.com\/ca\/dret-bancari-i-financer\/despeses-constitucio-hipoteca\/#breadcrumb","itemListElement":[{"@type":"ListItem","position":1,"name":"Inicio","item":"https:\/\/www.bbsabogados.com\/ca\/"},{"@type":"ListItem","position":2,"name":"Dret Bancari i Financer","item":"https:\/\/www.bbsabogados.com\/ca\/abogados-especialistas-derecho-bancario\/"},{"@type":"ListItem","position":3,"name":"Despeses Constituci\u00f3 Hipoteca."}]},{"@type":"WebSite","@id":"https:\/\/www.bbsabogados.com\/ca\/#website","url":"https:\/\/www.bbsabogados.com\/ca\/","name":"BBS Abogados","description":"Expertos en Derecho Bancario y Financiero","publisher":{"@id":"https:\/\/www.bbsabogados.com\/ca\/#organization"},"potentialAction":[{"@type":"SearchAction","target":{"@type":"EntryPoint","urlTemplate":"https:\/\/www.bbsabogados.com\/ca\/?s={search_term_string}"},"query-input":{"@type":"PropertyValueSpecification","valueRequired":true,"valueName":"search_term_string"}}],"inLanguage":"ca"},{"@type":"Organization","@id":"https:\/\/www.bbsabogados.com\/ca\/#organization","name":"BBS Abogados","url":"https:\/\/www.bbsabogados.com\/ca\/","logo":{"@type":"ImageObject","inLanguage":"ca","@id":"https:\/\/www.bbsabogados.com\/ca\/#\/schema\/logo\/image\/","url":"https:\/\/www.bbsabogados.com\/wp-content\/uploads\/2020\/02\/LOGO_Abogados_BBS.png","contentUrl":"https:\/\/www.bbsabogados.com\/wp-content\/uploads\/2020\/02\/LOGO_Abogados_BBS.png","width":130,"height":83,"caption":"BBS Abogados"},"image":{"@id":"https:\/\/www.bbsabogados.com\/ca\/#\/schema\/logo\/image\/"},"sameAs":["https:\/\/www.linkedin.com\/in\/arcadi-sala-planell-bbs-abogados-29a37516\/","https:\/\/x.com\/bbsabogados","https:\/\/www.facebook.com\/pages\/BBS-Abogados-y-Asesores-Financieros\/161040880606162","https:\/\/www.instagram.com\/bbsabogados\/"]}]}},"_links":{"self":[{"href":"https:\/\/www.bbsabogados.com\/ca\/wp-json\/wp\/v2\/pages\/3989","targetHints":{"allow":["GET"]}}],"collection":[{"href":"https:\/\/www.bbsabogados.com\/ca\/wp-json\/wp\/v2\/pages"}],"about":[{"href":"https:\/\/www.bbsabogados.com\/ca\/wp-json\/wp\/v2\/types\/page"}],"author":[{"embeddable":true,"href":"https:\/\/www.bbsabogados.com\/ca\/wp-json\/wp\/v2\/users\/1"}],"replies":[{"embeddable":true,"href":"https:\/\/www.bbsabogados.com\/ca\/wp-json\/wp\/v2\/comments?post=3989"}],"version-history":[{"count":5,"href":"https:\/\/www.bbsabogados.com\/ca\/wp-json\/wp\/v2\/pages\/3989\/revisions"}],"predecessor-version":[{"id":14081,"href":"https:\/\/www.bbsabogados.com\/ca\/wp-json\/wp\/v2\/pages\/3989\/revisions\/14081"}],"up":[{"embeddable":true,"href":"https:\/\/www.bbsabogados.com\/ca\/wp-json\/wp\/v2\/pages\/4036"}],"wp:featuredmedia":[{"embeddable":true,"href":"https:\/\/www.bbsabogados.com\/ca\/wp-json\/wp\/v2\/media\/2329"}],"wp:attachment":[{"href":"https:\/\/www.bbsabogados.com\/ca\/wp-json\/wp\/v2\/media?parent=3989"}],"curies":[{"name":"wp","href":"https:\/\/api.w.org\/{rel}","templated":true}]}}