{"id":4036,"date":"2021-01-07T16:07:35","date_gmt":"2021-01-07T15:07:35","guid":{"rendered":"https:\/\/www.bbsabogados.com\/dret-bancari-i-financer\/"},"modified":"2026-02-10T08:53:07","modified_gmt":"2026-02-10T07:53:07","slug":"dret-bancari-i-financer","status":"publish","type":"page","link":"https:\/\/www.bbsabogados.com\/ca\/dret-bancari-i-financer\/","title":{"rendered":"Dret Bancari i Financer"},"content":{"rendered":"\t\t<div data-elementor-type=\"wp-page\" data-elementor-id=\"4036\" class=\"elementor elementor-4036 elementor-17\" data-elementor-post-type=\"page\">\n\t\t\t\t\t\t<section class=\"elementor-section elementor-top-section elementor-element elementor-element-7f2591ec elementor-section-boxed elementor-section-height-default elementor-section-height-default\" data-id=\"7f2591ec\" data-element_type=\"section\" data-e-type=\"section\">\n\t\t\t\t\t\t<div class=\"elementor-container elementor-column-gap-no\">\n\t\t\t\t\t<div class=\"elementor-column elementor-col-100 elementor-top-column elementor-element elementor-element-a29d757\" data-id=\"a29d757\" data-element_type=\"column\" data-e-type=\"column\" data-settings=\"{&quot;background_background&quot;:&quot;classic&quot;}\">\n\t\t\t<div class=\"elementor-widget-wrap elementor-element-populated\">\n\t\t\t\t\t\t<section class=\"elementor-section elementor-inner-section elementor-element elementor-element-7bf23f79 elementor-section-boxed elementor-section-height-default elementor-section-height-default\" data-id=\"7bf23f79\" data-element_type=\"section\" data-e-type=\"section\">\n\t\t\t\t\t\t<div class=\"elementor-container elementor-column-gap-default\">\n\t\t\t\t\t<div class=\"elementor-column elementor-col-100 elementor-inner-column elementor-element elementor-element-7ded959d\" data-id=\"7ded959d\" data-element_type=\"column\" data-e-type=\"column\">\n\t\t\t<div class=\"elementor-widget-wrap elementor-element-populated\">\n\t\t\t\t\t\t<div class=\"elementor-element elementor-element-19d70a43 elementor-widget elementor-widget-image\" data-id=\"19d70a43\" data-element_type=\"widget\" data-e-type=\"widget\" data-widget_type=\"image.default\">\n\t\t\t\t<div class=\"elementor-widget-container\">\n\t\t\t\t\t\t\t\t\t\t\t\t\t\t\t<img fetchpriority=\"high\" decoding=\"async\" width=\"917\" height=\"297\" src=\"https:\/\/www.bbsabogados.com\/wp-content\/uploads\/2020\/04\/bbs-abogados-Arcadi-Sala-Planell.jpg\" class=\"attachment-full size-full wp-image-292\" alt=\"bbs-abogados-Arcadi-Sala-Planell\" srcset=\"https:\/\/www.bbsabogados.com\/wp-content\/uploads\/2020\/04\/bbs-abogados-Arcadi-Sala-Planell.jpg 917w, https:\/\/www.bbsabogados.com\/wp-content\/uploads\/2020\/04\/bbs-abogados-Arcadi-Sala-Planell-300x97.jpg 300w, https:\/\/www.bbsabogados.com\/wp-content\/uploads\/2020\/04\/bbs-abogados-Arcadi-Sala-Planell-768x249.jpg 768w\" sizes=\"(max-width: 917px) 100vw, 917px\" \/>\t\t\t\t\t\t\t\t\t\t\t\t\t\t\t<\/div>\n\t\t\t\t<\/div>\n\t\t\t\t\t<\/div>\n\t\t<\/div>\n\t\t\t\t\t<\/div>\n\t\t<\/section>\n\t\t\t\t<div class=\"elementor-element elementor-element-ce46f96 elementor-widget elementor-widget-breadcrumbs\" data-id=\"ce46f96\" data-element_type=\"widget\" data-e-type=\"widget\" data-widget_type=\"breadcrumbs.default\">\n\t\t\t\t<div class=\"elementor-widget-container\">\n\t\t\t\t\t<p id=\"breadcrumbs\"><span><span><a href=\"https:\/\/www.bbsabogados.com\/ca\/\"><i class=\"fa fa-home\"><\/i><\/a><\/span><\/span><\/p>\t\t\t\t<\/div>\n\t\t\t\t<\/div>\n\t\t\t\t<section class=\"elementor-section elementor-inner-section elementor-element elementor-element-48cb3eb0 elementor-reverse-mobile elementor-section-boxed elementor-section-height-default elementor-section-height-default\" data-id=\"48cb3eb0\" data-element_type=\"section\" data-e-type=\"section\">\n\t\t\t\t\t\t<div class=\"elementor-container elementor-column-gap-extended\">\n\t\t\t\t\t<div class=\"elementor-column elementor-col-50 elementor-inner-column elementor-element elementor-element-3130b754\" data-id=\"3130b754\" data-element_type=\"column\" data-e-type=\"column\">\n\t\t\t<div class=\"elementor-widget-wrap elementor-element-populated\">\n\t\t\t\t\t\t<div class=\"elementor-element elementor-element-0926111 elementor-widget elementor-widget-heading\" data-id=\"0926111\" data-element_type=\"widget\" data-e-type=\"widget\" data-widget_type=\"heading.default\">\n\t\t\t\t<div class=\"elementor-widget-container\">\n\t\t\t\t\t<p class=\"elementor-heading-title elementor-size-default\">\"Creat el 1988 BBS Advocats Associats Assessors Legals i Tributaris est\u00e0 especialitzat en tots els camps que componen el dret de l'empresa.\" Advocats Experts en Dret Bancari i Financer amb seu a Barcelona.<\/p>\t\t\t\t<\/div>\n\t\t\t\t<\/div>\n\t\t\t\t<div class=\"elementor-element elementor-element-dcbfcd2 elementor-hidden-mobile elementor-view-default elementor-widget elementor-widget-icon\" data-id=\"dcbfcd2\" data-element_type=\"widget\" data-e-type=\"widget\" data-widget_type=\"icon.default\">\n\t\t\t\t<div class=\"elementor-widget-container\">\n\t\t\t\t\t\t\t<div class=\"elementor-icon-wrapper\">\n\t\t\t<div class=\"elementor-icon\">\n\t\t\t<svg xmlns=\"http:\/\/www.w3.org\/2000\/svg\" xmlns:xlink=\"http:\/\/www.w3.org\/1999\/xlink\" id=\"Capa_1\" x=\"0px\" y=\"0px\" viewBox=\"0 0 512 512\" xml:space=\"preserve\"><g>\t<path d=\"M240.1,328.7c3.1-3.1,3.1-8.2,0-11.3c-3.1-3.1-8.2-3.1-11.3,0c-3.1,3.1-3.1,8.2,0,11.3C231.9,331.8,237,331.8,240.1,328.7   L240.1,328.7z M240.1,328.7\"><\/path>\t<g>\t\t<defs>\t\t\t<rect id=\"SVGID_1_\" x=\"51.5\" y=\"50.6\" width=\"409\" height=\"410.9\"><\/rect>\t\t<\/defs>\t\t<clipPath id=\"SVGID_2_\">\t\t\t<use xlink:href=\"#SVGID_1_\"><\/use>\t\t<\/clipPath>\t\t<path clip-path=\"url(#SVGID_2_)\" d=\"M202.3,138.9c0,48.5,39.5,88,88,88c48.5,0,88-39.5,88-88c0-48.5-39.5-88-88-88    C241.7,50.9,202.3,90.4,202.3,138.9L202.3,138.9z M362.2,138.9c0,39.7-32.3,72-72,72c-39.7,0-72-32.3-72-72c0-39.7,32.3-72,72-72    C329.9,66.9,362.2,99.2,362.2,138.9L362.2,138.9z M362.2,138.9\"><\/path>\t\t<path clip-path=\"url(#SVGID_2_)\" d=\"M144,458.1c3.1,3.1,8.1,3.2,11.3,0.1l38.8-38.2c6.6-6.6,8.6-16.3,5.7-24.8l8.3-8    c4.5-4.3,10.4-6.7,16.7-6.7h106.3c18.9,0,36.7-7.2,50.2-20.4c0.6-0.5-4.2,5.1,72.5-86.7c11.4-13.5,9.7-33.7-3.8-45.1    c-13.4-11.3-33.5-9.7-44.9,3.6L358,280.3c-6-7.3-15-11.9-24.9-11.9h-89.2c-12.7-5.3-26.2-8-40.1-8c-38.5,0-72.1,17.8-90.2,51.1    c-7.6-1.4-15.6,0.9-21.4,6.6l-38,38.2c-3.1,3.1-3.1,8.2,0,11.3L144,458.1z M203.9,276.4c12.2,0,24.1,2.5,35.2,7.3    c1,0.4,2.1,0.7,3.2,0.7h90.8c8.7,0,16,7.1,16,16c0,8.8-7.2,16-16,16h-65.3c-4.4,0-8,3.6-8,8c0,4.4,3.6,8,8,8h65.3    c17.6,0,32-14.4,32-32c0-1.4-0.1-2.8-0.3-4.2c45.7-46.9,52.1-53.5,52.4-53.9c5.7-6.7,15.8-7.6,22.6-1.9c6.7,5.7,7.6,15.8,1.9,22.6    l-71.7,85.8c-10.5,10.1-24.2,15.6-38.8,15.6H224.8c-10.4,0-20.3,4-27.8,11.2l-6.8,6.6l-62.7-62.7    C142.2,292.1,169.7,276.4,203.9,276.4L203.9,276.4z M103.6,329.5c2.6-2.6,6.7-3.1,9.9-1.1c1.4,0.8-2.6-2.8,69.3,69    c3.2,3.2,3,8.3,0,11.3l-33.1,32.6L71.2,362L103.6,329.5z M103.6,329.5\"><\/path>\t<\/g>\t<path d=\"M280.6,90.9v9.4c-9.3,3.3-16,12.2-16,22.6c0,13.2,10.8,24,24,24c4.4,0,8,3.6,8,8c0,4.4-3.6,8-8,8c-3.4,0-7.1-2.1-10.4-6.1   c-2.8-3.4-7.9-3.8-11.3-1c-3.4,2.8-3.8,7.9-1,11.3c4.3,5.1,9.3,8.6,14.6,10.4v9.3c0,4.4,3.6,8,8,8c4.4,0,8-3.6,8-8v-9.4   c9.3-3.3,16-12.2,16-22.6c0-13.2-10.8-24-24-24c-4.4,0-8-3.6-8-8c0-4.4,3.6-8,8-8c2.8,0,5.8,1.4,8.7,4.2c3.2,3.1,8.2,3,11.3-0.2   c3.1-3.2,3-8.2-0.2-11.3c-4.1-3.9-8.1-6.1-11.8-7.4v-9.3c0-4.4-3.6-8-8-8C284.2,82.9,280.6,86.5,280.6,90.9L280.6,90.9z    M280.6,90.9\"><\/path><\/g><\/svg>\t\t\t<\/div>\n\t\t<\/div>\n\t\t\t\t\t\t<\/div>\n\t\t\t\t<\/div>\n\t\t\t\t\t<\/div>\n\t\t<\/div>\n\t\t\t\t<div class=\"elementor-column elementor-col-50 elementor-inner-column elementor-element elementor-element-6d128ef7\" data-id=\"6d128ef7\" data-element_type=\"column\" data-e-type=\"column\">\n\t\t\t<div class=\"elementor-widget-wrap elementor-element-populated\">\n\t\t\t\t\t\t<div class=\"elementor-element elementor-element-2ee3b3d7 elementor-widget elementor-widget-heading\" data-id=\"2ee3b3d7\" data-element_type=\"widget\" data-e-type=\"widget\" data-widget_type=\"heading.default\">\n\t\t\t\t<div class=\"elementor-widget-container\">\n\t\t\t\t\t<h1 class=\"elementor-heading-title elementor-size-default\">BBS Advocats, Especialistes en Dret Bancari i Financer.<\/h1>\t\t\t\t<\/div>\n\t\t\t\t<\/div>\n\t\t\t\t<div class=\"elementor-element elementor-element-a0eec94 elementor-widget elementor-widget-heading\" data-id=\"a0eec94\" data-element_type=\"widget\" data-e-type=\"widget\" data-widget_type=\"heading.default\">\n\t\t\t\t<div class=\"elementor-widget-container\">\n\t\t\t\t\t<h2 class=\"elementor-heading-title elementor-size-default\">\u201cDefensa integral per a particulars i empreses.\u201d<\/h2>\t\t\t\t<\/div>\n\t\t\t\t<\/div>\n\t\t\t\t<div class=\"elementor-element elementor-element-430b8aed elementor-widget elementor-widget-text-editor\" data-id=\"430b8aed\" data-element_type=\"widget\" data-e-type=\"widget\" data-widget_type=\"text-editor.default\">\n\t\t\t\t<div class=\"elementor-widget-container\">\n\t\t\t\t\t\t\t\t\t<p>La complexitat actual del sistema financer exigeix \u200b\u200bla intervenci\u00f3 de<strong>Advocats especialistes Dret Bancari<\/strong> que tinguin una visi\u00f3 t\u00e8cnica, profunda i actualitzada de la normativa.<\/p>\n<p>A l&#8217;escenari jur\u00eddic espanyol, les entitats de cr\u00e8dit han operat hist\u00f2ricament des d&#8217;una posici\u00f3 de superioritat t\u00e8cnica que ha derivat en la inclusi\u00f3 de cl\u00e0usules comercials abu. Tot i aix\u00f2, la jurisprud\u00e8ncia ha evolucionat dr\u00e0sticament. Informem l&#8217;usuari des d&#8217;aquest primer par\u00e0graf: avui dia, el Tribunal Suprem i el Tribunal de Just\u00edcia de la Uni\u00f3 Europea (TJUE) avalen la protecci\u00f3 del client davant de l&#8217;opacitat banc\u00e0ria. Vost\u00e8 t\u00e9 el dret legal de recuperar les quantitats abonades indegudament i d&#8217;anul\u00b7lar contractes que vulneren la transpar\u00e8ncia.<\/p>\n<p>El nostre despatx se situa <strong>entre els m\u00e9s importants d&#8217;Espanya<\/strong>, com ho demostren les milers de sent\u00e8ncies obtingudes a favor dels nostres clients. Moltes d&#8217;aquestes resolucions han estat les <strong>primeres de tot Espanya<\/strong>, marcant fites que han perm\u00e8s a milers d&#8217;afectats reclamar amb \u00e8xit els seus estalvis. Comptem amb una <strong>amplia experi\u00e8ncia<\/strong> <strong>al Tribunal Suprem<\/strong>, on hem defensat recursos de cassaci\u00f3 fonamentals per a la formaci\u00f3 de la jurisprud\u00e8ncia actual. Tal com consta a la nostra web, disposem de sent\u00e8ncies pioneres a <strong>participacions preferents, swaps i hipoteques multidivisa,<\/strong> consolidant la nostra autoritat com a experts en litigaci\u00f3 banc\u00e0ria d&#8217;alta complexitat.<\/p>\n<h2 class=\"wp-block-heading\">BBS Advocats: Despatx especialitzat Financer<\/h2>\n<p><strong>BBS Advocats Despatx especialitzat en Dret Bancari i Financer<\/strong> representa l&#8217;excel\u00b7l\u00e8ncia en la defensa dels drets dels consumidors i les empreses. Tot i que actuem com una firma multidisciplinar, som un referent indiscutible en aquesta branca del dret. La nostra meta \u00e9s clara: responsabilitzar les entitats financeres davant de procediments injustos i acabar amb la vulnerabilitat dels agraviats.<\/p>\n<p><strong>Experi\u00e8ncia de m\u00e9s de 25 anys i pres\u00e8ncia al Mitj\u00e0 de Comunicaci\u00f3<\/strong><br \/>La nostra firma atresora una <strong>experi\u00e8ncia de m\u00e9s de 25 anys i pres\u00e8ncia al Mitj\u00e0 de Comunicaci\u00f3<\/<\/strong> Aquesta traject\u00f2ria no \u00e9s nom\u00e9s una dada temporal; \u00e9s la garantia que coneixem tots els ressorts processals per guanyar la banca. Els mitjans de comunicaci\u00f3 recorren amb freq\u00fc\u00e8ncia al nostre equip per analitzar les sent\u00e8ncies que nosaltres mateixos guanyem als tribunals, cosa que reflecteix la nostra posici\u00f3 de lideratge al sector.<\/p>\n<p><strong>Despatx pioner en Dret bancari a Espanya<\/strong><br \/>Som el <strong>despatx pioner en Dret bancari a Espanya i els primers a aconseguir s\u00f2l, participacions preferents, nul\u00b7litat productes d&#8217;inversi\u00f3<\/strong>, etc\u2026 Ser pioners implica que hem obert cam\u00ed quan la doctrina jur\u00eddica encara era incerta. Aquesta capacitat d&#8217;innovaci\u00f3 jur\u00eddica ens permet dissenyar estrat\u00e8gies de defensa personalitzades per a cada client, ja sigui mitjan\u00e7ant la via judicial o negociant directament amb l&#8217;entitat financera per obtenir-ne el m\u00e0xim benefici. Per aix\u00f2, la nostra estructura legal permet oferir una defensa d&#8217;elit amb independ\u00e8ncia de la ubicaci\u00f3 del jutjat competent.<\/p>\n<p><strong>Oficina a Barcelona per\u00f2 \u00e0mbit d&#8217;actuacions a tot Espanya<\/strong><br \/>Encara que disposem de la nostra Oficina a Barcelona per\u00f2 \u00e0mbit d&#8217;actuacions a tot Espanya, la nostra capacitat operativa arriba a qualsevol punt del territori nacional. La digitalitzaci\u00f3 de l&#8217;Administraci\u00f3 de Just\u00edcia i la nostra xarxa de col\u00b7laboradors ens permeten interposar demandes i assistir a vistes a qualsevol prov\u00edncia amb la mateixa efic\u00e0cia que a la nostra seu central.<\/p>\n<p><strong>Defensa per a empreses i particulars<\/strong><br \/>Com Advocats especialistes Dret Bancari, brindem serveis legals integrals centrats en:< Corporativ<\/strong>a: Estructuraci\u00f3 de solucions a mida per a operacions de creixement.<br \/>\u2022 <strong>Refinan\u00e7aments de Deute<\/strong>: Negociaci\u00f3 de nous termes per assegurar la viabilitat empresarial.<br \/>\u2022 <strong>Criptoactius i Web 3<\/strong>: Assessorament legal en blockchain per a empreses emergents i entitats Insolv\u00e8ncies<\/strong>: Solucions r\u00e0pides per minimitzar l&#8217;impacte d&#8217;impagaments i disputes contractuals.<\/p>\n<h2 class=\"wp-block-heading\">Reclamaci\u00f3 de Cl\u00e0usules Abusives i el Dret Hipotecari<\/h2>\n<p>El dret hipotecari regula la relaci\u00f3 jur\u00eddica que sorgeix en contractar un pr\u00e9stec. En aquest \u00e0mbit, els Advocats especialistes Derec<\/p>\n\t\t\t\t\t\t\t\t<\/div>\n\t\t\t\t<\/div>\n\t\t\t\t<div class=\"elementor-element elementor-element-9923c68 elementor-widget-divider--separator-type-pattern elementor-widget-divider--no-spacing elementor-widget-divider--view-line elementor-widget elementor-widget-divider\" data-id=\"9923c68\" data-element_type=\"widget\" data-e-type=\"widget\" data-widget_type=\"divider.default\">\n\t\t\t\t<div class=\"elementor-widget-container\">\n\t\t\t\t\t\t\t<div class=\"elementor-divider\" style=\"--divider-pattern-url: url(&quot;data:image\/svg+xml,%3Csvg xmlns=&#039;http:\/\/www.w3.org\/2000\/svg&#039; preserveAspectRatio=&#039;xMidYMid meet&#039; overflow=&#039;visible&#039; height=&#039;100%&#039; viewBox=&#039;0 0 126 26&#039; fill=&#039;black&#039; stroke=&#039;none&#039;%3E%3Cpath d=&#039;M3,10.2c2.6,0,2.6,2,2.6,3.2S4.4,16.5,3,16.5s-3-1.4-3-3.2S0.4,10.2,3,10.2z M18.8,10.2c1.7,0,3.2,1.4,3.2,3.2s-1.4,3.2-3.2,3.2c-1.7,0-3.2-1.4-3.2-3.2S17,10.2,18.8,10.2z M34.6,10.2c1.5,0,2.6,1.4,2.6,3.2s-0.5,3.2-1.9,3.2c-1.5,0-3.4-1.4-3.4-3.2S33.1,10.2,34.6,10.2z M50.5,10.2c1.7,0,3.2,1.4,3.2,3.2s-1.4,3.2-3.2,3.2c-1.7,0-3.3-0.9-3.3-2.6S48.7,10.2,50.5,10.2z M66.2,10.2c1.5,0,3.4,1.4,3.4,3.2s-1.9,3.2-3.4,3.2c-1.5,0-2.6-0.4-2.6-2.1S64.8,10.2,66.2,10.2z M82.2,10.2c1.7,0.8,2.6,1.4,2.6,3.2s-0.1,3.2-1.6,3.2c-1.5,0-3.7-1.4-3.7-3.2S80.5,9.4,82.2,10.2zM98.6,10.2c1.5,0,2.6,0.4,2.6,2.1s-1.2,4.2-2.6,4.2c-1.5,0-3.7-0.4-3.7-2.1S97.1,10.2,98.6,10.2z M113.4,10.2c1.2,0,2.2,0.9,2.2,3.2s-0.1,3.2-1.3,3.2s-3.1-1.4-3.1-3.2S112.2,10.2,113.4,10.2z&#039;\/%3E%3C\/svg%3E&quot;);\">\n\t\t\t<span class=\"elementor-divider-separator\">\n\t\t\t\t\t\t<\/span>\n\t\t<\/div>\n\t\t\t\t\t\t<\/div>\n\t\t\t\t<\/div>\n\t\t\t\t\t<\/div>\n\t\t<\/div>\n\t\t\t\t\t<\/div>\n\t\t<\/section>\n\t\t\t\t\t<\/div>\n\t\t<\/div>\n\t\t\t\t\t<\/div>\n\t\t<\/section>\n\t\t\t\t<\/div>\n\t\t","protected":false},"excerpt":{"rendered":"<p>&#8220;Creat el 1988 BBS Advocats Associats Assessors Legals i Tributaris est\u00e0 especialitzat en tots els camps que componen el dret de l&#8217;empresa.&#8221; Advocats Experts en Dret Bancari i Financer amb seu a Barcelona. BBS Advocats, Especialistes en Dret Bancari i Financer. \u201cDefensa integral per a particulars i empreses.\u201d La complexitat actual del sistema financer exigeix [&hellip;]<\/p>\n","protected":false},"author":1,"featured_media":2329,"parent":0,"menu_order":3,"comment_status":"closed","ping_status":"closed","template":"","meta":{"_acf_changed":false,"_monsterinsights_skip_tracking":false,"_monsterinsights_sitenote_active":false,"_monsterinsights_sitenote_note":"","_monsterinsights_sitenote_category":0,"footnotes":""},"class_list":["post-4036","page","type-page","status-publish","has-post-thumbnail","hentry"],"acf":[],"yoast_head":"<!-- This site is optimized with the Yoast SEO plugin v27.2 - https:\/\/yoast.com\/product\/yoast-seo-wordpress\/ -->\n<title>Advocats especialistes Dret Bancari<\/title>\n<meta name=\"description\" content=\"Advocats de Barcelona especialistes en Dret Bancari i Financer. Experts en: IRPH, cl\u00e0usula s\u00f2l, hipoteca multidivisa, swaps, targetes revolving...\" \/>\n<meta name=\"robots\" content=\"index, follow, max-snippet:-1, max-image-preview:large, max-video-preview:-1\" \/>\n<link rel=\"canonical\" href=\"https:\/\/www.bbsabogados.com\/ca\/dret-bancari-i-financer\/\" \/>\n<meta property=\"og:locale\" content=\"ca_ES\" \/>\n<meta property=\"og:type\" content=\"article\" \/>\n<meta property=\"og:title\" content=\"Advocats especialistes Dret Bancari\" \/>\n<meta property=\"og:description\" content=\"Advocats de Barcelona especialistes en Dret Bancari i Financer. Experts en: IRPH, cl\u00e0usula s\u00f2l, hipoteca multidivisa, swaps, targetes revolving...\" \/>\n<meta property=\"og:url\" content=\"https:\/\/www.bbsabogados.com\/ca\/dret-bancari-i-financer\/\" \/>\n<meta property=\"og:site_name\" content=\"Despacho BBS Abogados\" \/>\n<meta property=\"article:publisher\" content=\"https:\/\/www.linkedin.com\/in\/arcadi-sala-planell-bbs-abogados-29a37516\/\" \/>\n<meta property=\"article:modified_time\" content=\"2026-02-10T07:53:07+00:00\" \/>\n<meta property=\"og:image\" content=\"https:\/\/www.bbsabogados.com\/wp-content\/uploads\/2020\/06\/general_blogs3.jpg\" \/>\n\t<meta property=\"og:image:width\" content=\"450\" \/>\n\t<meta property=\"og:image:height\" content=\"300\" \/>\n\t<meta property=\"og:image:type\" content=\"image\/jpeg\" \/>\n<meta name=\"twitter:card\" content=\"summary_large_image\" \/>\n<meta name=\"twitter:site\" content=\"@bbsabogados\" \/>\n<meta name=\"twitter:label1\" content=\"Temps estimat de lectura\" \/>\n\t<meta name=\"twitter:data1\" content=\"2 minuts\" \/>\n<script type=\"application\/ld+json\" class=\"yoast-schema-graph\">{\"@context\":\"https:\/\/schema.org\",\"@graph\":[{\"@type\":\"WebPage\",\"@id\":\"https:\/\/www.bbsabogados.com\/ca\/dret-bancari-i-financer\/\",\"url\":\"https:\/\/www.bbsabogados.com\/ca\/dret-bancari-i-financer\/\",\"name\":\"Advocats especialistes Dret Bancari\",\"isPartOf\":{\"@id\":\"https:\/\/www.bbsabogados.com\/ca\/#website\"},\"primaryImageOfPage\":{\"@id\":\"https:\/\/www.bbsabogados.com\/ca\/dret-bancari-i-financer\/#primaryimage\"},\"image\":{\"@id\":\"https:\/\/www.bbsabogados.com\/ca\/dret-bancari-i-financer\/#primaryimage\"},\"thumbnailUrl\":\"https:\/\/www.bbsabogados.com\/wp-content\/uploads\/2020\/06\/general_blogs3.jpg\",\"datePublished\":\"2021-01-07T15:07:35+00:00\",\"dateModified\":\"2026-02-10T07:53:07+00:00\",\"description\":\"Advocats de Barcelona especialistes en Dret Bancari i Financer. Experts en: IRPH, cl\u00e0usula s\u00f2l, hipoteca multidivisa, swaps, targetes revolving...\",\"breadcrumb\":{\"@id\":\"https:\/\/www.bbsabogados.com\/ca\/dret-bancari-i-financer\/#breadcrumb\"},\"inLanguage\":\"ca\",\"potentialAction\":[{\"@type\":\"ReadAction\",\"target\":[\"https:\/\/www.bbsabogados.com\/ca\/dret-bancari-i-financer\/\"]}]},{\"@type\":\"ImageObject\",\"inLanguage\":\"ca\",\"@id\":\"https:\/\/www.bbsabogados.com\/ca\/dret-bancari-i-financer\/#primaryimage\",\"url\":\"https:\/\/www.bbsabogados.com\/wp-content\/uploads\/2020\/06\/general_blogs3.jpg\",\"contentUrl\":\"https:\/\/www.bbsabogados.com\/wp-content\/uploads\/2020\/06\/general_blogs3.jpg\",\"width\":450,\"height\":300,\"caption\":\"bbs abogados\"},{\"@type\":\"BreadcrumbList\",\"@id\":\"https:\/\/www.bbsabogados.com\/ca\/dret-bancari-i-financer\/#breadcrumb\",\"itemListElement\":[{\"@type\":\"ListItem\",\"position\":1,\"name\":\"Inicio\",\"item\":\"https:\/\/www.bbsabogados.com\/ca\/\"},{\"@type\":\"ListItem\",\"position\":2,\"name\":\"Dret Bancari i Financer\"}]},{\"@type\":\"WebSite\",\"@id\":\"https:\/\/www.bbsabogados.com\/ca\/#website\",\"url\":\"https:\/\/www.bbsabogados.com\/ca\/\",\"name\":\"BBS Abogados\",\"description\":\"Expertos en Derecho Bancario y Financiero\",\"publisher\":{\"@id\":\"https:\/\/www.bbsabogados.com\/ca\/#organization\"},\"potentialAction\":[{\"@type\":\"SearchAction\",\"target\":{\"@type\":\"EntryPoint\",\"urlTemplate\":\"https:\/\/www.bbsabogados.com\/ca\/?s={search_term_string}\"},\"query-input\":{\"@type\":\"PropertyValueSpecification\",\"valueRequired\":true,\"valueName\":\"search_term_string\"}}],\"inLanguage\":\"ca\"},{\"@type\":\"Organization\",\"@id\":\"https:\/\/www.bbsabogados.com\/ca\/#organization\",\"name\":\"BBS Abogados\",\"url\":\"https:\/\/www.bbsabogados.com\/ca\/\",\"logo\":{\"@type\":\"ImageObject\",\"inLanguage\":\"ca\",\"@id\":\"https:\/\/www.bbsabogados.com\/ca\/#\/schema\/logo\/image\/\",\"url\":\"https:\/\/www.bbsabogados.com\/wp-content\/uploads\/2020\/02\/LOGO_Abogados_BBS.png\",\"contentUrl\":\"https:\/\/www.bbsabogados.com\/wp-content\/uploads\/2020\/02\/LOGO_Abogados_BBS.png\",\"width\":130,\"height\":83,\"caption\":\"BBS Abogados\"},\"image\":{\"@id\":\"https:\/\/www.bbsabogados.com\/ca\/#\/schema\/logo\/image\/\"},\"sameAs\":[\"https:\/\/www.linkedin.com\/in\/arcadi-sala-planell-bbs-abogados-29a37516\/\",\"https:\/\/x.com\/bbsabogados\",\"https:\/\/www.facebook.com\/pages\/BBS-Abogados-y-Asesores-Financieros\/161040880606162\",\"https:\/\/www.instagram.com\/bbsabogados\/\"]}]}<\/script>\n<!-- \/ Yoast SEO plugin. -->","yoast_head_json":{"title":"Advocats especialistes Dret Bancari","description":"Advocats de Barcelona especialistes en Dret Bancari i Financer. Experts en: IRPH, cl\u00e0usula s\u00f2l, hipoteca multidivisa, swaps, targetes revolving...","robots":{"index":"index","follow":"follow","max-snippet":"max-snippet:-1","max-image-preview":"max-image-preview:large","max-video-preview":"max-video-preview:-1"},"canonical":"https:\/\/www.bbsabogados.com\/ca\/dret-bancari-i-financer\/","og_locale":"ca_ES","og_type":"article","og_title":"Advocats especialistes Dret Bancari","og_description":"Advocats de Barcelona especialistes en Dret Bancari i Financer. Experts en: IRPH, cl\u00e0usula s\u00f2l, hipoteca multidivisa, swaps, targetes revolving...","og_url":"https:\/\/www.bbsabogados.com\/ca\/dret-bancari-i-financer\/","og_site_name":"Despacho BBS Abogados","article_publisher":"https:\/\/www.linkedin.com\/in\/arcadi-sala-planell-bbs-abogados-29a37516\/","article_modified_time":"2026-02-10T07:53:07+00:00","og_image":[{"width":450,"height":300,"url":"https:\/\/www.bbsabogados.com\/wp-content\/uploads\/2020\/06\/general_blogs3.jpg","type":"image\/jpeg"}],"twitter_card":"summary_large_image","twitter_site":"@bbsabogados","twitter_misc":{"Temps estimat de lectura":"2 minuts"},"schema":{"@context":"https:\/\/schema.org","@graph":[{"@type":"WebPage","@id":"https:\/\/www.bbsabogados.com\/ca\/dret-bancari-i-financer\/","url":"https:\/\/www.bbsabogados.com\/ca\/dret-bancari-i-financer\/","name":"Advocats especialistes Dret Bancari","isPartOf":{"@id":"https:\/\/www.bbsabogados.com\/ca\/#website"},"primaryImageOfPage":{"@id":"https:\/\/www.bbsabogados.com\/ca\/dret-bancari-i-financer\/#primaryimage"},"image":{"@id":"https:\/\/www.bbsabogados.com\/ca\/dret-bancari-i-financer\/#primaryimage"},"thumbnailUrl":"https:\/\/www.bbsabogados.com\/wp-content\/uploads\/2020\/06\/general_blogs3.jpg","datePublished":"2021-01-07T15:07:35+00:00","dateModified":"2026-02-10T07:53:07+00:00","description":"Advocats de Barcelona especialistes en Dret Bancari i Financer. Experts en: IRPH, cl\u00e0usula s\u00f2l, hipoteca multidivisa, swaps, targetes revolving...","breadcrumb":{"@id":"https:\/\/www.bbsabogados.com\/ca\/dret-bancari-i-financer\/#breadcrumb"},"inLanguage":"ca","potentialAction":[{"@type":"ReadAction","target":["https:\/\/www.bbsabogados.com\/ca\/dret-bancari-i-financer\/"]}]},{"@type":"ImageObject","inLanguage":"ca","@id":"https:\/\/www.bbsabogados.com\/ca\/dret-bancari-i-financer\/#primaryimage","url":"https:\/\/www.bbsabogados.com\/wp-content\/uploads\/2020\/06\/general_blogs3.jpg","contentUrl":"https:\/\/www.bbsabogados.com\/wp-content\/uploads\/2020\/06\/general_blogs3.jpg","width":450,"height":300,"caption":"bbs abogados"},{"@type":"BreadcrumbList","@id":"https:\/\/www.bbsabogados.com\/ca\/dret-bancari-i-financer\/#breadcrumb","itemListElement":[{"@type":"ListItem","position":1,"name":"Inicio","item":"https:\/\/www.bbsabogados.com\/ca\/"},{"@type":"ListItem","position":2,"name":"Dret Bancari i Financer"}]},{"@type":"WebSite","@id":"https:\/\/www.bbsabogados.com\/ca\/#website","url":"https:\/\/www.bbsabogados.com\/ca\/","name":"BBS Abogados","description":"Expertos en Derecho Bancario y Financiero","publisher":{"@id":"https:\/\/www.bbsabogados.com\/ca\/#organization"},"potentialAction":[{"@type":"SearchAction","target":{"@type":"EntryPoint","urlTemplate":"https:\/\/www.bbsabogados.com\/ca\/?s={search_term_string}"},"query-input":{"@type":"PropertyValueSpecification","valueRequired":true,"valueName":"search_term_string"}}],"inLanguage":"ca"},{"@type":"Organization","@id":"https:\/\/www.bbsabogados.com\/ca\/#organization","name":"BBS Abogados","url":"https:\/\/www.bbsabogados.com\/ca\/","logo":{"@type":"ImageObject","inLanguage":"ca","@id":"https:\/\/www.bbsabogados.com\/ca\/#\/schema\/logo\/image\/","url":"https:\/\/www.bbsabogados.com\/wp-content\/uploads\/2020\/02\/LOGO_Abogados_BBS.png","contentUrl":"https:\/\/www.bbsabogados.com\/wp-content\/uploads\/2020\/02\/LOGO_Abogados_BBS.png","width":130,"height":83,"caption":"BBS Abogados"},"image":{"@id":"https:\/\/www.bbsabogados.com\/ca\/#\/schema\/logo\/image\/"},"sameAs":["https:\/\/www.linkedin.com\/in\/arcadi-sala-planell-bbs-abogados-29a37516\/","https:\/\/x.com\/bbsabogados","https:\/\/www.facebook.com\/pages\/BBS-Abogados-y-Asesores-Financieros\/161040880606162","https:\/\/www.instagram.com\/bbsabogados\/"]}]}},"_links":{"self":[{"href":"https:\/\/www.bbsabogados.com\/ca\/wp-json\/wp\/v2\/pages\/4036","targetHints":{"allow":["GET"]}}],"collection":[{"href":"https:\/\/www.bbsabogados.com\/ca\/wp-json\/wp\/v2\/pages"}],"about":[{"href":"https:\/\/www.bbsabogados.com\/ca\/wp-json\/wp\/v2\/types\/page"}],"author":[{"embeddable":true,"href":"https:\/\/www.bbsabogados.com\/ca\/wp-json\/wp\/v2\/users\/1"}],"replies":[{"embeddable":true,"href":"https:\/\/www.bbsabogados.com\/ca\/wp-json\/wp\/v2\/comments?post=4036"}],"version-history":[{"count":2,"href":"https:\/\/www.bbsabogados.com\/ca\/wp-json\/wp\/v2\/pages\/4036\/revisions"}],"predecessor-version":[{"id":14157,"href":"https:\/\/www.bbsabogados.com\/ca\/wp-json\/wp\/v2\/pages\/4036\/revisions\/14157"}],"wp:featuredmedia":[{"embeddable":true,"href":"https:\/\/www.bbsabogados.com\/ca\/wp-json\/wp\/v2\/media\/2329"}],"wp:attachment":[{"href":"https:\/\/www.bbsabogados.com\/ca\/wp-json\/wp\/v2\/media?parent=4036"}],"curies":[{"name":"wp","href":"https:\/\/api.w.org\/{rel}","templated":true}]}}