{"id":4040,"date":"2021-01-07T16:10:49","date_gmt":"2021-01-07T15:10:49","guid":{"rendered":"https:\/\/www.bbsabogados.com\/reclamacio-de-deutes\/"},"modified":"2026-03-10T14:03:16","modified_gmt":"2026-03-10T13:03:16","slug":"reclamacio-de-deutes","status":"publish","type":"page","link":"https:\/\/www.bbsabogados.com\/ca\/reclamacio-de-deutes\/","title":{"rendered":"Reclamaci\u00f3 de Deutes"},"content":{"rendered":"\t\t<div data-elementor-type=\"wp-page\" data-elementor-id=\"4040\" class=\"elementor elementor-4040 elementor-1483\" data-elementor-post-type=\"page\">\n\t\t\t\t<div class=\"elementor-element elementor-element-9ff1800 e-con-full e-flex e-con e-parent\" data-id=\"9ff1800\" data-element_type=\"container\" data-e-type=\"container\" data-settings=\"{&quot;background_background&quot;:&quot;classic&quot;}\">\n\t\t\t\t<div class=\"elementor-element elementor-element-fda5cbe elementor-widget__width-inherit elementor-widget elementor-widget-heading\" data-id=\"fda5cbe\" data-element_type=\"widget\" data-e-type=\"widget\" data-widget_type=\"heading.default\">\n\t\t\t\t<div class=\"elementor-widget-container\">\n\t\t\t\t\t<h1 class=\"elementor-heading-title elementor-size-default\">Reclamaci\u00f3n de Deudas<\/h1>\t\t\t\t<\/div>\n\t\t\t\t<\/div>\n\t\t\t\t<\/div>\n\t\t<div class=\"elementor-element elementor-element-e67d16b e-flex e-con-boxed e-con e-parent\" data-id=\"e67d16b\" data-element_type=\"container\" data-e-type=\"container\">\n\t\t\t\t\t<div class=\"e-con-inner\">\n\t\t<div class=\"elementor-element elementor-element-163912d e-con-full e-flex e-con e-child\" data-id=\"163912d\" data-element_type=\"container\" data-e-type=\"container\" data-settings=\"{&quot;background_background&quot;:&quot;classic&quot;}\">\n\t\t\t\t<div class=\"elementor-element elementor-element-2a4cf3e elementor-widget elementor-widget-breadcrumbs\" data-id=\"2a4cf3e\" data-element_type=\"widget\" data-e-type=\"widget\" data-widget_type=\"breadcrumbs.default\">\n\t\t\t\t<div class=\"elementor-widget-container\">\n\t\t\t\t\t<p id=\"breadcrumbs\"><span><span><a href=\"https:\/\/www.bbsabogados.com\/ca\/\"><i class=\"fa fa-home\"><\/i><\/a><\/span><\/span><\/p>\t\t\t\t<\/div>\n\t\t\t\t<\/div>\n\t\t<div class=\"elementor-element elementor-element-18b0427 e-con-full e-flex e-con e-child\" data-id=\"18b0427\" data-element_type=\"container\" data-e-type=\"container\">\n\t\t<div class=\"elementor-element elementor-element-ecc33ee e-con-full e-flex e-con e-child\" data-id=\"ecc33ee\" data-element_type=\"container\" data-e-type=\"container\">\n\t\t\t\t<div class=\"elementor-element elementor-element-9110350 elementor-widget elementor-widget-heading\" data-id=\"9110350\" data-element_type=\"widget\" data-e-type=\"widget\" data-widget_type=\"heading.default\">\n\t\t\t\t<div class=\"elementor-widget-container\">\n\t\t\t\t\t<h4 class=\"elementor-heading-title elementor-size-default\">\"Creat el 1988 BBS Advocats Associats Assessors Legals i Tributaris est\u00e0 especialitzat en tots els camps que componen el dret de l'empresa.\".<\/h4>\t\t\t\t<\/div>\n\t\t\t\t<\/div>\n\t\t\t\t<\/div>\n\t\t<div class=\"elementor-element elementor-element-f65609a e-con-full e-flex e-con e-child\" data-id=\"f65609a\" data-element_type=\"container\" data-e-type=\"container\">\n\t\t\t\t<div class=\"elementor-element elementor-element-d3054da elementor-widget elementor-widget-heading\" data-id=\"d3054da\" data-element_type=\"widget\" data-e-type=\"widget\" data-widget_type=\"heading.default\">\n\t\t\t\t<div class=\"elementor-widget-container\">\n\t\t\t\t\t<h2 class=\"elementor-heading-title elementor-size-default\">Reclamaci\u00f3 extrajudicial de Deutes:<\/h2>\t\t\t\t<\/div>\n\t\t\t\t<\/div>\n\t\t\t\t<div class=\"elementor-element elementor-element-619ea2d elementor-widget elementor-widget-text-editor\" data-id=\"619ea2d\" data-element_type=\"widget\" data-e-type=\"widget\" data-widget_type=\"text-editor.default\">\n\t\t\t\t<div class=\"elementor-widget-container\">\n\t\t\t\t\t\t\t\t\t<p>Requeriment de pagament via burofax. En aquesta comunicaci\u00f3 se li detalla al mor\u00f3s l&#8217;import total de l&#8217;impagament, oferint-li un breu termini per liquidar el seu deute. Aquesta reclamaci\u00f3 \u00e9s molt important a l&#8217;efecte d&#8217;interrompre la prescripci\u00f3 i, alhora, en mat\u00e8ria de costes. En relaci\u00f3 amb aquest darrer punt, si el creditor interposa una demanda, en cas que el deutor s&#8217;aplani en el termini de contestaci\u00f3, si s&#8217;havia fet una reclamaci\u00f3 extrajudicial pr\u00e8via se li imposaran les costes al deutor.<\/p>\n<p>En cas de no obtenir resposta ni soluci\u00f3 satisfact\u00f2ria, es tindria per esgotada la via extrajudicial,> i interposeu<\/p>\n\t\t\t\t\t\t\t\t<\/div>\n\t\t\t\t<\/div>\n\t\t\t\t<div class=\"elementor-element elementor-element-43628fb elementor-widget elementor-widget-heading\" data-id=\"43628fb\" data-element_type=\"widget\" data-e-type=\"widget\" data-widget_type=\"heading.default\">\n\t\t\t\t<div class=\"elementor-widget-container\">\n\t\t\t\t\t<h2 class=\"elementor-heading-title elementor-size-default\">Reclamaci\u00f3 Judicial de Deutes:<\/h2>\t\t\t\t<\/div>\n\t\t\t\t<\/div>\n\t\t\t\t<div class=\"elementor-element elementor-element-6c63f17 elementor-widget elementor-widget-text-editor\" data-id=\"6c63f17\" data-element_type=\"widget\" data-e-type=\"widget\" data-widget_type=\"text-editor.default\">\n\t\t\t\t<div class=\"elementor-widget-container\">\n\t\t\t\t\t\t\t\t\tHi ha diferents vies de reclamaci\u00f3 judicial de deutes. Dep\u00e8n del cas concret, ser\u00e0 m\u00e9s convenient prendre una o altra via.<br><br><br><strong>1) Procediment monitori<\/strong>: \u00e9s un procediment judicial per reclamar el pagament de deutes dineraris de qualsevol import sempre que reuneixin una s\u00e8rie de requisits:<br><ul>\r\n \t<li><strong>Tractar-se d&#8217;un <u>deute\u00a0<\/u><\/strong><u><strong>diner\u00e0ria<\/strong>,\u00a0<strong>l\u00edquida<\/strong>,\u00a0<strong>determinada<\/strong>,\u00a0<strong>ven\u00e7uda<\/strong>\u00a0i\u00a0<strong>exigible<\/strong>.\r\n \t<li><strong>Que el deute<u> s&#8217;acrediti d&#8217;alguna de les maneres seg\u00fcents<\/u>:<\/strong>\r\n<ul>\r\n \t<li>Documents que apareguin signats pel deutor o amb el seu segell, empremta o marca o amb qualsevol altre senyal, f\u00edsic o electr\u00f2nic.<\/li>\r\n \t<li>Mitjan\u00e7ant factures, albarans de lliurament, certificacions, telegrames telefax o qualssevol altres documents que, fins i tot unilateralment creador pel creditor, siguin dels que habitualment documentes els cr\u00e8dits i deutes en relacions de classe que aparegui existent entre creditor i deutor.<\/li>\r\n<\/ul><br><\/li><br><\/ul><br><br><strong>2) Judici declaratiu<\/strong> corresponent en funci\u00f3 de la quantia deguda (ordinari o verbal).<br><br><br><strong>3) Demanda d&#8217;execuci\u00f3:<\/strong> en cas que disposeu d&#8217;un t\u00edtol executiu, ja sigui judicial (EJ: sent\u00e8ncia) o extrajudicial (EJ: Escriptura p\u00fablica). A trav\u00e9s de la demanda dexecuci\u00f3 l se sol\u00b7licita l embargament de b\u00e9ns del deutor per al cobrament for\u00e7\u00f3s de la quantitat pendent de pagament, interessos i costes de l executiu.\t\t\t\t\t\t\t\t<\/div>\n\t\t\t\t<\/div>\n\t\t\t\t<div class=\"elementor-element elementor-element-4875733 elementor-widget elementor-widget-heading\" data-id=\"4875733\" data-element_type=\"widget\" data-e-type=\"widget\" data-widget_type=\"heading.default\">\n\t\t\t\t<div class=\"elementor-widget-container\">\n\t\t\t\t\t<h3 class=\"elementor-heading-title elementor-size-default\">news<\/h3>\t\t\t\t<\/div>\n\t\t\t\t<\/div>\n\t\t\t\t<div class=\"elementor-element elementor-element-9bca559 elementor-grid-3 elementor-grid-tablet-2 elementor-grid-mobile-1 elementor-widget elementor-widget-portfolio\" data-id=\"9bca559\" data-element_type=\"widget\" data-e-type=\"widget\" data-settings=\"{&quot;row_gap&quot;:{&quot;unit&quot;:&quot;px&quot;,&quot;size&quot;:10,&quot;sizes&quot;:[]},&quot;columns&quot;:&quot;3&quot;,&quot;columns_tablet&quot;:&quot;2&quot;,&quot;columns_mobile&quot;:&quot;1&quot;,&quot;item_ratio&quot;:{&quot;unit&quot;:&quot;px&quot;,&quot;size&quot;:0.66,&quot;sizes&quot;:[]},&quot;item_gap&quot;:{&quot;unit&quot;:&quot;px&quot;,&quot;size&quot;:&quot;&quot;,&quot;sizes&quot;:[]}}\" data-widget_type=\"portfolio.default\">\n\t\t\t\t<div class=\"elementor-widget-container\">\n\t\t\t\t\t\t\t<div class=\"elementor-portfolio elementor-grid elementor-posts-container\" role=\"list\">\n\t\t\t\t<article class=\"elementor-portfolio-item elementor-post  post-11975 post type-post status-publish format-standard has-post-thumbnail hentry category-assesorament-hipoteques category-hipoteca-inversa-ca category-hipoteca-tranquillitat-creixent category-hipoteques-multidivisa-ca category-irph-ca category-noticies-juridiques category-noticies-juridiques-novetats-legals-rellevants\" role=\"listitem\">\n\t\t\t<a class=\"elementor-post__thumbnail__link\" href=\"https:\/\/www.bbsabogados.com\/ca\/advocats-experts-en-irph-nullitat-devolucio-dinteressos-i-exit-judicial-garantit\/\">\n\t\t\t\t<div class=\"elementor-portfolio-item__img elementor-post__thumbnail\">\n\t\t\t<img fetchpriority=\"high\" decoding=\"async\" width=\"402\" height=\"253\" src=\"https:\/\/www.bbsabogados.com\/wp-content\/uploads\/2025\/10\/expertos-en-irph-1.webp\" class=\"attachment-full size-full wp-image-12102\" alt=\"Abogados expertos en IRPH\" srcset=\"https:\/\/www.bbsabogados.com\/wp-content\/uploads\/2025\/10\/expertos-en-irph-1.webp 402w, https:\/\/www.bbsabogados.com\/wp-content\/uploads\/2025\/10\/expertos-en-irph-1-300x189.webp 300w\" sizes=\"(max-width: 402px) 100vw, 402px\" \/>\t\t<\/div>\n\t\t\t\t<div class=\"elementor-portfolio-item__overlay\">\n\t\t\t\t<h3 class=\"elementor-portfolio-item__title\">\n\t\tAdvocats experts en IRPH: nul\u00b7litat, devoluci\u00f3 d&#8217;interessos i \u00e8xit judicial garantit\t\t<\/h3>\n\t\t\t\t<\/div>\n\t\t\t\t<\/a>\n\t\t<\/article>\n\t\t\t\t<article class=\"elementor-portfolio-item elementor-post  post-10103 post type-post status-publish format-standard has-post-thumbnail hentry category-cda-triodos-bank-certificat-de-diposits-per-a-accions category-noticies-juridiques category-noticies-juridiques-novetats-legals-rellevants tag-cda-ca tag-sentencies tag-tridosbank-ca tag-triodos-ca\" role=\"listitem\">\n\t\t\t<a class=\"elementor-post__thumbnail__link\" href=\"https:\/\/www.bbsabogados.com\/ca\/cdas-triodos-bank-sentencia-favorable-a-madrid\/\">\n\t\t\t\t<div class=\"elementor-portfolio-item__img elementor-post__thumbnail\">\n\t\t\t<img decoding=\"async\" width=\"638\" height=\"402\" src=\"https:\/\/www.bbsabogados.com\/wp-content\/uploads\/2024\/10\/CDAs-Triodos-Bank-Sentencia-favorable-en-Madrid.jpg\" class=\"attachment-full size-full wp-image-10090\" alt=\"\" srcset=\"https:\/\/www.bbsabogados.com\/wp-content\/uploads\/2024\/10\/CDAs-Triodos-Bank-Sentencia-favorable-en-Madrid.jpg 638w, https:\/\/www.bbsabogados.com\/wp-content\/uploads\/2024\/10\/CDAs-Triodos-Bank-Sentencia-favorable-en-Madrid-300x189.jpg 300w\" sizes=\"(max-width: 638px) 100vw, 638px\" \/>\t\t<\/div>\n\t\t\t\t<div class=\"elementor-portfolio-item__overlay\">\n\t\t\t\t<h3 class=\"elementor-portfolio-item__title\">\n\t\tCDAs Triodos Bank: Sent\u00e8ncia favorable a Madrid\t\t<\/h3>\n\t\t\t\t<\/div>\n\t\t\t\t<\/a>\n\t\t<\/article>\n\t\t\t\t<article class=\"elementor-portfolio-item elementor-post  post-9241 post type-post status-publish format-standard has-post-thumbnail hentry category-cda-triodos-bank-certificat-de-diposits-per-a-accions category-noticies-juridiques category-noticies-juridiques-novetats-legals-rellevants category-sentencies-destacades-bbs-advocats\" role=\"listitem\">\n\t\t\t<a class=\"elementor-post__thumbnail__link\" href=\"https:\/\/www.bbsabogados.com\/ca\/triodos-bank-condemnada-a-saragossa-per-venda-de-cdas-a-un-matrimono-per-la-suma-de-770-40634-e\/\">\n\t\t\t\t<div class=\"elementor-portfolio-item__img elementor-post__thumbnail\">\n\t\t\t<img decoding=\"async\" width=\"638\" height=\"402\" src=\"https:\/\/www.bbsabogados.com\/wp-content\/uploads\/2023\/12\/triodos_sentencia_zaragoza_2023_web.jpg\" class=\"attachment-full size-full wp-image-9149\" alt=\"Triodos Bank Condenada en Zaragoza.\" srcset=\"https:\/\/www.bbsabogados.com\/wp-content\/uploads\/2023\/12\/triodos_sentencia_zaragoza_2023_web.jpg 638w, https:\/\/www.bbsabogados.com\/wp-content\/uploads\/2023\/12\/triodos_sentencia_zaragoza_2023_web-300x189.jpg 300w\" sizes=\"(max-width: 638px) 100vw, 638px\" \/>\t\t<\/div>\n\t\t\t\t<div class=\"elementor-portfolio-item__overlay\">\n\t\t\t\t<h3 class=\"elementor-portfolio-item__title\">\n\t\tTriodos Bank Condemnada a Saragossa per Venda de CDAs a un Matrimono per la Suma de 770.406,34.-\u20ac\t\t<\/h3>\n\t\t\t\t<\/div>\n\t\t\t\t<\/a>\n\t\t<\/article>\n\t\t\t\t<\/div>\n\t\t\t\t\t\t<\/div>\n\t\t\t\t<\/div>\n\t\t\t\t<\/div>\n\t\t\t\t<\/div>\n\t\t\t\t<\/div>\n\t\t\t\t\t<\/div>\n\t\t\t\t<\/div>\n\t\t\t\t<\/div>\n\t\t","protected":false},"excerpt":{"rendered":"<p>Reclamaci\u00f3n de Deudas &#8220;Creat el 1988 BBS Advocats Associats Assessors Legals i Tributaris est\u00e0 especialitzat en tots els camps que componen el dret de l&#8217;empresa.&#8221;. Reclamaci\u00f3 extrajudicial de Deutes: Requeriment de pagament via burofax. En aquesta comunicaci\u00f3 se li detalla al mor\u00f3s l&#8217;import total de l&#8217;impagament, oferint-li un breu termini per liquidar el seu deute. [&hellip;]<\/p>\n","protected":false},"author":2,"featured_media":2329,"parent":0,"menu_order":0,"comment_status":"closed","ping_status":"closed","template":"","meta":{"_acf_changed":false,"_monsterinsights_skip_tracking":false,"_monsterinsights_sitenote_active":false,"_monsterinsights_sitenote_note":"","_monsterinsights_sitenote_category":0,"footnotes":""},"class_list":["post-4040","page","type-page","status-publish","has-post-thumbnail","hentry"],"acf":[],"yoast_head":"<!-- This site is optimized with the Yoast SEO plugin v27.2 - https:\/\/yoast.com\/product\/yoast-seo-wordpress\/ -->\n<title>Reclamaci\u00f3 extrajudicial de Deutes:<\/title>\n<meta name=\"description\" content=\"Requeriment de pagament via burofax. En aquesta comunicaci\u00f3 se li detalla a l\u2019mor\u00f3s l\u2019import total de l\u2019impagament, oferint-li un breu termini per liquidar el seu deute.\" \/>\n<meta name=\"robots\" content=\"index, follow, max-snippet:-1, max-image-preview:large, max-video-preview:-1\" \/>\n<link rel=\"canonical\" href=\"https:\/\/www.bbsabogados.com\/ca\/reclamacio-de-deutes\/\" \/>\n<meta property=\"og:locale\" content=\"ca_ES\" \/>\n<meta property=\"og:type\" content=\"article\" \/>\n<meta property=\"og:title\" content=\"Reclamaci\u00f3 extrajudicial de Deutes:\" \/>\n<meta property=\"og:description\" content=\"Requeriment de pagament via burofax. En aquesta comunicaci\u00f3 se li detalla a l\u2019mor\u00f3s l\u2019import total de l\u2019impagament, oferint-li un breu termini per liquidar el seu deute.\" \/>\n<meta property=\"og:url\" content=\"https:\/\/www.bbsabogados.com\/ca\/reclamacio-de-deutes\/\" \/>\n<meta property=\"og:site_name\" content=\"Despacho BBS Abogados\" \/>\n<meta property=\"article:publisher\" content=\"https:\/\/www.linkedin.com\/in\/arcadi-sala-planell-bbs-abogados-29a37516\/\" \/>\n<meta property=\"article:modified_time\" content=\"2026-03-10T13:03:16+00:00\" \/>\n<meta property=\"og:image\" content=\"https:\/\/www.bbsabogados.com\/wp-content\/uploads\/2020\/06\/general_blogs3.jpg\" \/>\n\t<meta property=\"og:image:width\" content=\"450\" \/>\n\t<meta property=\"og:image:height\" content=\"300\" \/>\n\t<meta property=\"og:image:type\" content=\"image\/jpeg\" \/>\n<meta name=\"twitter:card\" content=\"summary_large_image\" \/>\n<meta name=\"twitter:site\" content=\"@bbsabogados\" \/>\n<meta name=\"twitter:label1\" content=\"Temps estimat de lectura\" \/>\n\t<meta name=\"twitter:data1\" content=\"2 minuts\" \/>\n<script type=\"application\/ld+json\" class=\"yoast-schema-graph\">{\"@context\":\"https:\/\/schema.org\",\"@graph\":[{\"@type\":\"WebPage\",\"@id\":\"https:\/\/www.bbsabogados.com\/ca\/reclamacio-de-deutes\/\",\"url\":\"https:\/\/www.bbsabogados.com\/ca\/reclamacio-de-deutes\/\",\"name\":\"Reclamaci\u00f3 extrajudicial de Deutes:\",\"isPartOf\":{\"@id\":\"https:\/\/www.bbsabogados.com\/ca\/#website\"},\"primaryImageOfPage\":{\"@id\":\"https:\/\/www.bbsabogados.com\/ca\/reclamacio-de-deutes\/#primaryimage\"},\"image\":{\"@id\":\"https:\/\/www.bbsabogados.com\/ca\/reclamacio-de-deutes\/#primaryimage\"},\"thumbnailUrl\":\"https:\/\/www.bbsabogados.com\/wp-content\/uploads\/2020\/06\/general_blogs3.jpg\",\"datePublished\":\"2021-01-07T15:10:49+00:00\",\"dateModified\":\"2026-03-10T13:03:16+00:00\",\"description\":\"Requeriment de pagament via burofax. En aquesta comunicaci\u00f3 se li detalla a l\u2019mor\u00f3s l\u2019import total de l\u2019impagament, oferint-li un breu termini per liquidar el seu deute.\",\"breadcrumb\":{\"@id\":\"https:\/\/www.bbsabogados.com\/ca\/reclamacio-de-deutes\/#breadcrumb\"},\"inLanguage\":\"ca\",\"potentialAction\":[{\"@type\":\"ReadAction\",\"target\":[\"https:\/\/www.bbsabogados.com\/ca\/reclamacio-de-deutes\/\"]}]},{\"@type\":\"ImageObject\",\"inLanguage\":\"ca\",\"@id\":\"https:\/\/www.bbsabogados.com\/ca\/reclamacio-de-deutes\/#primaryimage\",\"url\":\"https:\/\/www.bbsabogados.com\/wp-content\/uploads\/2020\/06\/general_blogs3.jpg\",\"contentUrl\":\"https:\/\/www.bbsabogados.com\/wp-content\/uploads\/2020\/06\/general_blogs3.jpg\",\"width\":450,\"height\":300,\"caption\":\"bbs abogados\"},{\"@type\":\"BreadcrumbList\",\"@id\":\"https:\/\/www.bbsabogados.com\/ca\/reclamacio-de-deutes\/#breadcrumb\",\"itemListElement\":[{\"@type\":\"ListItem\",\"position\":1,\"name\":\"Inicio\",\"item\":\"https:\/\/www.bbsabogados.com\/ca\/\"},{\"@type\":\"ListItem\",\"position\":2,\"name\":\"Reclamaci\u00f3 de Deutes\"}]},{\"@type\":\"WebSite\",\"@id\":\"https:\/\/www.bbsabogados.com\/ca\/#website\",\"url\":\"https:\/\/www.bbsabogados.com\/ca\/\",\"name\":\"BBS Abogados\",\"description\":\"Expertos en Derecho Bancario y Financiero\",\"publisher\":{\"@id\":\"https:\/\/www.bbsabogados.com\/ca\/#organization\"},\"potentialAction\":[{\"@type\":\"SearchAction\",\"target\":{\"@type\":\"EntryPoint\",\"urlTemplate\":\"https:\/\/www.bbsabogados.com\/ca\/?s={search_term_string}\"},\"query-input\":{\"@type\":\"PropertyValueSpecification\",\"valueRequired\":true,\"valueName\":\"search_term_string\"}}],\"inLanguage\":\"ca\"},{\"@type\":\"Organization\",\"@id\":\"https:\/\/www.bbsabogados.com\/ca\/#organization\",\"name\":\"BBS Abogados\",\"url\":\"https:\/\/www.bbsabogados.com\/ca\/\",\"logo\":{\"@type\":\"ImageObject\",\"inLanguage\":\"ca\",\"@id\":\"https:\/\/www.bbsabogados.com\/ca\/#\/schema\/logo\/image\/\",\"url\":\"https:\/\/www.bbsabogados.com\/wp-content\/uploads\/2020\/02\/LOGO_Abogados_BBS.png\",\"contentUrl\":\"https:\/\/www.bbsabogados.com\/wp-content\/uploads\/2020\/02\/LOGO_Abogados_BBS.png\",\"width\":130,\"height\":83,\"caption\":\"BBS Abogados\"},\"image\":{\"@id\":\"https:\/\/www.bbsabogados.com\/ca\/#\/schema\/logo\/image\/\"},\"sameAs\":[\"https:\/\/www.linkedin.com\/in\/arcadi-sala-planell-bbs-abogados-29a37516\/\",\"https:\/\/x.com\/bbsabogados\",\"https:\/\/www.facebook.com\/pages\/BBS-Abogados-y-Asesores-Financieros\/161040880606162\",\"https:\/\/www.instagram.com\/bbsabogados\/\"]}]}<\/script>\n<!-- \/ Yoast SEO plugin. -->","yoast_head_json":{"title":"Reclamaci\u00f3 extrajudicial de Deutes:","description":"Requeriment de pagament via burofax. En aquesta comunicaci\u00f3 se li detalla a l\u2019mor\u00f3s l\u2019import total de l\u2019impagament, oferint-li un breu termini per liquidar el seu deute.","robots":{"index":"index","follow":"follow","max-snippet":"max-snippet:-1","max-image-preview":"max-image-preview:large","max-video-preview":"max-video-preview:-1"},"canonical":"https:\/\/www.bbsabogados.com\/ca\/reclamacio-de-deutes\/","og_locale":"ca_ES","og_type":"article","og_title":"Reclamaci\u00f3 extrajudicial de Deutes:","og_description":"Requeriment de pagament via burofax. En aquesta comunicaci\u00f3 se li detalla a l\u2019mor\u00f3s l\u2019import total de l\u2019impagament, oferint-li un breu termini per liquidar el seu deute.","og_url":"https:\/\/www.bbsabogados.com\/ca\/reclamacio-de-deutes\/","og_site_name":"Despacho BBS Abogados","article_publisher":"https:\/\/www.linkedin.com\/in\/arcadi-sala-planell-bbs-abogados-29a37516\/","article_modified_time":"2026-03-10T13:03:16+00:00","og_image":[{"width":450,"height":300,"url":"https:\/\/www.bbsabogados.com\/wp-content\/uploads\/2020\/06\/general_blogs3.jpg","type":"image\/jpeg"}],"twitter_card":"summary_large_image","twitter_site":"@bbsabogados","twitter_misc":{"Temps estimat de lectura":"2 minuts"},"schema":{"@context":"https:\/\/schema.org","@graph":[{"@type":"WebPage","@id":"https:\/\/www.bbsabogados.com\/ca\/reclamacio-de-deutes\/","url":"https:\/\/www.bbsabogados.com\/ca\/reclamacio-de-deutes\/","name":"Reclamaci\u00f3 extrajudicial de Deutes:","isPartOf":{"@id":"https:\/\/www.bbsabogados.com\/ca\/#website"},"primaryImageOfPage":{"@id":"https:\/\/www.bbsabogados.com\/ca\/reclamacio-de-deutes\/#primaryimage"},"image":{"@id":"https:\/\/www.bbsabogados.com\/ca\/reclamacio-de-deutes\/#primaryimage"},"thumbnailUrl":"https:\/\/www.bbsabogados.com\/wp-content\/uploads\/2020\/06\/general_blogs3.jpg","datePublished":"2021-01-07T15:10:49+00:00","dateModified":"2026-03-10T13:03:16+00:00","description":"Requeriment de pagament via burofax. En aquesta comunicaci\u00f3 se li detalla a l\u2019mor\u00f3s l\u2019import total de l\u2019impagament, oferint-li un breu termini per liquidar el seu deute.","breadcrumb":{"@id":"https:\/\/www.bbsabogados.com\/ca\/reclamacio-de-deutes\/#breadcrumb"},"inLanguage":"ca","potentialAction":[{"@type":"ReadAction","target":["https:\/\/www.bbsabogados.com\/ca\/reclamacio-de-deutes\/"]}]},{"@type":"ImageObject","inLanguage":"ca","@id":"https:\/\/www.bbsabogados.com\/ca\/reclamacio-de-deutes\/#primaryimage","url":"https:\/\/www.bbsabogados.com\/wp-content\/uploads\/2020\/06\/general_blogs3.jpg","contentUrl":"https:\/\/www.bbsabogados.com\/wp-content\/uploads\/2020\/06\/general_blogs3.jpg","width":450,"height":300,"caption":"bbs abogados"},{"@type":"BreadcrumbList","@id":"https:\/\/www.bbsabogados.com\/ca\/reclamacio-de-deutes\/#breadcrumb","itemListElement":[{"@type":"ListItem","position":1,"name":"Inicio","item":"https:\/\/www.bbsabogados.com\/ca\/"},{"@type":"ListItem","position":2,"name":"Reclamaci\u00f3 de Deutes"}]},{"@type":"WebSite","@id":"https:\/\/www.bbsabogados.com\/ca\/#website","url":"https:\/\/www.bbsabogados.com\/ca\/","name":"BBS Abogados","description":"Expertos en Derecho Bancario y Financiero","publisher":{"@id":"https:\/\/www.bbsabogados.com\/ca\/#organization"},"potentialAction":[{"@type":"SearchAction","target":{"@type":"EntryPoint","urlTemplate":"https:\/\/www.bbsabogados.com\/ca\/?s={search_term_string}"},"query-input":{"@type":"PropertyValueSpecification","valueRequired":true,"valueName":"search_term_string"}}],"inLanguage":"ca"},{"@type":"Organization","@id":"https:\/\/www.bbsabogados.com\/ca\/#organization","name":"BBS Abogados","url":"https:\/\/www.bbsabogados.com\/ca\/","logo":{"@type":"ImageObject","inLanguage":"ca","@id":"https:\/\/www.bbsabogados.com\/ca\/#\/schema\/logo\/image\/","url":"https:\/\/www.bbsabogados.com\/wp-content\/uploads\/2020\/02\/LOGO_Abogados_BBS.png","contentUrl":"https:\/\/www.bbsabogados.com\/wp-content\/uploads\/2020\/02\/LOGO_Abogados_BBS.png","width":130,"height":83,"caption":"BBS Abogados"},"image":{"@id":"https:\/\/www.bbsabogados.com\/ca\/#\/schema\/logo\/image\/"},"sameAs":["https:\/\/www.linkedin.com\/in\/arcadi-sala-planell-bbs-abogados-29a37516\/","https:\/\/x.com\/bbsabogados","https:\/\/www.facebook.com\/pages\/BBS-Abogados-y-Asesores-Financieros\/161040880606162","https:\/\/www.instagram.com\/bbsabogados\/"]}]}},"_links":{"self":[{"href":"https:\/\/www.bbsabogados.com\/ca\/wp-json\/wp\/v2\/pages\/4040","targetHints":{"allow":["GET"]}}],"collection":[{"href":"https:\/\/www.bbsabogados.com\/ca\/wp-json\/wp\/v2\/pages"}],"about":[{"href":"https:\/\/www.bbsabogados.com\/ca\/wp-json\/wp\/v2\/types\/page"}],"author":[{"embeddable":true,"href":"https:\/\/www.bbsabogados.com\/ca\/wp-json\/wp\/v2\/users\/2"}],"replies":[{"embeddable":true,"href":"https:\/\/www.bbsabogados.com\/ca\/wp-json\/wp\/v2\/comments?post=4040"}],"version-history":[{"count":5,"href":"https:\/\/www.bbsabogados.com\/ca\/wp-json\/wp\/v2\/pages\/4040\/revisions"}],"predecessor-version":[{"id":15517,"href":"https:\/\/www.bbsabogados.com\/ca\/wp-json\/wp\/v2\/pages\/4040\/revisions\/15517"}],"wp:featuredmedia":[{"embeddable":true,"href":"https:\/\/www.bbsabogados.com\/ca\/wp-json\/wp\/v2\/media\/2329"}],"wp:attachment":[{"href":"https:\/\/www.bbsabogados.com\/ca\/wp-json\/wp\/v2\/media?parent=4040"}],"curies":[{"name":"wp","href":"https:\/\/api.w.org\/{rel}","templated":true}]}}