{"id":4045,"date":"2021-01-07T16:23:36","date_gmt":"2021-01-07T15:23:36","guid":{"rendered":"https:\/\/www.bbsabogados.com\/politica-de-cookies\/"},"modified":"2022-03-02T12:37:28","modified_gmt":"2022-03-02T11:37:28","slug":"politica-de-cookies","status":"publish","type":"page","link":"https:\/\/www.bbsabogados.com\/ca\/politica-de-cookies\/","title":{"rendered":"Pol\u00edtica de Cookies"},"content":{"rendered":"\t\t<div data-elementor-type=\"wp-page\" data-elementor-id=\"4045\" class=\"elementor elementor-4045 elementor-2381\" data-elementor-post-type=\"page\">\n\t\t\t\t\t\t<section class=\"elementor-section elementor-top-section elementor-element elementor-element-4f3c53c1 elementor-section-boxed elementor-section-height-default elementor-section-height-default\" data-id=\"4f3c53c1\" data-element_type=\"section\" data-e-type=\"section\">\n\t\t\t\t\t\t<div class=\"elementor-container elementor-column-gap-default\">\n\t\t\t\t\t<div class=\"elementor-column elementor-col-100 elementor-top-column elementor-element elementor-element-4d1255e9\" data-id=\"4d1255e9\" data-element_type=\"column\" data-e-type=\"column\" data-settings=\"{&quot;background_background&quot;:&quot;classic&quot;}\">\n\t\t\t<div class=\"elementor-widget-wrap elementor-element-populated\">\n\t\t\t\t\t\t<div class=\"elementor-element elementor-element-7333a9e elementor-widget elementor-widget-heading\" data-id=\"7333a9e\" data-element_type=\"widget\" data-e-type=\"widget\" data-widget_type=\"heading.default\">\n\t\t\t\t<div class=\"elementor-widget-container\">\n\t\t\t\t\t<h1 class=\"elementor-heading-title elementor-size-default\">Politica de Cookies<\/h1>\t\t\t\t<\/div>\n\t\t\t\t<\/div>\n\t\t\t\t<div class=\"elementor-element elementor-element-8701ac6 elementor-widget elementor-widget-text-editor\" data-id=\"8701ac6\" data-element_type=\"widget\" data-e-type=\"widget\" data-widget_type=\"text-editor.default\">\n\t\t\t\t<div class=\"elementor-widget-container\">\n\t\t\t\t\t\t\t\t\t<p>Pol\u00edtica de Cookies<\/p>\n<p>Aquesta p\u00e0gina web fa servir galetes per millorar l&#8217;experi\u00e8ncia de l&#8217;usuari. A continuaci\u00f3, trobareu informaci\u00f3 sobre qu\u00e8 s\u00f3n les galetes, quin tipus de cookies utilitza aquesta p\u00e0gina, com pot desactivar les cookies en el seu navegador i com desactivar espec\u00edficament la instal\u00b7laci\u00f3 de cookies de tercers. Si no troba la informaci\u00f3 espec\u00edfica que vost\u00e8 est\u00e0 buscant, si us plau envi\u00ef un correu a bbsabogados@bbsabogados.com<br \/>\nantecedents<\/p>\n<p>De conformitat amb la normativa espanyola que regula l&#8217;\u00fas de cookies en relaci\u00f3 a la prestaci\u00f3 de serveis de comunicacions electr\u00f2niques, recollida en el Reial Decret Llei 13\/2012 de l&#8217;30 de mar\u00e7, l&#8217;informem sobre les cookies utilitzades en el lloc web <strong>BBS ADVOCATS<\/strong> (tamb\u00e9 el prestador) i el motiu del seu \u00fas. Aix\u00ed mateix, li informa que a l&#8217;navegar en el Lloc Web vost\u00e8 est\u00e0 prestant el seu consentiment per poder utilitzar-les.<\/p>\n<p><strong>Qu\u00e8 s\u00f3n les galetes?<\/strong><\/p>\n<p>Una galeta \u00e9s un fitxer que es descarrega al seu ordinador a l&#8217;accedir a determinades p\u00e0gines web. Les cookies permeten a una p\u00e0gina web, entre altres coses, emmagatzemar i recuperar informaci\u00f3 sobre els h\u00e0bits de navegaci\u00f3 d&#8217;un usuari o del seu equip i, depenent de la informaci\u00f3 que continguin i de la forma en qu\u00e8 utilitzi el seu equip, es poden utilitzar per recon\u00e8ixer a l&#8217;usuari. Les cookies s&#8217;associen \u00fanicament a un usuari an\u00f2nim i el seu ordinador o dispositiu i no proporcionen refer\u00e8ncies que permetin con\u00e8ixer les seves dades personals.<\/p>\n<p><strong>Galetes afectades per la normativa i galetes Exemptes<\/strong><\/p>\n<p>Segons la directiva de la UE, les galetes que requereixen el consentiment informat per part de l&#8217;usuari s\u00f3n les galetes d&#8217;anal\u00edtica i les de publicitat i afiliaci\u00f3, quedant exceptuades les de car\u00e0cter t\u00e8cnic i les necess\u00e0ries per al funcionament de la p\u00e0gina web o la prestaci\u00f3 de serveis expressament demandats per l&#8217;usuari.<\/p>\n<p><strong>Tipus de Cookies<\/strong><\/p>\n<p>Aquest lloc web utilitza les galetes seg\u00fcents pr\u00f2pies:<\/p>\n<p>a) Segons l&#8217;entitat que les gestioni, hi ha Galetes pr\u00f2pies (aquelles que s&#8217;envien a l&#8217;equip terminal de l&#8217;usuari des d&#8217;un equip o domini gestionat pel propi editor i des del qual es presta el servei Sol\u00b7licitat per l&#8217;usuari) i de tercers (les que s&#8217;envien a l&#8217;equip terminal de l&#8217;usuari des d&#8217;un equip o domini que no \u00e9s gestionat per l&#8217;editor, sin\u00f3 per una altra entitat que tracta les dades obtingudes mitjan\u00e7ant les galetes).<\/p>\n<p>b) Segons el temps que romanen actives, hi ha les de sessi\u00f3 (dissenyades per a demanar i emmagatzemar dades mentre l&#8217;usuari accedeix a una p\u00e0gina web) i les persistents (en qu\u00e8 les dades s&#8217;emmagatzemen en el terminal i poden ser accedits i tractats durant un per\u00edode definit pel responsable de la galeta -pot anar d&#8217;uns minuts a diversos anys-).<\/p>\n<p>c) Segons la finalitat per a la qual tracten la informaci\u00f3 que recopilen, poden ser:<br \/>\n&#8211; Galetes t\u00e8cniques (necess\u00e0ries per a l&#8217;\u00fas del web i la prestaci\u00f3 de servei contractat),<br \/>\n&#8211; Galetes de personalitzaci\u00f3 (que permeten a l&#8217;usuari accedir a el servei amb caracter\u00edstiques predefinides, com ara l&#8217;idioma, tipus de navegador, configuraci\u00f3 regional, etc.)<br \/>\n&#8211; Galetes d&#8217;an\u00e0lisi (recullen informaci\u00f3 l&#8217;\u00fas que es realitza del web),<br \/>\n&#8211; Galetes publicit\u00e0ries (recullen informaci\u00f3 sobre les prefer\u00e8ncies i eleccions personals dels usuaris),<br \/>\n&#8211; Galetes d&#8217;afiliats (permeten fer un seguiment de les visites procedents d&#8217;altres webs, amb les que el lloc web estableix un contracte d&#8217;afiliaci\u00f3).<\/p>\n<p><strong>Tipus de galetes utilitzades per aquest lloc web<\/strong><\/p>\n<p>Les galetes utilitzades al nostre lloc web s\u00f3n de sessi\u00f3 i de tercers, i ens permeten emmagatzemar i accedira informaci\u00f3 relativa a l&#8217;idioma, el tipus de navegador utilitzat, i altres caracter\u00edstiques generals predefinides per l&#8217;usuari, aix\u00ed com seguir i analitzar l&#8217;activitat que porta a terme per millorar i prestar els nostres serveis d&#8217;una manera m\u00e9s eficient i personalitzada. Les cookies utilitzades tenen, en tot cas, car\u00e0cter temporal, amb l&#8217;\u00fanica finalitat de fer m\u00e9s efica\u00e7 la navegaci\u00f3. En cap cas aquestes cookies proporcionen per si mateixes dades de car\u00e0cter personal i no es fan servir per a la recollida dels mateixos.<br \/>\nLa utilitzaci\u00f3 de les cookies ofereix avantatges, com ara:<br \/>\n&#8211; facilita l&#8217;usuari la navegaci\u00f3 i l&#8217;acc\u00e9s als diferents serveis que ofereix aquest lloc web;<br \/>\n&#8211; evita a l&#8217;usuari haver de configurar les caracter\u00edstiques generals predefinides cada vegada que accedeix a la p\u00e0gina web.<br \/>\n&#8211; afavoreix la millora de l&#8217;funcionament i dels serveis prestats a trav\u00e9s d&#8217;aquest lloc web, despr\u00e9s del corresponent an\u00e0lisi de la informaci\u00f3 obtinguda a trav\u00e9s de les cookies instal\u00b7lades.<br \/>\nA l&#8217;accedir a la nostra web se l&#8217;informa que si segueix navegant se li s&#8217;instal\u00b7laran diverses galetes de tercers consentint aix\u00ed la instal\u00b7laci\u00f3 de determinades galetes que tindran com a \u00fanica finalitat la de registrar l&#8217;acc\u00e9s al nostre lloc web per a la realitzaci\u00f3 d&#8217;estad\u00edstiques an\u00f2nimes sobre les visites, recopilant informaci\u00f3 sempre de forma an\u00f2nima. No cal que accepti la instal\u00b7laci\u00f3 d&#8217;aquestes cookies, pot navegar igualment per tota la nostra web.<\/p>\n<p><strong>Revocaci\u00f3<\/strong><\/p>\n<p>En tot moment podr\u00e0 accedir a la configuraci\u00f3 del seu navegador acceptant o rebutjant totes les galetes, o b\u00e9 seleccionar aquelles la instal\u00b7laci\u00f3 admet i quins no, seguint un losiguientes procediments, que dep\u00e8n de el navegador que utilitze:<\/p>\n<ul>\n<li style=\"list-style-type: none;\">\n<ul>\n<li><strong> Google Chrome<\/strong> Configuraci\u00f3n &gt; Mostrar opciones avanzadas &gt; Privacidad (Configuraci\u00f3n de contenido) &gt; Cookies:https:\/\/support.google.com\/chrome\/answer\/95647?co=GENIE.Platform%3DDesktop&amp;hl=es<\/li>\n<\/ul>\n<\/li>\n<\/ul>\n<p><strong>Microsoft Internet Explorer<\/strong><\/p>\n<ul>\n<li style=\"list-style-type: none;\">\n<ul>Opciones de Internet &gt; Privacidad &gt; Avanzada: https:\/\/support.microsoft.com\/es-es\/help\/17442\/windowsinternet-explorer-delete-manage-cookies<\/ul>\n<\/li>\n<\/ul>\n<ul>\n<li><strong>Firefox:<\/strong> Opciones &gt; Privacidad &gt; Cookies: https:\/\/support.mozilla.org\/es\/kb\/habilitar-y-deshabilitar-cookies-sitios-webrastrear-preferencias<\/li>\n<li><strong>Safari, iPad y iPhone:<\/strong> Preferencias &gt; Privacidad: https:\/\/support.apple.com\/kb\/ph21411?locale=es_ES<\/li>\n<li><strong>Opera::<\/strong> Configuraci\u00f3n &gt; Opciones &gt; Avanzado &gt; Cookies: http:\/\/help.opera.com\/Windows\/12.00\/es-ES\/cookies.html<\/li>\n<\/ul>\n<p>Aquests navegadors estan sotmesos a actualitzacions o modificacions, pel que no podem garantir que s&#8217;ajustin completament a la versi\u00f3 del seu navegador. Tamb\u00e9 pot ser que utilitzi un altre navegador no contemplat en aquests enlla\u00e7os com ara Konqueror, Arora, Flock, etc. Per evitar aquests desajustos, pot accedir directament des de les opcions del seu navegador, generalment al men\u00fa de &#8220;Opcions&#8221; a la secci\u00f3 de &#8220;Privadesa&#8221;. (Si us plau, consulteu l&#8217;ajuda del seu navegador per a m\u00e9s informaci\u00f3).<\/p>\n<p><strong>Desactivaci\u00f3 o eliminaci\u00f3 de galetes<\/strong><\/p>\n<p>En qualsevol moment podr\u00e0 exercir el seu dret de desactivaci\u00f3 o eliminaci\u00f3 de galetes d&#8217;aquest lloc web. Aquestes accions es realitzen de forma diferent en funci\u00f3 de el navegador que esteu utilitzant. Aqu\u00ed li deixem una guia r\u00e0pida per als navegadors m\u00e9s populars.<\/p>\n<p>Per restringir o bloquejar les galetes, es fa a trav\u00e9s de la configuraci\u00f3 de el navegador<\/p>\n<p>Si no desitja que els llocs web posin cap galeta al seu equip, pot adaptar la configuraci\u00f3 de el navegador de manera que se li notifiqui abans que es col\u00b7loqui cap galeta. De la mateixa manera, pot adaptar la configuraci\u00f3 de manera que el navegador rebutgi totes les galetes, o \u00fanicament les galetes de tercers. Tamb\u00e9 pot eliminar qualsevol de les galetes que ja es trobin en l&#8217;equip. Recordeu que s&#8217;haur\u00e0 d&#8217;adaptar per separat la configuraci\u00f3 de cada navegador i equip que utilitzi.<\/p>\n<p>Cada navegador t\u00e9 un m\u00e8tode diferent per adaptar la configuraci\u00f3. Si cal, consulteu la funci\u00f3 d&#8217;ajuda de el navegador per establir la configuraci\u00f3 correcta.Para desactivar les galetes al tel\u00e8fon m\u00f2bil, consulteu el manual d&#8217;el dispositiu per a m\u00e9s informaci\u00f3.<\/p>\n<p>Podeu obtenir m\u00e9s informaci\u00f3 sobre les cookies a Internet, http:\/\/www.aboutcookies.org\/.<\/p>\n<p>Tenint en compte la forma en qu\u00e8 funciona Internet i els llocs web, no sempre comptem coninformaci\u00f3n de les cookies que col\u00b7loquen terceres parts a trav\u00e9s del nostre lloc web. Aix\u00f2 s&#8217;aplica especialment a casos en qu\u00e8 la nostra p\u00e0gina web cont\u00e9 el que es denominen elements integrats: textos, documents, imatges o breus pel\u00b7l\u00edcules que s&#8217;emmagatzemen en una altra part, per\u00f2 es mostren al nostre lloc web o mitjan\u00e7ant el mateix.<\/p>\n<p>Per tant, en cas que es trobi amb aquest tipus de galetes en aquest lloc web i no estiguin enumerades en la llista anterior, li preguem que ens ho comuniqui. O b\u00e9 poseu-vos en contacte directament amb el tercer per demanar-li informaci\u00f3 sobre les cookies que col\u00b7loca, la finalitat i la durada de la galeta, i com ha garantit la seva privacitat.<\/p>\n<h5><b>Notes adicionals<\/b><\/h5>\n<ul>\n<li>Ni aquest web ni els seus representants legals es fan responsables ni de contingut ni de la veracitat de les pol\u00edtiques de privacitat que puguin tenir els tercers esmentats en aquesta pol\u00edtica de galetes.<\/li>\n<li>Els navegadors web s\u00f3n les eines encarregades d&#8217;emmagatzemar les galetes i des d&#8217;aquest lloc d&#8217;efectuar el seu dret a eliminaci\u00f3 o desactivaci\u00f3 de les mateixes. Ni aquest web ni els seus representants legals poden garantir la correcta o incorrecta manipulaci\u00f3 de les galetes per part dels esmentats navegadors.<\/li>\n<li>En alguns casos \u00e9s necessari instal\u00b7lar cookies perqu\u00e8 el navegador no oblidi la seva decisi\u00f3 de no acceptaci\u00f3 de les mateixes.<\/li>\n<li>En el cas de les galetes de Google Analytics, aquesta empresa emmagatzema les galetes en els servidors als Estats Units i es compromet a no compartir-la amb tercers, excepte en els casos en qu\u00e8 sigui necessari per al funcionament de sistema o quan la llei obligui a aquest efecte. Segons Google no guarda la seva adre\u00e7a IP. Google Inc \u00e9s una companyia adherida a l&#8217;Acord de Port<\/li>\n<li>Segur que garanteix que totes les dades transferides seran tractades amb un nivell de protecci\u00f3 d&#8217;acord amb la normativa europea. Podeu consultar informaci\u00f3 detallada referent a aix\u00f2 en aquest enlla\u00e7. Si desitja informaci\u00f3 sobre l&#8217;\u00fas que Google d\u00f3na a les galetes li adjuntem aquest altre enlla\u00e7.<\/li>\n<li>Per a qualsevol dubte o consulta sobre aquesta pol\u00edtica de galetes no dubti en comunicar-se amb nosaltres a trav\u00e9s de la secci\u00f3 de contacte.<\/li>\n<\/ul>\n\t\t\t\t\t\t\t\t<\/div>\n\t\t\t\t<\/div>\n\t\t\t\t\t<\/div>\n\t\t<\/div>\n\t\t\t\t\t<\/div>\n\t\t<\/section>\n\t\t\t\t<\/div>\n\t\t","protected":false},"excerpt":{"rendered":"<p>Politica de Cookies Pol\u00edtica de Cookies Aquesta p\u00e0gina web fa servir galetes per millorar l&#8217;experi\u00e8ncia de l&#8217;usuari. A continuaci\u00f3, trobareu informaci\u00f3 sobre qu\u00e8 s\u00f3n les galetes, quin tipus de cookies utilitza aquesta p\u00e0gina, com pot desactivar les cookies en el seu navegador i com desactivar espec\u00edficament la instal\u00b7laci\u00f3 de cookies de tercers. Si no troba [&hellip;]<\/p>\n","protected":false},"author":2,"featured_media":2329,"parent":0,"menu_order":0,"comment_status":"closed","ping_status":"closed","template":"","meta":{"_acf_changed":false,"_monsterinsights_skip_tracking":false,"_monsterinsights_sitenote_active":false,"_monsterinsights_sitenote_note":"","_monsterinsights_sitenote_category":0,"footnotes":""},"class_list":["post-4045","page","type-page","status-publish","has-post-thumbnail","hentry"],"acf":[],"yoast_head":"<!-- This site is optimized with the Yoast SEO plugin v27.2 - https:\/\/yoast.com\/product\/yoast-seo-wordpress\/ -->\n<title>Pol\u00edtica de Cookies - Despacho BBS Abogados<\/title>\n<meta name=\"robots\" content=\"index, follow, max-snippet:-1, max-image-preview:large, max-video-preview:-1\" \/>\n<link rel=\"canonical\" href=\"https:\/\/www.bbsabogados.com\/ca\/politica-de-cookies\/\" \/>\n<meta property=\"og:locale\" content=\"ca_ES\" \/>\n<meta property=\"og:type\" content=\"article\" \/>\n<meta property=\"og:title\" content=\"Pol\u00edtica de Cookies - Despacho BBS Abogados\" \/>\n<meta property=\"og:description\" content=\"Politica de Cookies Pol\u00edtica de Cookies Aquesta p\u00e0gina web fa servir galetes per millorar l&#8217;experi\u00e8ncia de l&#8217;usuari. A continuaci\u00f3, trobareu informaci\u00f3 sobre qu\u00e8 s\u00f3n les galetes, quin tipus de cookies utilitza aquesta p\u00e0gina, com pot desactivar les cookies en el seu navegador i com desactivar espec\u00edficament la instal\u00b7laci\u00f3 de cookies de tercers. Si no troba [&hellip;]\" \/>\n<meta property=\"og:url\" content=\"https:\/\/www.bbsabogados.com\/ca\/politica-de-cookies\/\" \/>\n<meta property=\"og:site_name\" content=\"Despacho BBS Abogados\" \/>\n<meta property=\"article:publisher\" content=\"https:\/\/www.linkedin.com\/in\/arcadi-sala-planell-bbs-abogados-29a37516\/\" \/>\n<meta property=\"article:modified_time\" content=\"2022-03-02T11:37:28+00:00\" \/>\n<meta property=\"og:image\" content=\"https:\/\/www.bbsabogados.com\/wp-content\/uploads\/2020\/06\/general_blogs3.jpg\" \/>\n\t<meta property=\"og:image:width\" content=\"450\" \/>\n\t<meta property=\"og:image:height\" content=\"300\" \/>\n\t<meta property=\"og:image:type\" content=\"image\/jpeg\" \/>\n<meta name=\"twitter:card\" content=\"summary_large_image\" \/>\n<meta name=\"twitter:site\" content=\"@bbsabogados\" \/>\n<meta name=\"twitter:label1\" content=\"Temps estimat de lectura\" \/>\n\t<meta name=\"twitter:data1\" content=\"8 minuts\" \/>\n<script type=\"application\/ld+json\" class=\"yoast-schema-graph\">{\"@context\":\"https:\/\/schema.org\",\"@graph\":[{\"@type\":\"WebPage\",\"@id\":\"https:\/\/www.bbsabogados.com\/ca\/politica-de-cookies\/\",\"url\":\"https:\/\/www.bbsabogados.com\/ca\/politica-de-cookies\/\",\"name\":\"Pol\u00edtica de Cookies - Despacho BBS Abogados\",\"isPartOf\":{\"@id\":\"https:\/\/www.bbsabogados.com\/ca\/#website\"},\"primaryImageOfPage\":{\"@id\":\"https:\/\/www.bbsabogados.com\/ca\/politica-de-cookies\/#primaryimage\"},\"image\":{\"@id\":\"https:\/\/www.bbsabogados.com\/ca\/politica-de-cookies\/#primaryimage\"},\"thumbnailUrl\":\"https:\/\/www.bbsabogados.com\/wp-content\/uploads\/2020\/06\/general_blogs3.jpg\",\"datePublished\":\"2021-01-07T15:23:36+00:00\",\"dateModified\":\"2022-03-02T11:37:28+00:00\",\"breadcrumb\":{\"@id\":\"https:\/\/www.bbsabogados.com\/ca\/politica-de-cookies\/#breadcrumb\"},\"inLanguage\":\"ca\",\"potentialAction\":[{\"@type\":\"ReadAction\",\"target\":[\"https:\/\/www.bbsabogados.com\/ca\/politica-de-cookies\/\"]}]},{\"@type\":\"ImageObject\",\"inLanguage\":\"ca\",\"@id\":\"https:\/\/www.bbsabogados.com\/ca\/politica-de-cookies\/#primaryimage\",\"url\":\"https:\/\/www.bbsabogados.com\/wp-content\/uploads\/2020\/06\/general_blogs3.jpg\",\"contentUrl\":\"https:\/\/www.bbsabogados.com\/wp-content\/uploads\/2020\/06\/general_blogs3.jpg\",\"width\":450,\"height\":300,\"caption\":\"bbs abogados\"},{\"@type\":\"BreadcrumbList\",\"@id\":\"https:\/\/www.bbsabogados.com\/ca\/politica-de-cookies\/#breadcrumb\",\"itemListElement\":[{\"@type\":\"ListItem\",\"position\":1,\"name\":\"Inicio\",\"item\":\"https:\/\/www.bbsabogados.com\/ca\/\"},{\"@type\":\"ListItem\",\"position\":2,\"name\":\"Pol\u00edtica de Cookies\"}]},{\"@type\":\"WebSite\",\"@id\":\"https:\/\/www.bbsabogados.com\/ca\/#website\",\"url\":\"https:\/\/www.bbsabogados.com\/ca\/\",\"name\":\"BBS Abogados\",\"description\":\"Expertos en Derecho Bancario y Financiero\",\"publisher\":{\"@id\":\"https:\/\/www.bbsabogados.com\/ca\/#organization\"},\"potentialAction\":[{\"@type\":\"SearchAction\",\"target\":{\"@type\":\"EntryPoint\",\"urlTemplate\":\"https:\/\/www.bbsabogados.com\/ca\/?s={search_term_string}\"},\"query-input\":{\"@type\":\"PropertyValueSpecification\",\"valueRequired\":true,\"valueName\":\"search_term_string\"}}],\"inLanguage\":\"ca\"},{\"@type\":\"Organization\",\"@id\":\"https:\/\/www.bbsabogados.com\/ca\/#organization\",\"name\":\"BBS Abogados\",\"url\":\"https:\/\/www.bbsabogados.com\/ca\/\",\"logo\":{\"@type\":\"ImageObject\",\"inLanguage\":\"ca\",\"@id\":\"https:\/\/www.bbsabogados.com\/ca\/#\/schema\/logo\/image\/\",\"url\":\"https:\/\/www.bbsabogados.com\/wp-content\/uploads\/2020\/02\/LOGO_Abogados_BBS.png\",\"contentUrl\":\"https:\/\/www.bbsabogados.com\/wp-content\/uploads\/2020\/02\/LOGO_Abogados_BBS.png\",\"width\":130,\"height\":83,\"caption\":\"BBS Abogados\"},\"image\":{\"@id\":\"https:\/\/www.bbsabogados.com\/ca\/#\/schema\/logo\/image\/\"},\"sameAs\":[\"https:\/\/www.linkedin.com\/in\/arcadi-sala-planell-bbs-abogados-29a37516\/\",\"https:\/\/x.com\/bbsabogados\",\"https:\/\/www.facebook.com\/pages\/BBS-Abogados-y-Asesores-Financieros\/161040880606162\",\"https:\/\/www.instagram.com\/bbsabogados\/\"]}]}<\/script>\n<!-- \/ Yoast SEO plugin. -->","yoast_head_json":{"title":"Pol\u00edtica de Cookies - Despacho BBS Abogados","robots":{"index":"index","follow":"follow","max-snippet":"max-snippet:-1","max-image-preview":"max-image-preview:large","max-video-preview":"max-video-preview:-1"},"canonical":"https:\/\/www.bbsabogados.com\/ca\/politica-de-cookies\/","og_locale":"ca_ES","og_type":"article","og_title":"Pol\u00edtica de Cookies - Despacho BBS Abogados","og_description":"Politica de Cookies Pol\u00edtica de Cookies Aquesta p\u00e0gina web fa servir galetes per millorar l&#8217;experi\u00e8ncia de l&#8217;usuari. A continuaci\u00f3, trobareu informaci\u00f3 sobre qu\u00e8 s\u00f3n les galetes, quin tipus de cookies utilitza aquesta p\u00e0gina, com pot desactivar les cookies en el seu navegador i com desactivar espec\u00edficament la instal\u00b7laci\u00f3 de cookies de tercers. Si no troba [&hellip;]","og_url":"https:\/\/www.bbsabogados.com\/ca\/politica-de-cookies\/","og_site_name":"Despacho BBS Abogados","article_publisher":"https:\/\/www.linkedin.com\/in\/arcadi-sala-planell-bbs-abogados-29a37516\/","article_modified_time":"2022-03-02T11:37:28+00:00","og_image":[{"width":450,"height":300,"url":"https:\/\/www.bbsabogados.com\/wp-content\/uploads\/2020\/06\/general_blogs3.jpg","type":"image\/jpeg"}],"twitter_card":"summary_large_image","twitter_site":"@bbsabogados","twitter_misc":{"Temps estimat de lectura":"8 minuts"},"schema":{"@context":"https:\/\/schema.org","@graph":[{"@type":"WebPage","@id":"https:\/\/www.bbsabogados.com\/ca\/politica-de-cookies\/","url":"https:\/\/www.bbsabogados.com\/ca\/politica-de-cookies\/","name":"Pol\u00edtica de Cookies - Despacho BBS Abogados","isPartOf":{"@id":"https:\/\/www.bbsabogados.com\/ca\/#website"},"primaryImageOfPage":{"@id":"https:\/\/www.bbsabogados.com\/ca\/politica-de-cookies\/#primaryimage"},"image":{"@id":"https:\/\/www.bbsabogados.com\/ca\/politica-de-cookies\/#primaryimage"},"thumbnailUrl":"https:\/\/www.bbsabogados.com\/wp-content\/uploads\/2020\/06\/general_blogs3.jpg","datePublished":"2021-01-07T15:23:36+00:00","dateModified":"2022-03-02T11:37:28+00:00","breadcrumb":{"@id":"https:\/\/www.bbsabogados.com\/ca\/politica-de-cookies\/#breadcrumb"},"inLanguage":"ca","potentialAction":[{"@type":"ReadAction","target":["https:\/\/www.bbsabogados.com\/ca\/politica-de-cookies\/"]}]},{"@type":"ImageObject","inLanguage":"ca","@id":"https:\/\/www.bbsabogados.com\/ca\/politica-de-cookies\/#primaryimage","url":"https:\/\/www.bbsabogados.com\/wp-content\/uploads\/2020\/06\/general_blogs3.jpg","contentUrl":"https:\/\/www.bbsabogados.com\/wp-content\/uploads\/2020\/06\/general_blogs3.jpg","width":450,"height":300,"caption":"bbs abogados"},{"@type":"BreadcrumbList","@id":"https:\/\/www.bbsabogados.com\/ca\/politica-de-cookies\/#breadcrumb","itemListElement":[{"@type":"ListItem","position":1,"name":"Inicio","item":"https:\/\/www.bbsabogados.com\/ca\/"},{"@type":"ListItem","position":2,"name":"Pol\u00edtica de Cookies"}]},{"@type":"WebSite","@id":"https:\/\/www.bbsabogados.com\/ca\/#website","url":"https:\/\/www.bbsabogados.com\/ca\/","name":"BBS Abogados","description":"Expertos en Derecho Bancario y Financiero","publisher":{"@id":"https:\/\/www.bbsabogados.com\/ca\/#organization"},"potentialAction":[{"@type":"SearchAction","target":{"@type":"EntryPoint","urlTemplate":"https:\/\/www.bbsabogados.com\/ca\/?s={search_term_string}"},"query-input":{"@type":"PropertyValueSpecification","valueRequired":true,"valueName":"search_term_string"}}],"inLanguage":"ca"},{"@type":"Organization","@id":"https:\/\/www.bbsabogados.com\/ca\/#organization","name":"BBS Abogados","url":"https:\/\/www.bbsabogados.com\/ca\/","logo":{"@type":"ImageObject","inLanguage":"ca","@id":"https:\/\/www.bbsabogados.com\/ca\/#\/schema\/logo\/image\/","url":"https:\/\/www.bbsabogados.com\/wp-content\/uploads\/2020\/02\/LOGO_Abogados_BBS.png","contentUrl":"https:\/\/www.bbsabogados.com\/wp-content\/uploads\/2020\/02\/LOGO_Abogados_BBS.png","width":130,"height":83,"caption":"BBS Abogados"},"image":{"@id":"https:\/\/www.bbsabogados.com\/ca\/#\/schema\/logo\/image\/"},"sameAs":["https:\/\/www.linkedin.com\/in\/arcadi-sala-planell-bbs-abogados-29a37516\/","https:\/\/x.com\/bbsabogados","https:\/\/www.facebook.com\/pages\/BBS-Abogados-y-Asesores-Financieros\/161040880606162","https:\/\/www.instagram.com\/bbsabogados\/"]}]}},"_links":{"self":[{"href":"https:\/\/www.bbsabogados.com\/ca\/wp-json\/wp\/v2\/pages\/4045","targetHints":{"allow":["GET"]}}],"collection":[{"href":"https:\/\/www.bbsabogados.com\/ca\/wp-json\/wp\/v2\/pages"}],"about":[{"href":"https:\/\/www.bbsabogados.com\/ca\/wp-json\/wp\/v2\/types\/page"}],"author":[{"embeddable":true,"href":"https:\/\/www.bbsabogados.com\/ca\/wp-json\/wp\/v2\/users\/2"}],"replies":[{"embeddable":true,"href":"https:\/\/www.bbsabogados.com\/ca\/wp-json\/wp\/v2\/comments?post=4045"}],"version-history":[{"count":0,"href":"https:\/\/www.bbsabogados.com\/ca\/wp-json\/wp\/v2\/pages\/4045\/revisions"}],"wp:featuredmedia":[{"embeddable":true,"href":"https:\/\/www.bbsabogados.com\/ca\/wp-json\/wp\/v2\/media\/2329"}],"wp:attachment":[{"href":"https:\/\/www.bbsabogados.com\/ca\/wp-json\/wp\/v2\/media?parent=4045"}],"curies":[{"name":"wp","href":"https:\/\/api.w.org\/{rel}","templated":true}]}}