{"id":5887,"date":"2021-11-08T17:11:37","date_gmt":"2021-11-08T16:11:37","guid":{"rendered":"https:\/\/www.bbsabogados.com\/civil-law\/"},"modified":"2021-11-08T17:11:38","modified_gmt":"2021-11-08T16:11:38","slug":"civil-law","status":"publish","type":"page","link":"https:\/\/www.bbsabogados.com\/en\/civil-law\/","title":{"rendered":"Civil Law"},"content":{"rendered":"\t\t<div data-elementor-type=\"wp-page\" data-elementor-id=\"5887\" class=\"elementor elementor-5887 elementor-568\" data-elementor-post-type=\"page\">\n\t\t\t\t\t\t<section class=\"elementor-section elementor-top-section elementor-element elementor-element-1ffe823f elementor-section-boxed elementor-section-height-default elementor-section-height-default\" data-id=\"1ffe823f\" data-element_type=\"section\" data-e-type=\"section\">\n\t\t\t\t\t\t<div class=\"elementor-container elementor-column-gap-no\">\n\t\t\t\t\t<div class=\"elementor-column elementor-col-100 elementor-top-column elementor-element elementor-element-2db83591\" data-id=\"2db83591\" data-element_type=\"column\" data-e-type=\"column\" data-settings=\"{&quot;background_background&quot;:&quot;classic&quot;}\">\n\t\t\t<div class=\"elementor-widget-wrap elementor-element-populated\">\n\t\t\t\t\t\t<section class=\"elementor-section elementor-inner-section elementor-element elementor-element-6561306c elementor-section-boxed elementor-section-height-default elementor-section-height-default\" data-id=\"6561306c\" data-element_type=\"section\" data-e-type=\"section\">\n\t\t\t\t\t\t<div class=\"elementor-container elementor-column-gap-default\">\n\t\t\t\t\t<div class=\"elementor-column elementor-col-100 elementor-inner-column elementor-element elementor-element-6f4e07a5\" data-id=\"6f4e07a5\" data-element_type=\"column\" data-e-type=\"column\">\n\t\t\t<div class=\"elementor-widget-wrap elementor-element-populated\">\n\t\t\t\t\t\t<div class=\"elementor-element elementor-element-76bafdfa elementor-widget elementor-widget-image\" data-id=\"76bafdfa\" data-element_type=\"widget\" data-e-type=\"widget\" data-widget_type=\"image.default\">\n\t\t\t\t<div class=\"elementor-widget-container\">\n\t\t\t\t\t\t\t\t\t\t\t\t\t\t\t<img fetchpriority=\"high\" decoding=\"async\" width=\"917\" height=\"297\" src=\"https:\/\/www.bbsabogados.com\/wp-content\/uploads\/2020\/04\/bbs-abogados-especialistas.jpg\" class=\"attachment-full size-full wp-image-297\" alt=\"bbs-abogados-especialistas\" srcset=\"https:\/\/www.bbsabogados.com\/wp-content\/uploads\/2020\/04\/bbs-abogados-especialistas.jpg 917w, https:\/\/www.bbsabogados.com\/wp-content\/uploads\/2020\/04\/bbs-abogados-especialistas-300x97.jpg 300w, https:\/\/www.bbsabogados.com\/wp-content\/uploads\/2020\/04\/bbs-abogados-especialistas-768x249.jpg 768w\" sizes=\"(max-width: 917px) 100vw, 917px\" \/>\t\t\t\t\t\t\t\t\t\t\t\t\t\t\t<\/div>\n\t\t\t\t<\/div>\n\t\t\t\t<div class=\"elementor-element elementor-element-5d3cda1 elementor-widget elementor-widget-breadcrumbs\" data-id=\"5d3cda1\" data-element_type=\"widget\" data-e-type=\"widget\" data-widget_type=\"breadcrumbs.default\">\n\t\t\t\t<div class=\"elementor-widget-container\">\n\t\t\t\t\t<p id=\"breadcrumbs\"><span><span><a href=\"https:\/\/www.bbsabogados.com\/en\/\"><i class=\"fa fa-home\"><\/i><\/a><\/span><\/span><\/p>\t\t\t\t<\/div>\n\t\t\t\t<\/div>\n\t\t\t\t\t<\/div>\n\t\t<\/div>\n\t\t\t\t\t<\/div>\n\t\t<\/section>\n\t\t\t\t<section class=\"elementor-section elementor-inner-section elementor-element elementor-element-236308b7 elementor-reverse-mobile elementor-section-boxed elementor-section-height-default elementor-section-height-default\" data-id=\"236308b7\" data-element_type=\"section\" data-e-type=\"section\">\n\t\t\t\t\t\t<div class=\"elementor-container elementor-column-gap-extended\">\n\t\t\t\t\t<div class=\"elementor-column elementor-col-50 elementor-inner-column elementor-element elementor-element-66fe1f63\" data-id=\"66fe1f63\" data-element_type=\"column\" data-e-type=\"column\">\n\t\t\t<div class=\"elementor-widget-wrap elementor-element-populated\">\n\t\t\t\t\t\t<div class=\"elementor-element elementor-element-5a56b803 elementor-widget elementor-widget-heading\" data-id=\"5a56b803\" data-element_type=\"widget\" data-e-type=\"widget\" data-widget_type=\"heading.default\">\n\t\t\t\t<div class=\"elementor-widget-container\">\n\t\t\t\t\t<h4 class=\"elementor-heading-title elementor-size-default\">\"Creado en 1988 BBS Abogados Asociados Asesores Legales y Tributarios est\u00e1 especializado en todos los campos que componen el derecho de la empresa\".<\/h4>\t\t\t\t<\/div>\n\t\t\t\t<\/div>\n\t\t\t\t<div class=\"elementor-element elementor-element-f798eea elementor-widget elementor-widget-wp-widget-fetch_tweets_widget_by_id\" data-id=\"f798eea\" data-element_type=\"widget\" data-e-type=\"widget\" data-widget_type=\"wp-widget-fetch_tweets_widget_by_id.default\">\n\t\t\t\t<div class=\"elementor-widget-container\">\n\t\t\t\t\t<strong>Fetch Tweets<\/strong>: Could not authenticate you. Code: 32\t\t\t\t<\/div>\n\t\t\t\t<\/div>\n\t\t\t\t\t<\/div>\n\t\t<\/div>\n\t\t\t\t<div class=\"elementor-column elementor-col-50 elementor-inner-column elementor-element elementor-element-265dd39d\" data-id=\"265dd39d\" data-element_type=\"column\" data-e-type=\"column\">\n\t\t\t<div class=\"elementor-widget-wrap elementor-element-populated\">\n\t\t\t\t\t\t<div class=\"elementor-element elementor-element-4856dfce elementor-widget elementor-widget-heading\" data-id=\"4856dfce\" data-element_type=\"widget\" data-e-type=\"widget\" data-widget_type=\"heading.default\">\n\t\t\t\t<div class=\"elementor-widget-container\">\n\t\t\t\t\t<h1 class=\"elementor-heading-title elementor-size-default\">BBS Abogados Derecho Civil Barcelona<\/h1>\t\t\t\t<\/div>\n\t\t\t\t<\/div>\n\t\t\t\t<div class=\"elementor-element elementor-element-dab5894 elementor-widget elementor-widget-heading\" data-id=\"dab5894\" data-element_type=\"widget\" data-e-type=\"widget\" data-widget_type=\"heading.default\">\n\t\t\t\t<div class=\"elementor-widget-container\">\n\t\t\t\t\t<h2 class=\"elementor-heading-title elementor-size-default\">En BBS Abogados contamos con un equipo de abogados en Barcelona,  abarcando todo el territorio nacional, con amplia y contrastada experiencia en el \u00e1rea del Derecho Civil.Las sentencias favorables para nuestros clientes a lo largo de estos m\u00e1s de 30 a\u00f1os de experiencia son nuestro mejor aval.<\/h2>\t\t\t\t<\/div>\n\t\t\t\t<\/div>\n\t\t\t\t<div class=\"elementor-element elementor-element-84b9003 elementor-widget elementor-widget-heading\" data-id=\"84b9003\" data-element_type=\"widget\" data-e-type=\"widget\" data-widget_type=\"heading.default\">\n\t\t\t\t<div class=\"elementor-widget-container\">\n\t\t\t\t\t<h3 class=\"elementor-heading-title elementor-size-default\">Especializados en las siguientes ramas del derecho civil<\/h3>\t\t\t\t<\/div>\n\t\t\t\t<\/div>\n\t\t\t\t<div class=\"elementor-element elementor-element-14b6fcda elementor-widget elementor-widget-text-editor\" data-id=\"14b6fcda\" data-element_type=\"widget\" data-e-type=\"widget\" data-widget_type=\"text-editor.default\">\n\t\t\t\t<div class=\"elementor-widget-container\">\n\t\t\t\t\t\t\t\t\t<p>Claim of Amount:<\/p>\n<p>Due to Default.<br \/>\nFor Breach of Contract.<\/p>\n<p>Damages:<\/p>\n<p>Contractual Responsibility.<br \/>\nTort Liability.<br \/>\nProfessional Responsibility.<\/p>\n<p>Medical Negligence:<\/p>\n<p>Medical malpractice<br \/>\nOmission or defect in informed consent.<\/p>\n<p>Traffic accidents:<\/p>\n<p>Out-of-court claim: negotiation of compensation with the insurance company.<br \/>\nJudicial claim: demand before the civil courts to claim the amount.<\/p>\n<p>Evictions:<\/p>\n<p>Eviction for precarious (&#8220;occupy&#8221;).<br \/>\nEviction for non-payment of rent.<\/p>\n<p>Horizontal property:<\/p>\n<p>Defense and representation of communities of owners.<br \/>\nNon-payment of spills or neighborhood fees.<br \/>\nClaim before the community insurance company against damages that may occur and they do not want to take responsibility.<br \/>\nThe responsibility of the owner in cases of transmission of the house, garage space.<br \/>\nAdvice on the need to carry out accessibility works.<\/p>\n<p>Contracts:<\/p>\n<p>Validity, Interpretation and Execution of Contracts.<br \/>\nContract Resolution and Termination.<br \/>\nUrban leases<br \/>\nDonation.<br \/>\nWork contract and service lease.<\/p>\n<p>Property and Possession:<\/p>\n<p>Acquisition.<br \/>\nCommon Thing Division.<\/p>\n\t\t\t\t\t\t\t\t<\/div>\n\t\t\t\t<\/div>\n\t\t\t\t<div class=\"elementor-element elementor-element-83c2e65 elementor-widget elementor-widget-heading\" data-id=\"83c2e65\" data-element_type=\"widget\" data-e-type=\"widget\" data-widget_type=\"heading.default\">\n\t\t\t\t<div class=\"elementor-widget-container\">\n\t\t\t\t\t<h3 class=\"elementor-heading-title elementor-size-default\">news<\/h3>\t\t\t\t<\/div>\n\t\t\t\t<\/div>\n\t\t\t\t\t<\/div>\n\t\t<\/div>\n\t\t\t\t\t<\/div>\n\t\t<\/section>\n\t\t\t\t\t<\/div>\n\t\t<\/div>\n\t\t\t\t\t<\/div>\n\t\t<\/section>\n\t\t\t\t<\/div>\n\t\t","protected":false},"excerpt":{"rendered":"<p>&#8220;Creado en 1988 BBS Abogados Asociados Asesores Legales y Tributarios est\u00e1 especializado en todos los campos que componen el derecho de la empresa&#8221;. BBS Abogados Derecho Civil Barcelona En BBS Abogados contamos con un equipo de abogados en Barcelona, abarcando todo el territorio nacional, con amplia y contrastada experiencia en el \u00e1rea del Derecho Civil.Las [&hellip;]<\/p>\n","protected":false},"author":2,"featured_media":2329,"parent":0,"menu_order":0,"comment_status":"closed","ping_status":"closed","template":"","meta":{"_acf_changed":false,"_monsterinsights_skip_tracking":false,"_monsterinsights_sitenote_active":false,"_monsterinsights_sitenote_note":"","_monsterinsights_sitenote_category":0,"footnotes":""},"class_list":["post-5887","page","type-page","status-publish","has-post-thumbnail","hentry"],"acf":[],"yoast_head":"<!-- This site is optimized with the Yoast SEO plugin v27.2 - https:\/\/yoast.com\/product\/yoast-seo-wordpress\/ -->\n<title>Civil Law - Despacho BBS Abogados<\/title>\n<meta name=\"description\" content=\"At BBS Abogados we have a team of lawyers in Barcelona, \u200b\u200bwith extensive and proven experience in the area of \u200b\u200bCivil Law\" \/>\n<meta name=\"robots\" content=\"index, follow, max-snippet:-1, max-image-preview:large, max-video-preview:-1\" \/>\n<link rel=\"canonical\" href=\"https:\/\/www.bbsabogados.com\/en\/civil-law\/\" \/>\n<meta property=\"og:locale\" content=\"en_US\" \/>\n<meta property=\"og:type\" content=\"article\" \/>\n<meta property=\"og:title\" content=\"Civil Law - Despacho BBS Abogados\" \/>\n<meta property=\"og:description\" content=\"At BBS Abogados we have a team of lawyers in Barcelona, \u200b\u200bwith extensive and proven experience in the area of \u200b\u200bCivil Law\" \/>\n<meta property=\"og:url\" content=\"https:\/\/www.bbsabogados.com\/en\/civil-law\/\" \/>\n<meta property=\"og:site_name\" content=\"Despacho BBS Abogados\" \/>\n<meta property=\"article:publisher\" content=\"https:\/\/www.linkedin.com\/in\/arcadi-sala-planell-bbs-abogados-29a37516\/\" \/>\n<meta property=\"article:modified_time\" content=\"2021-11-08T16:11:38+00:00\" \/>\n<meta property=\"og:image\" content=\"https:\/\/www.bbsabogados.com\/wp-content\/uploads\/2020\/06\/general_blogs3.jpg\" \/>\n\t<meta property=\"og:image:width\" content=\"450\" \/>\n\t<meta property=\"og:image:height\" content=\"300\" \/>\n\t<meta property=\"og:image:type\" content=\"image\/jpeg\" \/>\n<meta name=\"twitter:card\" content=\"summary_large_image\" \/>\n<meta name=\"twitter:site\" content=\"@bbsabogados\" \/>\n<meta name=\"twitter:label1\" content=\"Est. reading time\" \/>\n\t<meta name=\"twitter:data1\" content=\"1 minute\" \/>\n<script type=\"application\/ld+json\" class=\"yoast-schema-graph\">{\"@context\":\"https:\/\/schema.org\",\"@graph\":[{\"@type\":\"WebPage\",\"@id\":\"https:\/\/www.bbsabogados.com\/en\/civil-law\/\",\"url\":\"https:\/\/www.bbsabogados.com\/en\/civil-law\/\",\"name\":\"Civil Law - Despacho BBS Abogados\",\"isPartOf\":{\"@id\":\"https:\/\/www.bbsabogados.com\/en\/#website\"},\"primaryImageOfPage\":{\"@id\":\"https:\/\/www.bbsabogados.com\/en\/civil-law\/#primaryimage\"},\"image\":{\"@id\":\"https:\/\/www.bbsabogados.com\/en\/civil-law\/#primaryimage\"},\"thumbnailUrl\":\"https:\/\/www.bbsabogados.com\/wp-content\/uploads\/2020\/06\/general_blogs3.jpg\",\"datePublished\":\"2021-11-08T16:11:37+00:00\",\"dateModified\":\"2021-11-08T16:11:38+00:00\",\"description\":\"At BBS Abogados we have a team of lawyers in Barcelona, \u200b\u200bwith extensive and proven experience in the area of \u200b\u200bCivil Law\",\"breadcrumb\":{\"@id\":\"https:\/\/www.bbsabogados.com\/en\/civil-law\/#breadcrumb\"},\"inLanguage\":\"en-US\",\"potentialAction\":[{\"@type\":\"ReadAction\",\"target\":[\"https:\/\/www.bbsabogados.com\/en\/civil-law\/\"]}]},{\"@type\":\"ImageObject\",\"inLanguage\":\"en-US\",\"@id\":\"https:\/\/www.bbsabogados.com\/en\/civil-law\/#primaryimage\",\"url\":\"https:\/\/www.bbsabogados.com\/wp-content\/uploads\/2020\/06\/general_blogs3.jpg\",\"contentUrl\":\"https:\/\/www.bbsabogados.com\/wp-content\/uploads\/2020\/06\/general_blogs3.jpg\",\"width\":450,\"height\":300,\"caption\":\"bbs abogados\"},{\"@type\":\"BreadcrumbList\",\"@id\":\"https:\/\/www.bbsabogados.com\/en\/civil-law\/#breadcrumb\",\"itemListElement\":[{\"@type\":\"ListItem\",\"position\":1,\"name\":\"Inicio\",\"item\":\"https:\/\/www.bbsabogados.com\/en\/\"},{\"@type\":\"ListItem\",\"position\":2,\"name\":\"Civil Law\"}]},{\"@type\":\"WebSite\",\"@id\":\"https:\/\/www.bbsabogados.com\/en\/#website\",\"url\":\"https:\/\/www.bbsabogados.com\/en\/\",\"name\":\"BBS Abogados\",\"description\":\"Expertos en Derecho Bancario y Financiero\",\"publisher\":{\"@id\":\"https:\/\/www.bbsabogados.com\/en\/#organization\"},\"potentialAction\":[{\"@type\":\"SearchAction\",\"target\":{\"@type\":\"EntryPoint\",\"urlTemplate\":\"https:\/\/www.bbsabogados.com\/en\/?s={search_term_string}\"},\"query-input\":{\"@type\":\"PropertyValueSpecification\",\"valueRequired\":true,\"valueName\":\"search_term_string\"}}],\"inLanguage\":\"en-US\"},{\"@type\":\"Organization\",\"@id\":\"https:\/\/www.bbsabogados.com\/en\/#organization\",\"name\":\"BBS Abogados\",\"url\":\"https:\/\/www.bbsabogados.com\/en\/\",\"logo\":{\"@type\":\"ImageObject\",\"inLanguage\":\"en-US\",\"@id\":\"https:\/\/www.bbsabogados.com\/en\/#\/schema\/logo\/image\/\",\"url\":\"https:\/\/www.bbsabogados.com\/wp-content\/uploads\/2020\/02\/LOGO_Abogados_BBS.png\",\"contentUrl\":\"https:\/\/www.bbsabogados.com\/wp-content\/uploads\/2020\/02\/LOGO_Abogados_BBS.png\",\"width\":130,\"height\":83,\"caption\":\"BBS Abogados\"},\"image\":{\"@id\":\"https:\/\/www.bbsabogados.com\/en\/#\/schema\/logo\/image\/\"},\"sameAs\":[\"https:\/\/www.linkedin.com\/in\/arcadi-sala-planell-bbs-abogados-29a37516\/\",\"https:\/\/x.com\/bbsabogados\",\"https:\/\/www.facebook.com\/pages\/BBS-Abogados-y-Asesores-Financieros\/161040880606162\",\"https:\/\/www.instagram.com\/bbsabogados\/\"]}]}<\/script>\n<!-- \/ Yoast SEO plugin. -->","yoast_head_json":{"title":"Civil Law - Despacho BBS Abogados","description":"At BBS Abogados we have a team of lawyers in Barcelona, \u200b\u200bwith extensive and proven experience in the area of \u200b\u200bCivil Law","robots":{"index":"index","follow":"follow","max-snippet":"max-snippet:-1","max-image-preview":"max-image-preview:large","max-video-preview":"max-video-preview:-1"},"canonical":"https:\/\/www.bbsabogados.com\/en\/civil-law\/","og_locale":"en_US","og_type":"article","og_title":"Civil Law - Despacho BBS Abogados","og_description":"At BBS Abogados we have a team of lawyers in Barcelona, \u200b\u200bwith extensive and proven experience in the area of \u200b\u200bCivil Law","og_url":"https:\/\/www.bbsabogados.com\/en\/civil-law\/","og_site_name":"Despacho BBS Abogados","article_publisher":"https:\/\/www.linkedin.com\/in\/arcadi-sala-planell-bbs-abogados-29a37516\/","article_modified_time":"2021-11-08T16:11:38+00:00","og_image":[{"width":450,"height":300,"url":"https:\/\/www.bbsabogados.com\/wp-content\/uploads\/2020\/06\/general_blogs3.jpg","type":"image\/jpeg"}],"twitter_card":"summary_large_image","twitter_site":"@bbsabogados","twitter_misc":{"Est. reading time":"1 minute"},"schema":{"@context":"https:\/\/schema.org","@graph":[{"@type":"WebPage","@id":"https:\/\/www.bbsabogados.com\/en\/civil-law\/","url":"https:\/\/www.bbsabogados.com\/en\/civil-law\/","name":"Civil Law - Despacho BBS Abogados","isPartOf":{"@id":"https:\/\/www.bbsabogados.com\/en\/#website"},"primaryImageOfPage":{"@id":"https:\/\/www.bbsabogados.com\/en\/civil-law\/#primaryimage"},"image":{"@id":"https:\/\/www.bbsabogados.com\/en\/civil-law\/#primaryimage"},"thumbnailUrl":"https:\/\/www.bbsabogados.com\/wp-content\/uploads\/2020\/06\/general_blogs3.jpg","datePublished":"2021-11-08T16:11:37+00:00","dateModified":"2021-11-08T16:11:38+00:00","description":"At BBS Abogados we have a team of lawyers in Barcelona, \u200b\u200bwith extensive and proven experience in the area of \u200b\u200bCivil Law","breadcrumb":{"@id":"https:\/\/www.bbsabogados.com\/en\/civil-law\/#breadcrumb"},"inLanguage":"en-US","potentialAction":[{"@type":"ReadAction","target":["https:\/\/www.bbsabogados.com\/en\/civil-law\/"]}]},{"@type":"ImageObject","inLanguage":"en-US","@id":"https:\/\/www.bbsabogados.com\/en\/civil-law\/#primaryimage","url":"https:\/\/www.bbsabogados.com\/wp-content\/uploads\/2020\/06\/general_blogs3.jpg","contentUrl":"https:\/\/www.bbsabogados.com\/wp-content\/uploads\/2020\/06\/general_blogs3.jpg","width":450,"height":300,"caption":"bbs abogados"},{"@type":"BreadcrumbList","@id":"https:\/\/www.bbsabogados.com\/en\/civil-law\/#breadcrumb","itemListElement":[{"@type":"ListItem","position":1,"name":"Inicio","item":"https:\/\/www.bbsabogados.com\/en\/"},{"@type":"ListItem","position":2,"name":"Civil Law"}]},{"@type":"WebSite","@id":"https:\/\/www.bbsabogados.com\/en\/#website","url":"https:\/\/www.bbsabogados.com\/en\/","name":"BBS Abogados","description":"Expertos en Derecho Bancario y Financiero","publisher":{"@id":"https:\/\/www.bbsabogados.com\/en\/#organization"},"potentialAction":[{"@type":"SearchAction","target":{"@type":"EntryPoint","urlTemplate":"https:\/\/www.bbsabogados.com\/en\/?s={search_term_string}"},"query-input":{"@type":"PropertyValueSpecification","valueRequired":true,"valueName":"search_term_string"}}],"inLanguage":"en-US"},{"@type":"Organization","@id":"https:\/\/www.bbsabogados.com\/en\/#organization","name":"BBS Abogados","url":"https:\/\/www.bbsabogados.com\/en\/","logo":{"@type":"ImageObject","inLanguage":"en-US","@id":"https:\/\/www.bbsabogados.com\/en\/#\/schema\/logo\/image\/","url":"https:\/\/www.bbsabogados.com\/wp-content\/uploads\/2020\/02\/LOGO_Abogados_BBS.png","contentUrl":"https:\/\/www.bbsabogados.com\/wp-content\/uploads\/2020\/02\/LOGO_Abogados_BBS.png","width":130,"height":83,"caption":"BBS Abogados"},"image":{"@id":"https:\/\/www.bbsabogados.com\/en\/#\/schema\/logo\/image\/"},"sameAs":["https:\/\/www.linkedin.com\/in\/arcadi-sala-planell-bbs-abogados-29a37516\/","https:\/\/x.com\/bbsabogados","https:\/\/www.facebook.com\/pages\/BBS-Abogados-y-Asesores-Financieros\/161040880606162","https:\/\/www.instagram.com\/bbsabogados\/"]}]}},"_links":{"self":[{"href":"https:\/\/www.bbsabogados.com\/en\/wp-json\/wp\/v2\/pages\/5887","targetHints":{"allow":["GET"]}}],"collection":[{"href":"https:\/\/www.bbsabogados.com\/en\/wp-json\/wp\/v2\/pages"}],"about":[{"href":"https:\/\/www.bbsabogados.com\/en\/wp-json\/wp\/v2\/types\/page"}],"author":[{"embeddable":true,"href":"https:\/\/www.bbsabogados.com\/en\/wp-json\/wp\/v2\/users\/2"}],"replies":[{"embeddable":true,"href":"https:\/\/www.bbsabogados.com\/en\/wp-json\/wp\/v2\/comments?post=5887"}],"version-history":[{"count":0,"href":"https:\/\/www.bbsabogados.com\/en\/wp-json\/wp\/v2\/pages\/5887\/revisions"}],"wp:featuredmedia":[{"embeddable":true,"href":"https:\/\/www.bbsabogados.com\/en\/wp-json\/wp\/v2\/media\/2329"}],"wp:attachment":[{"href":"https:\/\/www.bbsabogados.com\/en\/wp-json\/wp\/v2\/media?parent=5887"}],"curies":[{"name":"wp","href":"https:\/\/api.w.org\/{rel}","templated":true}]}}