{"id":5926,"date":"2021-11-08T19:33:56","date_gmt":"2021-11-08T18:33:56","guid":{"rendered":"https:\/\/www.bbsabogados.com\/bbs-lawyers-specialists-in-banking-and-financial-law\/la-firma\/"},"modified":"2026-03-09T23:06:09","modified_gmt":"2026-03-09T22:06:09","slug":"la-firma","status":"publish","type":"page","link":"https:\/\/www.bbsabogados.com\/en\/home\/la-firma\/","title":{"rendered":"Lawyers specializing in Banking and Financial Law"},"content":{"rendered":"\t\t<div data-elementor-type=\"wp-page\" data-elementor-id=\"5926\" class=\"elementor elementor-5926 elementor-41\" data-elementor-post-type=\"page\">\n\t\t\t\t<div class=\"elementor-element elementor-element-3e16836 e-flex e-con-boxed e-con e-parent\" data-id=\"3e16836\" data-element_type=\"container\" data-e-type=\"container\" data-settings=\"{&quot;background_background&quot;:&quot;classic&quot;}\">\n\t\t\t\t\t<div class=\"e-con-inner\">\n\t\t\t\t\t<\/div>\n\t\t\t\t<\/div>\n\t\t<div class=\"elementor-element elementor-element-3842392 e-flex e-con-boxed e-con e-parent\" data-id=\"3842392\" data-element_type=\"container\" data-e-type=\"container\">\n\t\t\t\t\t<div class=\"e-con-inner\">\n\t\t\t\t<div class=\"elementor-element elementor-element-b3c5b56 elementor-widget elementor-widget-template\" data-id=\"b3c5b56\" data-element_type=\"widget\" data-e-type=\"widget\" data-widget_type=\"template.default\">\n\t\t\t\t<div class=\"elementor-widget-container\">\n\t\t\t\t\t\t\t<div class=\"elementor-template\">\n\t\t\t\t\t<div data-elementor-type=\"section\" data-elementor-id=\"71\" class=\"elementor elementor-71\" data-elementor-post-type=\"elementor_library\">\n\t\t\t\t\t<section class=\"elementor-section elementor-inner-section elementor-element elementor-element-449430d6 elementor-section-boxed elementor-section-height-default elementor-section-height-default\" data-id=\"449430d6\" data-element_type=\"section\" data-e-type=\"section\">\n\t\t\t\t\t\t<div class=\"elementor-container elementor-column-gap-default\">\n\t\t\t\t\t<div class=\"elementor-column elementor-col-100 elementor-inner-column elementor-element elementor-element-27273177\" data-id=\"27273177\" data-element_type=\"column\" data-e-type=\"column\">\n\t\t\t<div class=\"elementor-widget-wrap elementor-element-populated\">\n\t\t\t\t\t\t<div class=\"elementor-element elementor-element-3a825b9e elementor-widget elementor-widget-breadcrumbs\" data-id=\"3a825b9e\" data-element_type=\"widget\" data-e-type=\"widget\" data-widget_type=\"breadcrumbs.default\">\n\t\t\t\t<div class=\"elementor-widget-container\">\n\t\t\t\t\t<p id=\"breadcrumbs\"><span><span><a href=\"https:\/\/www.bbsabogados.com\/en\/\"><i class=\"fa fa-home\"><\/i><\/a><\/span><\/span><\/p>\t\t\t\t<\/div>\n\t\t\t\t<\/div>\n\t\t\t\t\t<\/div>\n\t\t<\/div>\n\t\t\t\t\t<\/div>\n\t\t<\/section>\n\t\t\t\t<\/div>\n\t\t\t\t<\/div>\n\t\t\t\t\t\t<\/div>\n\t\t\t\t<\/div>\n\t\t\t\t\t<\/div>\n\t\t\t\t<\/div>\n\t\t<div class=\"elementor-element elementor-element-e1675a3 e-flex e-con-boxed e-con e-parent\" data-id=\"e1675a3\" data-element_type=\"container\" data-e-type=\"container\">\n\t\t\t\t\t<div class=\"e-con-inner\">\n\t\t<div class=\"elementor-element elementor-element-9470593 e-con-full e-flex e-con e-child\" data-id=\"9470593\" data-element_type=\"container\" data-e-type=\"container\">\n\t\t\t\t<div class=\"elementor-element elementor-element-ff2dd12 elementor-widget elementor-widget-heading\" data-id=\"ff2dd12\" data-element_type=\"widget\" data-e-type=\"widget\" data-widget_type=\"heading.default\">\n\t\t\t\t<div class=\"elementor-widget-container\">\n\t\t\t\t\t<h4 class=\"elementor-heading-title elementor-size-default\">\"Creado en 1988 <b>BBS Abogados Asociados <\/b><br>Despacho de abogados multidisciplinar con m\u00e1s de 35 a\u00f1os de trayectoria.\"<\/h4>\t\t\t\t<\/div>\n\t\t\t\t<\/div>\n\t\t\t\t<div class=\"elementor-element elementor-element-bf06ec7 elementor-hidden-tablet elementor-hidden-phone elementor-widget elementor-widget-image\" data-id=\"bf06ec7\" data-element_type=\"widget\" data-e-type=\"widget\" data-widget_type=\"image.default\">\n\t\t\t\t<div class=\"elementor-widget-container\">\n\t\t\t\t\t\t\t\t\t\t\t\t\t\t\t<img fetchpriority=\"high\" decoding=\"async\" width=\"410\" height=\"710\" src=\"https:\/\/www.bbsabogados.com\/wp-content\/uploads\/2020\/05\/firma-bbs-abogados-arcadi-sala.jpg\" class=\"attachment-large size-large wp-image-680\" alt=\"Abogado Arcadi Sala-Planell\" srcset=\"https:\/\/www.bbsabogados.com\/wp-content\/uploads\/2020\/05\/firma-bbs-abogados-arcadi-sala.jpg 410w, https:\/\/www.bbsabogados.com\/wp-content\/uploads\/2020\/05\/firma-bbs-abogados-arcadi-sala-173x300.jpg 173w\" sizes=\"(max-width: 410px) 100vw, 410px\" \/>\t\t\t\t\t\t\t\t\t\t\t\t\t\t\t<\/div>\n\t\t\t\t<\/div>\n\t\t\t\t<\/div>\n\t\t<div class=\"elementor-element elementor-element-8cac1a2 e-con-full e-flex e-con e-child\" data-id=\"8cac1a2\" data-element_type=\"container\" data-e-type=\"container\">\n\t\t\t\t<div class=\"elementor-element elementor-element-166f4ee elementor-widget elementor-widget-heading\" data-id=\"166f4ee\" data-element_type=\"widget\" data-e-type=\"widget\" data-widget_type=\"heading.default\">\n\t\t\t\t<div class=\"elementor-widget-container\">\n\t\t\t\t\t<h1 class=\"elementor-heading-title elementor-size-default\">Compromiso y Calidad<\/h1>\t\t\t\t<\/div>\n\t\t\t\t<\/div>\n\t\t\t\t<div class=\"elementor-element elementor-element-4aa381b elementor-widget elementor-widget-heading\" data-id=\"4aa381b\" data-element_type=\"widget\" data-e-type=\"widget\" data-widget_type=\"heading.default\">\n\t\t\t\t<div class=\"elementor-widget-container\">\n\t\t\t\t\t<h3 class=\"elementor-heading-title elementor-size-default\">BBS Abogados Arcadi Sala-Planell &amp; Asociados<\/h3>\t\t\t\t<\/div>\n\t\t\t\t<\/div>\n\t\t\t\t<div class=\"elementor-element elementor-element-4ee45b3 elementor-widget elementor-widget-text-editor\" data-id=\"4ee45b3\" data-element_type=\"widget\" data-e-type=\"widget\" data-widget_type=\"text-editor.default\">\n\t\t\t\t<div class=\"elementor-widget-container\">\n\t\t\t\t\t\t\t\t\t<h5><strong>BBS Abogados<\/strong> es un <strong>Despacho de Abogados multidisciplinar en Barcelona<\/strong> con m\u00e1s de 35 a\u00f1os de experiencia en el ejercicio del Derecho.<\/h5>\n<p>Nuestro <strong>bufete jur\u00eddico<\/strong> ofrece <strong>asesoramiento integral<\/strong> y representaci\u00f3n legal a <strong>particulares, profesionales, aut\u00f3nomos y empresas<\/strong>, adaptando cada estrategia a las necesidades concretas de cada cliente.<\/p>\n<p>Como <strong>despacho multidisciplinar<\/strong>, en <strong>BBS Abogados<\/strong> contamos con un equipo de abogados altamente cualificados en diferentes ramas del Derecho. Nuestra experiencia abarca \u00e1reas clave como, <strong>Derecho Civil<\/strong>, <strong>Mercantil,<\/strong> <strong>Derecho Bancario y Financiero<\/strong>, <strong>Laboral<\/strong>, <strong>Penal<\/strong>, <strong>Administrativo<\/strong> y <strong>de Familia<\/strong>, entre otras. Esta estructura nos permite ofrecer una <strong>visi\u00f3n global y coordinada<\/strong> de cada asunto, garantizando soluciones legales efectivas y personalizadas.<\/p>\n<p>A lo largo de m\u00e1s de tres d\u00e9cadas, nuestro despacho se ha consolidado como <strong>referente en Espa\u00f1a<\/strong> y en diversos <strong>medios de comunicaci\u00f3n<\/strong> por nuestra especializaci\u00f3n en <strong>Derecho Bancario y Financiero<\/strong>, donde hemos sido pioneros en la defensa de los derechos de los consumidores frente a entidades financieras.<\/p>\n<p>Cada \u00e1rea de pr\u00e1ctica del despacho est\u00e1 liderada por un <strong>abogado responsable y especializado<\/strong>, lo que asegura un alto nivel de rigor t\u00e9cnico y la <strong>m\u00e1xima calidad jur\u00eddica<\/strong> en cada procedimiento. Esta organizaci\u00f3n interna, unida a un trato directo y cercano con el cliente, convierte a <strong>BBS Abogados<\/strong> en un <strong>bufete de confianza<\/strong> que combina <strong>conocimiento jur\u00eddico, visi\u00f3n empresarial y compromiso con los resultados<\/strong>.<\/p>\n<p>Nuestro objetivo es ofrecer una <strong>asesor\u00eda legal completa<\/strong> que cubra todas las disciplinas del Derecho, aportando <strong>soluciones eficaces, transparentes y orientadas al \u00e9xito<\/strong>. En <strong>BBS Abogados<\/strong>, la excelencia profesional y la defensa de los intereses de nuestros clientes son nuestra prioridad.<\/p>\n<p>No dude en contactar con nosotros a trav\u00e9s de nuestro <a href=\"https:\/\/www.bbsabogados.com\/oficinas\/\" target=\"_blank\" rel=\"noreferrer noopener\">formulario web<\/a>, escribi\u00e9ndonos a <a href=\"mailto:bbsabogados@bbsabogados.com\">bbsabogados@bbsabogados.com<\/a> o llamando al 93.760.53.77.<\/p>\n\t\t\t\t\t\t\t\t<\/div>\n\t\t\t\t<\/div>\n\t\t\t\t<div class=\"elementor-element elementor-element-f8dd081 elementor-widget elementor-widget-heading\" data-id=\"f8dd081\" data-element_type=\"widget\" data-e-type=\"widget\" data-widget_type=\"heading.default\">\n\t\t\t\t<div class=\"elementor-widget-container\">\n\t\t\t\t\t<h3 class=\"elementor-heading-title elementor-size-default\">news<\/h3>\t\t\t\t<\/div>\n\t\t\t\t<\/div>\n\t\t\t\t<\/div>\n\t\t\t\t\t<\/div>\n\t\t\t\t<\/div>\n\t\t\t\t<\/div>\n\t\t","protected":false},"excerpt":{"rendered":"<p>&#8220;Creado en 1988 BBS Abogados Asociados Despacho de abogados multidisciplinar con m\u00e1s de 35 a\u00f1os de trayectoria.&#8221; Compromiso y Calidad BBS Abogados Arcadi Sala-Planell &amp; Asociados BBS Abogados es un Despacho de Abogados multidisciplinar en Barcelona con m\u00e1s de 35 a\u00f1os de experiencia en el ejercicio del Derecho. Nuestro bufete jur\u00eddico ofrece asesoramiento integral y [&hellip;]<\/p>\n","protected":false},"author":1,"featured_media":680,"parent":5979,"menu_order":0,"comment_status":"closed","ping_status":"closed","template":"","meta":{"_acf_changed":false,"_monsterinsights_skip_tracking":false,"_monsterinsights_sitenote_active":false,"_monsterinsights_sitenote_note":"","_monsterinsights_sitenote_category":0,"footnotes":""},"class_list":["post-5926","page","type-page","status-publish","has-post-thumbnail","hentry"],"acf":[],"yoast_head":"<!-- This site is optimized with the Yoast SEO plugin v27.2 - https:\/\/yoast.com\/product\/yoast-seo-wordpress\/ -->\n<title>Lawyers specializing in Banking and Financial Law<\/title>\n<meta name=\"description\" content=\"BBS Abogados is a multidisciplinary law firm specializing in Banking and Financial Law, with more than 20 years of experience.\" \/>\n<meta name=\"robots\" content=\"index, follow, max-snippet:-1, max-image-preview:large, max-video-preview:-1\" \/>\n<link rel=\"canonical\" href=\"https:\/\/www.bbsabogados.com\/en\/home\/la-firma\/\" \/>\n<meta property=\"og:locale\" content=\"en_US\" \/>\n<meta property=\"og:type\" content=\"article\" \/>\n<meta property=\"og:title\" content=\"Lawyers specializing in Banking and Financial Law\" \/>\n<meta property=\"og:description\" content=\"BBS Abogados is a multidisciplinary law firm specializing in Banking and Financial Law, with more than 20 years of experience.\" \/>\n<meta property=\"og:url\" content=\"https:\/\/www.bbsabogados.com\/en\/home\/la-firma\/\" \/>\n<meta property=\"og:site_name\" content=\"Despacho BBS Abogados\" \/>\n<meta property=\"article:publisher\" content=\"https:\/\/www.linkedin.com\/in\/arcadi-sala-planell-bbs-abogados-29a37516\/\" \/>\n<meta property=\"article:modified_time\" content=\"2026-03-09T22:06:09+00:00\" \/>\n<meta property=\"og:image\" content=\"https:\/\/www.bbsabogados.com\/wp-content\/uploads\/2020\/05\/firma-bbs-abogados-arcadi-sala.jpg\" \/>\n\t<meta property=\"og:image:width\" content=\"410\" \/>\n\t<meta property=\"og:image:height\" content=\"710\" \/>\n\t<meta property=\"og:image:type\" content=\"image\/jpeg\" \/>\n<meta name=\"twitter:card\" content=\"summary_large_image\" \/>\n<meta name=\"twitter:site\" content=\"@bbsabogados\" \/>\n<meta name=\"twitter:label1\" content=\"Est. reading time\" \/>\n\t<meta name=\"twitter:data1\" content=\"2 minutes\" \/>\n<script type=\"application\/ld+json\" class=\"yoast-schema-graph\">{\"@context\":\"https:\/\/schema.org\",\"@graph\":[{\"@type\":\"WebPage\",\"@id\":\"https:\/\/www.bbsabogados.com\/en\/home\/la-firma\/\",\"url\":\"https:\/\/www.bbsabogados.com\/en\/home\/la-firma\/\",\"name\":\"Lawyers specializing in Banking and Financial Law\",\"isPartOf\":{\"@id\":\"https:\/\/www.bbsabogados.com\/en\/#website\"},\"primaryImageOfPage\":{\"@id\":\"https:\/\/www.bbsabogados.com\/en\/home\/la-firma\/#primaryimage\"},\"image\":{\"@id\":\"https:\/\/www.bbsabogados.com\/en\/home\/la-firma\/#primaryimage\"},\"thumbnailUrl\":\"https:\/\/www.bbsabogados.com\/wp-content\/uploads\/2020\/05\/firma-bbs-abogados-arcadi-sala.jpg\",\"datePublished\":\"2021-11-08T18:33:56+00:00\",\"dateModified\":\"2026-03-09T22:06:09+00:00\",\"description\":\"BBS Abogados is a multidisciplinary law firm specializing in Banking and Financial Law, with more than 20 years of experience.\",\"breadcrumb\":{\"@id\":\"https:\/\/www.bbsabogados.com\/en\/home\/la-firma\/#breadcrumb\"},\"inLanguage\":\"en-US\",\"potentialAction\":[{\"@type\":\"ReadAction\",\"target\":[\"https:\/\/www.bbsabogados.com\/en\/home\/la-firma\/\"]}]},{\"@type\":\"ImageObject\",\"inLanguage\":\"en-US\",\"@id\":\"https:\/\/www.bbsabogados.com\/en\/home\/la-firma\/#primaryimage\",\"url\":\"https:\/\/www.bbsabogados.com\/wp-content\/uploads\/2020\/05\/firma-bbs-abogados-arcadi-sala.jpg\",\"contentUrl\":\"https:\/\/www.bbsabogados.com\/wp-content\/uploads\/2020\/05\/firma-bbs-abogados-arcadi-sala.jpg\",\"width\":410,\"height\":710,\"caption\":\"Abogado Arcadi Sala-Planell\"},{\"@type\":\"BreadcrumbList\",\"@id\":\"https:\/\/www.bbsabogados.com\/en\/home\/la-firma\/#breadcrumb\",\"itemListElement\":[{\"@type\":\"ListItem\",\"position\":1,\"name\":\"Inicio\",\"item\":\"https:\/\/www.bbsabogados.com\/en\/\"},{\"@type\":\"ListItem\",\"position\":2,\"name\":\"Home\",\"item\":\"https:\/\/www.bbsabogados.com\/en\/\"},{\"@type\":\"ListItem\",\"position\":3,\"name\":\"Lawyers specializing in Banking and Financial Law\"}]},{\"@type\":\"WebSite\",\"@id\":\"https:\/\/www.bbsabogados.com\/en\/#website\",\"url\":\"https:\/\/www.bbsabogados.com\/en\/\",\"name\":\"BBS Abogados\",\"description\":\"Expertos en Derecho Bancario y Financiero\",\"publisher\":{\"@id\":\"https:\/\/www.bbsabogados.com\/en\/#organization\"},\"potentialAction\":[{\"@type\":\"SearchAction\",\"target\":{\"@type\":\"EntryPoint\",\"urlTemplate\":\"https:\/\/www.bbsabogados.com\/en\/?s={search_term_string}\"},\"query-input\":{\"@type\":\"PropertyValueSpecification\",\"valueRequired\":true,\"valueName\":\"search_term_string\"}}],\"inLanguage\":\"en-US\"},{\"@type\":\"Organization\",\"@id\":\"https:\/\/www.bbsabogados.com\/en\/#organization\",\"name\":\"BBS Abogados\",\"url\":\"https:\/\/www.bbsabogados.com\/en\/\",\"logo\":{\"@type\":\"ImageObject\",\"inLanguage\":\"en-US\",\"@id\":\"https:\/\/www.bbsabogados.com\/en\/#\/schema\/logo\/image\/\",\"url\":\"https:\/\/www.bbsabogados.com\/wp-content\/uploads\/2020\/02\/LOGO_Abogados_BBS.png\",\"contentUrl\":\"https:\/\/www.bbsabogados.com\/wp-content\/uploads\/2020\/02\/LOGO_Abogados_BBS.png\",\"width\":130,\"height\":83,\"caption\":\"BBS Abogados\"},\"image\":{\"@id\":\"https:\/\/www.bbsabogados.com\/en\/#\/schema\/logo\/image\/\"},\"sameAs\":[\"https:\/\/www.linkedin.com\/in\/arcadi-sala-planell-bbs-abogados-29a37516\/\",\"https:\/\/x.com\/bbsabogados\",\"https:\/\/www.facebook.com\/pages\/BBS-Abogados-y-Asesores-Financieros\/161040880606162\",\"https:\/\/www.instagram.com\/bbsabogados\/\"]}]}<\/script>\n<!-- \/ Yoast SEO plugin. -->","yoast_head_json":{"title":"Lawyers specializing in Banking and Financial Law","description":"BBS Abogados is a multidisciplinary law firm specializing in Banking and Financial Law, with more than 20 years of experience.","robots":{"index":"index","follow":"follow","max-snippet":"max-snippet:-1","max-image-preview":"max-image-preview:large","max-video-preview":"max-video-preview:-1"},"canonical":"https:\/\/www.bbsabogados.com\/en\/home\/la-firma\/","og_locale":"en_US","og_type":"article","og_title":"Lawyers specializing in Banking and Financial Law","og_description":"BBS Abogados is a multidisciplinary law firm specializing in Banking and Financial Law, with more than 20 years of experience.","og_url":"https:\/\/www.bbsabogados.com\/en\/home\/la-firma\/","og_site_name":"Despacho BBS Abogados","article_publisher":"https:\/\/www.linkedin.com\/in\/arcadi-sala-planell-bbs-abogados-29a37516\/","article_modified_time":"2026-03-09T22:06:09+00:00","og_image":[{"width":410,"height":710,"url":"https:\/\/www.bbsabogados.com\/wp-content\/uploads\/2020\/05\/firma-bbs-abogados-arcadi-sala.jpg","type":"image\/jpeg"}],"twitter_card":"summary_large_image","twitter_site":"@bbsabogados","twitter_misc":{"Est. reading time":"2 minutes"},"schema":{"@context":"https:\/\/schema.org","@graph":[{"@type":"WebPage","@id":"https:\/\/www.bbsabogados.com\/en\/home\/la-firma\/","url":"https:\/\/www.bbsabogados.com\/en\/home\/la-firma\/","name":"Lawyers specializing in Banking and Financial Law","isPartOf":{"@id":"https:\/\/www.bbsabogados.com\/en\/#website"},"primaryImageOfPage":{"@id":"https:\/\/www.bbsabogados.com\/en\/home\/la-firma\/#primaryimage"},"image":{"@id":"https:\/\/www.bbsabogados.com\/en\/home\/la-firma\/#primaryimage"},"thumbnailUrl":"https:\/\/www.bbsabogados.com\/wp-content\/uploads\/2020\/05\/firma-bbs-abogados-arcadi-sala.jpg","datePublished":"2021-11-08T18:33:56+00:00","dateModified":"2026-03-09T22:06:09+00:00","description":"BBS Abogados is a multidisciplinary law firm specializing in Banking and Financial Law, with more than 20 years of experience.","breadcrumb":{"@id":"https:\/\/www.bbsabogados.com\/en\/home\/la-firma\/#breadcrumb"},"inLanguage":"en-US","potentialAction":[{"@type":"ReadAction","target":["https:\/\/www.bbsabogados.com\/en\/home\/la-firma\/"]}]},{"@type":"ImageObject","inLanguage":"en-US","@id":"https:\/\/www.bbsabogados.com\/en\/home\/la-firma\/#primaryimage","url":"https:\/\/www.bbsabogados.com\/wp-content\/uploads\/2020\/05\/firma-bbs-abogados-arcadi-sala.jpg","contentUrl":"https:\/\/www.bbsabogados.com\/wp-content\/uploads\/2020\/05\/firma-bbs-abogados-arcadi-sala.jpg","width":410,"height":710,"caption":"Abogado Arcadi Sala-Planell"},{"@type":"BreadcrumbList","@id":"https:\/\/www.bbsabogados.com\/en\/home\/la-firma\/#breadcrumb","itemListElement":[{"@type":"ListItem","position":1,"name":"Inicio","item":"https:\/\/www.bbsabogados.com\/en\/"},{"@type":"ListItem","position":2,"name":"Home","item":"https:\/\/www.bbsabogados.com\/en\/"},{"@type":"ListItem","position":3,"name":"Lawyers specializing in Banking and Financial Law"}]},{"@type":"WebSite","@id":"https:\/\/www.bbsabogados.com\/en\/#website","url":"https:\/\/www.bbsabogados.com\/en\/","name":"BBS Abogados","description":"Expertos en Derecho Bancario y Financiero","publisher":{"@id":"https:\/\/www.bbsabogados.com\/en\/#organization"},"potentialAction":[{"@type":"SearchAction","target":{"@type":"EntryPoint","urlTemplate":"https:\/\/www.bbsabogados.com\/en\/?s={search_term_string}"},"query-input":{"@type":"PropertyValueSpecification","valueRequired":true,"valueName":"search_term_string"}}],"inLanguage":"en-US"},{"@type":"Organization","@id":"https:\/\/www.bbsabogados.com\/en\/#organization","name":"BBS Abogados","url":"https:\/\/www.bbsabogados.com\/en\/","logo":{"@type":"ImageObject","inLanguage":"en-US","@id":"https:\/\/www.bbsabogados.com\/en\/#\/schema\/logo\/image\/","url":"https:\/\/www.bbsabogados.com\/wp-content\/uploads\/2020\/02\/LOGO_Abogados_BBS.png","contentUrl":"https:\/\/www.bbsabogados.com\/wp-content\/uploads\/2020\/02\/LOGO_Abogados_BBS.png","width":130,"height":83,"caption":"BBS Abogados"},"image":{"@id":"https:\/\/www.bbsabogados.com\/en\/#\/schema\/logo\/image\/"},"sameAs":["https:\/\/www.linkedin.com\/in\/arcadi-sala-planell-bbs-abogados-29a37516\/","https:\/\/x.com\/bbsabogados","https:\/\/www.facebook.com\/pages\/BBS-Abogados-y-Asesores-Financieros\/161040880606162","https:\/\/www.instagram.com\/bbsabogados\/"]}]}},"_links":{"self":[{"href":"https:\/\/www.bbsabogados.com\/en\/wp-json\/wp\/v2\/pages\/5926","targetHints":{"allow":["GET"]}}],"collection":[{"href":"https:\/\/www.bbsabogados.com\/en\/wp-json\/wp\/v2\/pages"}],"about":[{"href":"https:\/\/www.bbsabogados.com\/en\/wp-json\/wp\/v2\/types\/page"}],"author":[{"embeddable":true,"href":"https:\/\/www.bbsabogados.com\/en\/wp-json\/wp\/v2\/users\/1"}],"replies":[{"embeddable":true,"href":"https:\/\/www.bbsabogados.com\/en\/wp-json\/wp\/v2\/comments?post=5926"}],"version-history":[{"count":5,"href":"https:\/\/www.bbsabogados.com\/en\/wp-json\/wp\/v2\/pages\/5926\/revisions"}],"predecessor-version":[{"id":15344,"href":"https:\/\/www.bbsabogados.com\/en\/wp-json\/wp\/v2\/pages\/5926\/revisions\/15344"}],"up":[{"embeddable":true,"href":"https:\/\/www.bbsabogados.com\/en\/wp-json\/wp\/v2\/pages\/5979"}],"wp:featuredmedia":[{"embeddable":true,"href":"https:\/\/www.bbsabogados.com\/en\/wp-json\/wp\/v2\/media\/680"}],"wp:attachment":[{"href":"https:\/\/www.bbsabogados.com\/en\/wp-json\/wp\/v2\/media?parent=5926"}],"curies":[{"name":"wp","href":"https:\/\/api.w.org\/{rel}","templated":true}]}}